{"id":36173,"date":"2025-02-27T16:05:23","date_gmt":"2025-02-27T16:05:23","guid":{"rendered":"https:\/\/pakruojoparketas.com\/floor-production\/"},"modified":"2025-12-16T16:08:38","modified_gmt":"2025-12-16T16:08:38","slug":"floor-production","status":"publish","type":"page","link":"https:\/\/pakruojoparketas.com\/en\/floor-production\/","title":{"rendered":"Floor production"},"content":{"rendered":"\t\t<div data-elementor-type=\"wp-page\" data-elementor-id=\"36173\" class=\"elementor elementor-36173 elementor-35320\">\n\t\t\t\t<div class=\"elementor-element elementor-element-f0cbd5e e-flex e-con-boxed sc_layouts_column_icons_position_left e-con e-parent\" data-id=\"f0cbd5e\" data-element_type=\"container\" data-e-type=\"container\">\n\t\t\t\t\t<div class=\"e-con-inner\">\n\t\t<div class=\"elementor-element elementor-element-c465fea e-con-full e-flex sc_layouts_column_icons_position_left e-con e-child\" data-id=\"c465fea\" data-element_type=\"container\" data-e-type=\"container\" data-settings=\"{&quot;background_background&quot;:&quot;classic&quot;}\">\n\t\t\t\t<div class=\"sidebar widget_area elementor-element elementor-element-cfaa807 sc_fly_static elementor-widget elementor-widget-sidebar\" data-id=\"cfaa807\" data-element_type=\"widget\" data-e-type=\"widget\" data-widget_type=\"sidebar.default\">\n\t\t\t\t<div class=\"elementor-widget-container\">\n\t\t\t\t\t<aside class=\"widget widget_text\"><h5 class=\"widget_title\">Contact us<\/h5>\t\t\t<div class=\"textwidget\">\n<div class=\"wpcf7 no-js\" id=\"wpcf7-f36235-o1\" lang=\"en-US\" dir=\"ltr\" data-wpcf7-id=\"36235\">\n<div class=\"screen-reader-response\"><p role=\"status\" aria-live=\"polite\" aria-atomic=\"true\"><\/p> <ul><\/ul><\/div>\n<form action=\"\/en\/wp-json\/wp\/v2\/pages\/36173#wpcf7-f36235-o1\" method=\"post\" class=\"wpcf7-form init\" aria-label=\"Contact form\" novalidate=\"novalidate\" data-status=\"init\">\n<div style=\"display: none;\">\n<input type=\"hidden\" name=\"_wpcf7\" value=\"36235\" \/>\n<input type=\"hidden\" name=\"_wpcf7_version\" value=\"6.0.6\" \/>\n<input type=\"hidden\" name=\"_wpcf7_locale\" value=\"en_US\" \/>\n<input type=\"hidden\" name=\"_wpcf7_unit_tag\" value=\"wpcf7-f36235-o1\" \/>\n<input type=\"hidden\" name=\"_wpcf7_container_post\" value=\"0\" \/>\n<input type=\"hidden\" name=\"_wpcf7_posted_data_hash\" value=\"\" \/>\n<input type=\"hidden\" name=\"_wpcf7_recaptcha_response\" value=\"\" \/>\n<\/div>\n<div class=\"form-style-8\">\n\t<div class=\"columns_wrap\">\n\t\t<div class=\"column-1_1\">\n\t\t\t<p><span class=\"style-line\"><span class=\"wpcf7-form-control-wrap\" data-name=\"your-name\"><input size=\"40\" maxlength=\"400\" class=\"wpcf7-form-control wpcf7-text wpcf7-validates-as-required\" aria-required=\"true\" aria-invalid=\"false\" placeholder=\"Name\" value=\"\" type=\"text\" name=\"your-name\" \/><\/span><\/span>\n\t\t\t<\/p>\n\t\t<\/div>\n\t<\/div>\n\t<div class=\"columns_wrap\">\n\t\t<div class=\"column-1_1\">\n\t\t\t<p><span class=\"style-line\"><span class=\"wpcf7-form-control-wrap\" data-name=\"your-email\"><input size=\"40\" maxlength=\"400\" class=\"wpcf7-form-control wpcf7-email wpcf7-validates-as-required wpcf7-text wpcf7-validates-as-email\" aria-required=\"true\" aria-invalid=\"false\" placeholder=\"E.mail\" value=\"\" type=\"email\" name=\"your-email\" \/><\/span><\/span>\n\t\t\t<\/p>\n\t\t<\/div>\n\t<\/div>\n\t<div class=\"columns_wrap margin-bottom\">\n\t\t<div class=\"column-1_1\">\n\t\t\t<p><span class=\"style-line\"><span class=\"wpcf7-form-control-wrap\" data-name=\"your-message\"><textarea cols=\"40\" rows=\"10\" maxlength=\"2000\" class=\"wpcf7-form-control wpcf7-textarea wpcf7-validates-as-required\" aria-required=\"true\" aria-invalid=\"false\" placeholder=\"Message\" name=\"your-message\"><\/textarea><\/span><\/span>\n\t\t\t<\/p>\n\t\t<\/div>\n\t<\/div>\n<span class=\"wpcf7-form-control-wrap recaptcha\" data-name=\"recaptcha\"><span data-sitekey=\"6LeFIOgqAAAAAF_C5MLK0XQXcKwPwNN3ikfUh_Hl\" class=\"wpcf7-form-control wpcf7-recaptcha g-recaptcha\"><\/span>\r\n<noscript>\r\n\t<div class=\"grecaptcha-noscript\">\r\n\t\t<iframe src=\"https:\/\/www.google.com\/recaptcha\/api\/fallback?k=6LeFIOgqAAAAAF_C5MLK0XQXcKwPwNN3ikfUh_Hl\" frameborder=\"0\" scrolling=\"no\">\r\n\t\t<\/iframe>\r\n\t\t<textarea name=\"g-recaptcha-response\" rows=\"3\" cols=\"40\" placeholder=\"reCaptcha Response Here\">\r\n\t\t<\/textarea>\r\n\t<\/div>\r\n<\/noscript>\r\n<\/span>\n\t<p><input class=\"wpcf7-form-control wpcf7-submit has-spinner\" type=\"submit\" value=\"Submit\" \/>\n\t<\/p>\n<\/div><div class=\"wpcf7-response-output\" aria-hidden=\"true\"><\/div>\n<\/form>\n<\/div>\n\n<\/div>\n\t\t<\/aside><aside class=\"widget widget_contacts\"><h5 class=\"widget_title\">Contact information<\/h5><div class=\"contacts_wrap\"><div class=\"contacts_info\"><span class=\"contacts_address\">Stoties g. 21, Petra\u0161i\u016bn\u0173 k. LT-83477 Pakruojo r.<\/span><span class=\"contacts_email\"><a href=\"mailto:&#105;n&#102;&#111;&#64;&#112;a&#107;r&#117;ojo&#112;a&#114;&#107;etas&#46;&#108;&#116;\">&#105;n&#102;o&#64;&#112;&#97;&#107;&#114;&#117;o&#106;&#111;&#112;&#97;&#114;&#107;e&#116;&#97;&#115;.&#108;t<\/a><\/span><a href=\"tel:+37068783868\" class=\"contacts_phone\">+37068783868<\/a><\/div><\/div><\/aside>\t\t\t\t<\/div>\n\t\t\t\t<\/div>\n\t\t\t\t<\/div>\n\t\t<div class=\"elementor-element elementor-element-4aaf395 e-con-full e-flex sc_layouts_column_icons_position_left e-con e-child\" data-id=\"4aaf395\" data-element_type=\"container\" data-e-type=\"container\">\n\t\t\t\t<div class=\"elementor-element elementor-element-046bb50 sc_fly_static elementor-widget elementor-widget-image\" data-id=\"046bb50\" data-element_type=\"widget\" data-e-type=\"widget\" data-widget_type=\"image.default\">\n\t\t\t\t<div class=\"elementor-widget-container\">\n\t\t\t\t\t\t\t\t\t\t\t\t\t\t\t<img fetchpriority=\"high\" decoding=\"async\" width=\"2560\" height=\"1707\" src=\"https:\/\/pakruojoparketas.com\/wp-content\/uploads\/2025\/02\/chuttersnap-t33SZJ_ZboQ-unsplash-scaled.jpg\" class=\"attachment-full size-full wp-image-36144\" alt=\"background-image grindys 2\" srcset=\"https:\/\/pakruojoparketas.com\/wp-content\/uploads\/2025\/02\/chuttersnap-t33SZJ_ZboQ-unsplash-scaled.jpg 2560w, https:\/\/pakruojoparketas.com\/wp-content\/uploads\/2025\/02\/chuttersnap-t33SZJ_ZboQ-unsplash-300x200.jpg 300w, https:\/\/pakruojoparketas.com\/wp-content\/uploads\/2025\/02\/chuttersnap-t33SZJ_ZboQ-unsplash-1024x683.jpg 1024w, https:\/\/pakruojoparketas.com\/wp-content\/uploads\/2025\/02\/chuttersnap-t33SZJ_ZboQ-unsplash-768x512.jpg 768w, https:\/\/pakruojoparketas.com\/wp-content\/uploads\/2025\/02\/chuttersnap-t33SZJ_ZboQ-unsplash-1536x1024.jpg 1536w, https:\/\/pakruojoparketas.com\/wp-content\/uploads\/2025\/02\/chuttersnap-t33SZJ_ZboQ-unsplash-2048x1365.jpg 2048w, https:\/\/pakruojoparketas.com\/wp-content\/uploads\/2025\/02\/chuttersnap-t33SZJ_ZboQ-unsplash-370x247.jpg 370w, https:\/\/pakruojoparketas.com\/wp-content\/uploads\/2025\/02\/chuttersnap-t33SZJ_ZboQ-unsplash-840x560.jpg 840w, https:\/\/pakruojoparketas.com\/wp-content\/uploads\/2025\/02\/chuttersnap-t33SZJ_ZboQ-unsplash-410x273.jpg 410w, https:\/\/pakruojoparketas.com\/wp-content\/uploads\/2025\/02\/chuttersnap-t33SZJ_ZboQ-unsplash-600x400.jpg 600w\" sizes=\"(max-width: 2560px) 100vw, 2560px\" \/>\t\t\t\t\t\t\t\t\t\t\t\t\t\t\t<\/div>\n\t\t\t\t<\/div>\n\t\t\t\t<div class=\"elementor-element elementor-element-1ffc6a5 sc_fly_static elementor-widget elementor-widget-text-editor\" data-id=\"1ffc6a5\" data-element_type=\"widget\" data-e-type=\"widget\" data-widget_type=\"text-editor.default\">\n\t\t\t\t<div class=\"elementor-widget-container\">\n\t\t\t\t\t\t\t\t\t<p>We manufacture high-quality solid oak and ash wood flooring to custom specifications. We use proven technologies that ensure long-lasting durability, refined aesthetics, and the natural beauty of real wood.<\/p>\n\t\t\t\t\t\t\t\t<\/div>\n\t\t\t\t<\/div>\n\t\t\t\t<div class=\"elementor-element elementor-element-736c3e3 sc_fly_static elementor-widget elementor-widget-heading\" data-id=\"736c3e3\" data-element_type=\"widget\" data-e-type=\"widget\" data-widget_type=\"heading.default\">\n\t\t\t\t<div class=\"elementor-widget-container\">\n\t\t\t\t\t<h2 class=\"elementor-heading-title elementor-size-default\">Oak and Ash Solid Wood Flooring Manufacturing<\/h2>\t\t\t\t<\/div>\n\t\t\t\t<\/div>\n\t\t\t\t<div class=\"elementor-element elementor-element-e97c9e6 sc_fly_static elementor-widget elementor-widget-text-editor\" data-id=\"e97c9e6\" data-element_type=\"widget\" data-e-type=\"widget\" data-widget_type=\"text-editor.default\">\n\t\t\t\t<div class=\"elementor-widget-container\">\n\t\t\t\t\t\t\t\t\t<p>Our products are solid oak or solid ash floors. Unlike other types of flooring, solid oak or solid ash can be sanded and re-varnished or oiled several times, thus extending its life even further. This durability and longevity make solid oak flooring a practical and economical choice for any home. We produce parquet, floorboards and mosaic parquet.<\/p>\n\t\t\t\t\t\t\t\t<\/div>\n\t\t\t\t<\/div>\n\t\t\t\t<div class=\"elementor-element elementor-element-ab8c24b sc_fly_static elementor-widget elementor-widget-heading\" data-id=\"ab8c24b\" data-element_type=\"widget\" data-e-type=\"widget\" data-widget_type=\"heading.default\">\n\t\t\t\t<div class=\"elementor-widget-container\">\n\t\t\t\t\t<h2 class=\"elementor-heading-title elementor-size-default\">Why Choose Solid Wood Flooring<\/h2>\t\t\t\t<\/div>\n\t\t\t\t<\/div>\n\t\t\t\t<div class=\"elementor-element elementor-element-2a34aeb sc_fly_static elementor-widget elementor-widget-text-editor\" data-id=\"2a34aeb\" data-element_type=\"widget\" data-e-type=\"widget\" data-widget_type=\"text-editor.default\">\n\t\t\t\t<div class=\"elementor-widget-container\">\n\t\t\t\t\t\t\t\t\t<p data-start=\"0\" data-end=\"293\">Solid wood flooring is a natural, time-tested choice for those who value quality and long-lasting performance. Unlike engineered or synthetic floor coverings, solid wood floors are made from a single piece of timber, providing exceptional strength, stability, and authentic natural aesthetics.<\/p>\n<p><\/p>\n<p data-start=\"295\" data-end=\"600\">The key advantage of solid wood flooring is its renewability. Through sanding and repeated oiling or lacquering, the floors can last for decades while maintaining their original appearance. This makes solid wood flooring not only a practical solution but also a cost-effective investment in the long term.<\/p>\n<p><\/p>\n<p data-start=\"602\" data-end=\"873\" data-is-last-node=\"\" data-is-only-node=\"\">Natural wood floors bring warmth, comfort, and character to any interior. Solid oak or ash flooring blends perfectly with both classic and modern design styles. In addition, solid wood flooring is an eco-friendly choice that contributes to a healthier living environment.<\/p>\n\t\t\t\t\t\t\t\t<\/div>\n\t\t\t\t<\/div>\n\t\t\t\t<div class=\"elementor-element elementor-element-86b8fa1 sc_fly_static elementor-widget elementor-widget-heading\" data-id=\"86b8fa1\" data-element_type=\"widget\" data-e-type=\"widget\" data-widget_type=\"heading.default\">\n\t\t\t\t<div class=\"elementor-widget-container\">\n\t\t\t\t\t<h2 class=\"elementor-heading-title elementor-size-default\">What Flooring Products Do We Manufacture<\/h2>\t\t\t\t<\/div>\n\t\t\t\t<\/div>\n\t\t\t\t<div class=\"elementor-element elementor-element-8fcfcbf sc_fly_static elementor-widget elementor-widget-text-editor\" data-id=\"8fcfcbf\" data-element_type=\"widget\" data-e-type=\"widget\" data-widget_type=\"text-editor.default\">\n\t\t\t\t<div class=\"elementor-widget-container\">\n\t\t\t\t\t\t\t\t\t<ul>\n<li data-start=\"0\" data-end=\"18\">Parquet Flooring<\/li>\n<li data-start=\"20\" data-end=\"44\">Solid Wood Floorboards<\/li>\n<li data-start=\"46\" data-end=\"60\">Mosaic Parquet<\/li>\n<\/ul>\n\t\t\t\t\t\t\t\t<\/div>\n\t\t\t\t<\/div>\n\t\t\t\t<\/div>\n\t\t\t\t\t<\/div>\n\t\t\t\t<\/div>\n\t\t\t\t<\/div>\n\t\t","protected":false},"excerpt":{"rendered":"<p>We manufacture high-quality solid oak and ash wood flooring to custom specifications. We use proven technologies that ensure long-lasting durability, refined aesthetics, and the natural beauty of real wood. Oak&hellip;<\/p>\n","protected":false},"author":2,"featured_media":36137,"parent":0,"menu_order":0,"comment_status":"closed","ping_status":"closed","template":"","meta":{"inline_featured_image":false,"footnotes":""},"class_list":["post-36173","page","type-page","status-publish","has-post-thumbnail","hentry"],"yoast_head":"<!-- This site is optimized with the Yoast SEO plugin v27.4 - https:\/\/yoast.com\/product\/yoast-seo-wordpress\/ -->\n<title>Floor production - Pakruojo parketas<\/title>\n<meta name=\"description\" content=\"Custom manufacturing of solid oak and ash wood flooring. Durable, natural, and high-quality floors for your home.\" \/>\n<meta name=\"robots\" content=\"index, follow, max-snippet:-1, max-image-preview:large, max-video-preview:-1\" \/>\n<link rel=\"canonical\" href=\"https:\/\/pakruojoparketas.com\/grindu-gamyba\/\" \/>\n<meta property=\"og:locale\" content=\"en_US\" \/>\n<meta property=\"og:type\" content=\"article\" \/>\n<meta property=\"og:title\" content=\"Floor production - Pakruojo parketas\" \/>\n<meta property=\"og:description\" content=\"Custom manufacturing of solid oak and ash wood flooring. Durable, natural, and high-quality floors for your home.\" \/>\n<meta property=\"og:url\" content=\"https:\/\/pakruojoparketas.com\/grindu-gamyba\/\" \/>\n<meta property=\"og:site_name\" content=\"Pakruojo parketas\" \/>\n<meta property=\"article:modified_time\" content=\"2025-12-16T16:08:38+00:00\" \/>\n<meta property=\"og:image\" content=\"https:\/\/pakruojoparketas.com\/wp-content\/uploads\/2025\/02\/pexels-digitalbuggu-218535-scaled.jpg\" \/>\n\t<meta property=\"og:image:width\" content=\"2560\" \/>\n\t<meta property=\"og:image:height\" content=\"1440\" \/>\n\t<meta property=\"og:image:type\" content=\"image\/jpeg\" \/>\n<meta name=\"twitter:card\" content=\"summary_large_image\" \/>\n<meta name=\"twitter:label1\" content=\"Est. reading time\" \/>\n\t<meta name=\"twitter:data1\" content=\"1 minute\" \/>\n<script type=\"application\/ld+json\" class=\"yoast-schema-graph\">{\"@context\":\"https:\\\/\\\/schema.org\",\"@graph\":[{\"@type\":\"WebPage\",\"@id\":\"https:\\\/\\\/pakruojoparketas.com\\\/grindu-gamyba\\\/\",\"url\":\"https:\\\/\\\/pakruojoparketas.com\\\/grindu-gamyba\\\/\",\"name\":\"Floor production - Pakruojo parketas\",\"isPartOf\":{\"@id\":\"https:\\\/\\\/pakruojoparketas.com\\\/#website\"},\"primaryImageOfPage\":{\"@id\":\"https:\\\/\\\/pakruojoparketas.com\\\/grindu-gamyba\\\/#primaryimage\"},\"image\":{\"@id\":\"https:\\\/\\\/pakruojoparketas.com\\\/grindu-gamyba\\\/#primaryimage\"},\"thumbnailUrl\":\"https:\\\/\\\/pakruojoparketas.com\\\/wp-content\\\/uploads\\\/2025\\\/02\\\/pexels-digitalbuggu-218535-scaled.jpg\",\"datePublished\":\"2025-02-27T16:05:23+00:00\",\"dateModified\":\"2025-12-16T16:08:38+00:00\",\"description\":\"Custom manufacturing of solid oak and ash wood flooring. Durable, natural, and high-quality floors for your home.\",\"breadcrumb\":{\"@id\":\"https:\\\/\\\/pakruojoparketas.com\\\/grindu-gamyba\\\/#breadcrumb\"},\"inLanguage\":\"en-US\",\"potentialAction\":[{\"@type\":\"ReadAction\",\"target\":[\"https:\\\/\\\/pakruojoparketas.com\\\/grindu-gamyba\\\/\"]}]},{\"@type\":\"ImageObject\",\"inLanguage\":\"en-US\",\"@id\":\"https:\\\/\\\/pakruojoparketas.com\\\/grindu-gamyba\\\/#primaryimage\",\"url\":\"https:\\\/\\\/pakruojoparketas.com\\\/wp-content\\\/uploads\\\/2025\\\/02\\\/pexels-digitalbuggu-218535-scaled.jpg\",\"contentUrl\":\"https:\\\/\\\/pakruojoparketas.com\\\/wp-content\\\/uploads\\\/2025\\\/02\\\/pexels-digitalbuggu-218535-scaled.jpg\",\"width\":2560,\"height\":1440},{\"@type\":\"BreadcrumbList\",\"@id\":\"https:\\\/\\\/pakruojoparketas.com\\\/grindu-gamyba\\\/#breadcrumb\",\"itemListElement\":[{\"@type\":\"ListItem\",\"position\":1,\"name\":\"Home\",\"item\":\"https:\\\/\\\/pakruojoparketas.com\\\/en\\\/\"},{\"@type\":\"ListItem\",\"position\":2,\"name\":\"Floor production\"}]},{\"@type\":\"WebSite\",\"@id\":\"https:\\\/\\\/pakruojoparketas.com\\\/#website\",\"url\":\"https:\\\/\\\/pakruojoparketas.com\\\/\",\"name\":\"Pakruojo parketas\",\"description\":\"\",\"publisher\":{\"@id\":\"https:\\\/\\\/pakruojoparketas.com\\\/#organization\"},\"potentialAction\":[{\"@type\":\"SearchAction\",\"target\":{\"@type\":\"EntryPoint\",\"urlTemplate\":\"https:\\\/\\\/pakruojoparketas.com\\\/?s={search_term_string}\"},\"query-input\":{\"@type\":\"PropertyValueSpecification\",\"valueRequired\":true,\"valueName\":\"search_term_string\"}}],\"inLanguage\":\"en-US\"},{\"@type\":\"Organization\",\"@id\":\"https:\\\/\\\/pakruojoparketas.com\\\/#organization\",\"name\":\"Pakruojo parketas\",\"url\":\"https:\\\/\\\/pakruojoparketas.com\\\/\",\"logo\":{\"@type\":\"ImageObject\",\"inLanguage\":\"en-US\",\"@id\":\"https:\\\/\\\/pakruojoparketas.com\\\/#\\\/schema\\\/logo\\\/image\\\/\",\"url\":\"https:\\\/\\\/pakruojoparketas.com\\\/wp-content\\\/uploads\\\/2025\\\/02\\\/pixelcut-export-1.svg\",\"contentUrl\":\"https:\\\/\\\/pakruojoparketas.com\\\/wp-content\\\/uploads\\\/2025\\\/02\\\/pixelcut-export-1.svg\",\"width\":321,\"height\":284,\"caption\":\"Pakruojo parketas\"},\"image\":{\"@id\":\"https:\\\/\\\/pakruojoparketas.com\\\/#\\\/schema\\\/logo\\\/image\\\/\"}}]}<\/script>\n<!-- \/ Yoast SEO plugin. -->","yoast_head_json":{"title":"Floor production - Pakruojo parketas","description":"Custom manufacturing of solid oak and ash wood flooring. Durable, natural, and high-quality floors for your home.","robots":{"index":"index","follow":"follow","max-snippet":"max-snippet:-1","max-image-preview":"max-image-preview:large","max-video-preview":"max-video-preview:-1"},"canonical":"https:\/\/pakruojoparketas.com\/grindu-gamyba\/","og_locale":"en_US","og_type":"article","og_title":"Floor production - Pakruojo parketas","og_description":"Custom manufacturing of solid oak and ash wood flooring. Durable, natural, and high-quality floors for your home.","og_url":"https:\/\/pakruojoparketas.com\/grindu-gamyba\/","og_site_name":"Pakruojo parketas","article_modified_time":"2025-12-16T16:08:38+00:00","og_image":[{"width":2560,"height":1440,"url":"https:\/\/pakruojoparketas.com\/wp-content\/uploads\/2025\/02\/pexels-digitalbuggu-218535-scaled.jpg","type":"image\/jpeg"}],"twitter_card":"summary_large_image","twitter_misc":{"Est. reading time":"1 minute"},"schema":{"@context":"https:\/\/schema.org","@graph":[{"@type":"WebPage","@id":"https:\/\/pakruojoparketas.com\/grindu-gamyba\/","url":"https:\/\/pakruojoparketas.com\/grindu-gamyba\/","name":"Floor production - Pakruojo parketas","isPartOf":{"@id":"https:\/\/pakruojoparketas.com\/#website"},"primaryImageOfPage":{"@id":"https:\/\/pakruojoparketas.com\/grindu-gamyba\/#primaryimage"},"image":{"@id":"https:\/\/pakruojoparketas.com\/grindu-gamyba\/#primaryimage"},"thumbnailUrl":"https:\/\/pakruojoparketas.com\/wp-content\/uploads\/2025\/02\/pexels-digitalbuggu-218535-scaled.jpg","datePublished":"2025-02-27T16:05:23+00:00","dateModified":"2025-12-16T16:08:38+00:00","description":"Custom manufacturing of solid oak and ash wood flooring. Durable, natural, and high-quality floors for your home.","breadcrumb":{"@id":"https:\/\/pakruojoparketas.com\/grindu-gamyba\/#breadcrumb"},"inLanguage":"en-US","potentialAction":[{"@type":"ReadAction","target":["https:\/\/pakruojoparketas.com\/grindu-gamyba\/"]}]},{"@type":"ImageObject","inLanguage":"en-US","@id":"https:\/\/pakruojoparketas.com\/grindu-gamyba\/#primaryimage","url":"https:\/\/pakruojoparketas.com\/wp-content\/uploads\/2025\/02\/pexels-digitalbuggu-218535-scaled.jpg","contentUrl":"https:\/\/pakruojoparketas.com\/wp-content\/uploads\/2025\/02\/pexels-digitalbuggu-218535-scaled.jpg","width":2560,"height":1440},{"@type":"BreadcrumbList","@id":"https:\/\/pakruojoparketas.com\/grindu-gamyba\/#breadcrumb","itemListElement":[{"@type":"ListItem","position":1,"name":"Home","item":"https:\/\/pakruojoparketas.com\/en\/"},{"@type":"ListItem","position":2,"name":"Floor production"}]},{"@type":"WebSite","@id":"https:\/\/pakruojoparketas.com\/#website","url":"https:\/\/pakruojoparketas.com\/","name":"Pakruojo parketas","description":"","publisher":{"@id":"https:\/\/pakruojoparketas.com\/#organization"},"potentialAction":[{"@type":"SearchAction","target":{"@type":"EntryPoint","urlTemplate":"https:\/\/pakruojoparketas.com\/?s={search_term_string}"},"query-input":{"@type":"PropertyValueSpecification","valueRequired":true,"valueName":"search_term_string"}}],"inLanguage":"en-US"},{"@type":"Organization","@id":"https:\/\/pakruojoparketas.com\/#organization","name":"Pakruojo parketas","url":"https:\/\/pakruojoparketas.com\/","logo":{"@type":"ImageObject","inLanguage":"en-US","@id":"https:\/\/pakruojoparketas.com\/#\/schema\/logo\/image\/","url":"https:\/\/pakruojoparketas.com\/wp-content\/uploads\/2025\/02\/pixelcut-export-1.svg","contentUrl":"https:\/\/pakruojoparketas.com\/wp-content\/uploads\/2025\/02\/pixelcut-export-1.svg","width":321,"height":284,"caption":"Pakruojo parketas"},"image":{"@id":"https:\/\/pakruojoparketas.com\/#\/schema\/logo\/image\/"}}]}},"_links":{"self":[{"href":"https:\/\/pakruojoparketas.com\/en\/wp-json\/wp\/v2\/pages\/36173","targetHints":{"allow":["GET"]}}],"collection":[{"href":"https:\/\/pakruojoparketas.com\/en\/wp-json\/wp\/v2\/pages"}],"about":[{"href":"https:\/\/pakruojoparketas.com\/en\/wp-json\/wp\/v2\/types\/page"}],"author":[{"embeddable":true,"href":"https:\/\/pakruojoparketas.com\/en\/wp-json\/wp\/v2\/users\/2"}],"replies":[{"embeddable":true,"href":"https:\/\/pakruojoparketas.com\/en\/wp-json\/wp\/v2\/comments?post=36173"}],"version-history":[{"count":2,"href":"https:\/\/pakruojoparketas.com\/en\/wp-json\/wp\/v2\/pages\/36173\/revisions"}],"predecessor-version":[{"id":36609,"href":"https:\/\/pakruojoparketas.com\/en\/wp-json\/wp\/v2\/pages\/36173\/revisions\/36609"}],"wp:featuredmedia":[{"embeddable":true,"href":"https:\/\/pakruojoparketas.com\/en\/wp-json\/wp\/v2\/media\/36137"}],"wp:attachment":[{"href":"https:\/\/pakruojoparketas.com\/en\/wp-json\/wp\/v2\/media?parent=36173"}],"curies":[{"name":"wp","href":"https:\/\/api.w.org\/{rel}","templated":true}]}}