{"id":36177,"date":"2023-03-07T11:12:41","date_gmt":"2023-03-07T11:12:41","guid":{"rendered":"https:\/\/pakruojoparketas.com\/contacts\/"},"modified":"2025-12-16T16:41:45","modified_gmt":"2025-12-16T16:41:45","slug":"contacts","status":"publish","type":"page","link":"https:\/\/pakruojoparketas.com\/en\/contacts\/","title":{"rendered":"Contacts"},"content":{"rendered":"\t\t<div data-elementor-type=\"wp-page\" data-elementor-id=\"36177\" class=\"elementor elementor-36177 elementor-1453\">\n\t\t\t\t\t\t<section class=\"elementor-section elementor-top-section elementor-element elementor-element-306f2c24 elementor-section-boxed elementor-section-height-default elementor-section-height-default sc_fly_static\" data-id=\"306f2c24\" data-element_type=\"section\">\n\t\t\t\t\t\t<div class=\"elementor-container elementor-column-gap-extended\">\n\t\t\t\t\t<div class=\"elementor-column elementor-col-100 elementor-top-column elementor-element elementor-element-367ee624 sc_content_align_inherit sc_layouts_column_icons_position_left sc_fly_static\" data-id=\"367ee624\" data-element_type=\"column\">\n\t\t\t<div class=\"elementor-widget-wrap elementor-element-populated\">\n\t\t\t\t\t\t<div class=\"elementor-element elementor-element-3ecd4bc8 sc_height_huge sc_fly_static elementor-widget elementor-widget-spacer\" data-id=\"3ecd4bc8\" data-element_type=\"widget\" data-widget_type=\"spacer.default\">\n\t\t\t\t<div class=\"elementor-widget-container\">\n\t\t\t\t\t\t\t<div class=\"elementor-spacer\">\n\t\t\t<div class=\"elementor-spacer-inner\"><\/div>\n\t\t<\/div>\n\t\t\t\t\t\t<\/div>\n\t\t\t\t<\/div>\n\t\t\t\t<section class=\"elementor-section elementor-inner-section elementor-element elementor-element-a444612 elementor-section-boxed elementor-section-height-default elementor-section-height-default sc_fly_static\" data-id=\"a444612\" data-element_type=\"section\">\n\t\t\t\t\t\t<div class=\"elementor-container elementor-column-gap-no\">\n\t\t\t\t\t<div class=\"elementor-column elementor-col-50 elementor-inner-column elementor-element elementor-element-2aa59636 sc_content_align_inherit sc_layouts_column_icons_position_left sc_fly_static\" data-id=\"2aa59636\" data-element_type=\"column\">\n\t\t\t<div class=\"elementor-widget-wrap elementor-element-populated\">\n\t\t\t\t\t\t<div class=\"elementor-element elementor-element-27bab5e8 sc_fly_static elementor-widget elementor-widget-trx_sc_title\" data-id=\"27bab5e8\" data-element_type=\"widget\" data-widget_type=\"trx_sc_title.default\">\n\t\t\t\t<div class=\"elementor-widget-container\">\n\t\t\t\t\t<div\t\tclass=\"sc_title sc_title_default\" ><span class=\"sc_item_subtitle sc_title_subtitle sc_item_subtitle_above sc_item_title_style_default\">Contacts<\/span><h1 class=\"sc_item_title sc_title_title sc_item_title_style_default sc_item_title_tag\"\n\t\t\t><span class=\"sc_item_title_text\">Contact us<\/span><\/h1><div class=\"sc_item_descr sc_title_descr\"><p>Questions or need more information? Contact us - we'll be happy to answer your queries and help you find the best solutions!<\/p>\n<\/div><\/div>\t\t\t\t<\/div>\n\t\t\t\t<\/div>\n\t\t\t\t\t<\/div>\n\t\t<\/div>\n\t\t\t\t<div class=\"elementor-column elementor-col-50 elementor-inner-column elementor-element elementor-element-4d2981a6 sc_content_align_inherit sc_layouts_column_icons_position_left sc_fly_static\" data-id=\"4d2981a6\" data-element_type=\"column\">\n\t\t\t<div class=\"elementor-widget-wrap elementor-element-populated\">\n\t\t\t\t\t\t<div class=\"elementor-element elementor-element-525271f7 sc_layouts_hide_on_tablet sc_layouts_hide_on_mobile sc_fly_static elementor-widget elementor-widget-spacer\" data-id=\"525271f7\" data-element_type=\"widget\" data-widget_type=\"spacer.default\">\n\t\t\t\t<div class=\"elementor-widget-container\">\n\t\t\t\t\t\t\t<div class=\"elementor-spacer\">\n\t\t\t<div class=\"elementor-spacer-inner\"><\/div>\n\t\t<\/div>\n\t\t\t\t\t\t<\/div>\n\t\t\t\t<\/div>\n\t\t\t\t<div class=\"elementor-element elementor-element-18516ba9 sc_layouts_hide_on_wide sc_layouts_hide_on_desktop sc_layouts_hide_on_notebook sc_fly_static elementor-widget elementor-widget-spacer\" data-id=\"18516ba9\" data-element_type=\"widget\" data-widget_type=\"spacer.default\">\n\t\t\t\t<div class=\"elementor-widget-container\">\n\t\t\t\t\t\t\t<div class=\"elementor-spacer\">\n\t\t\t<div class=\"elementor-spacer-inner\"><\/div>\n\t\t<\/div>\n\t\t\t\t\t\t<\/div>\n\t\t\t\t<\/div>\n\t\t\t\t<div class=\"elementor-element elementor-element-39368c24 sc_fly_static elementor-widget elementor-widget-trx_sc_icons\" data-id=\"39368c24\" data-element_type=\"widget\" data-widget_type=\"trx_sc_icons.default\">\n\t\t\t\t<div class=\"elementor-widget-container\">\n\t\t\t\t\t<div \tclass=\"sc_icons sc_icons_bordered sc_icons_size_small sc_align_none\" ><div class=\"sc_icons_columns_wrap sc_item_columns trx_addons_columns_wrap columns_padding_bottom columns_in_single_row\" ><div class=\"trx_addons_column-1_3 trx_addons_column-1_1-tablet\"><div class=\"sc_icons_item\"><div class=\"sc_icons_icon sc_icon_type_ icon-marker\" ><span class=\"sc_icon_type_ icon-marker\"><\/span><\/div><div class=\"sc_icons_item_details\"><h4 class=\"sc_icons_item_title\"><span>Address<\/span><\/h4><div class=\"sc_icons_item_description\"><span>Stoties g. 21, Petra\u0161i\u016bn\u0173 k.<br>LT-83477 Pakruojo r.<br><\/span><\/div><\/div><\/div><\/div><div class=\"trx_addons_column-1_3 trx_addons_column-1_1-tablet\"><div class=\"sc_icons_item sc_icons_item_linked with_more\"><div class=\"sc_icons_icon sc_icon_type_ icon-iphone\" ><span class=\"sc_icon_type_ icon-iphone\"><\/span><\/div><div class=\"sc_icons_item_details\"><h4 class=\"sc_icons_item_title\"><a href=\"\">\r\n                                    Contact information                                    <\/a><\/h4><div class=\"sc_icons_item_description\"><span>Head<br>\u017dydr\u016bnas Zeder\u0161tremas<br><br><a href=\"mailto:butai@pakruojoparketas.lt\">butai@pakruojoparketas.lt<\/a><\/span><\/div><a href=\"\" class=\"sc_icons_item_more_link\">\r\n                        <span class=\"link_text\">+37061400330<\/span><span class=\"link_icon\"><\/span>\r\n                        <\/a><a href=\"\"\r\n                        class=\"sc_icons_item_link\">\r\n                        <\/a><\/div><\/div><\/div><div class=\"trx_addons_column-1_3 trx_addons_column-1_1-tablet\"><div class=\"sc_icons_item sc_icons_item_linked with_more\"><div class=\"sc_icons_icon sc_icon_type_ icon-iphone\" ><span class=\"sc_icon_type_ icon-iphone\"><\/span><\/div><div class=\"sc_icons_item_details\"><h4 class=\"sc_icons_item_title\"><a href=\"\">\r\n                                    Commercial and Production Division                                    <\/a><\/h4><div class=\"sc_icons_item_description\"><span>Head of Commerce<br>Almantas \u017didonis<br><br><a href=\"mailto:info@pakruojoparketas.lt\">info@pakruojoparketas.lt<\/a><\/span><\/div><a href=\"\" class=\"sc_icons_item_more_link\">\r\n                        <span class=\"link_text\">+37068783868<\/span><span class=\"link_icon\"><\/span>\r\n                        <\/a><a href=\"\"\r\n                        class=\"sc_icons_item_link\">\r\n                        <\/a><\/div><\/div><\/div><\/div><\/div><!-- \/.sc_icons -->\t\t\t\t<\/div>\n\t\t\t\t<\/div>\n\t\t\t\t\t<\/div>\n\t\t<\/div>\n\t\t\t\t\t<\/div>\n\t\t<\/section>\n\t\t\t\t<div class=\"elementor-element elementor-element-40c36669 sc_height_huge sc_fly_static elementor-widget elementor-widget-spacer\" data-id=\"40c36669\" data-element_type=\"widget\" data-widget_type=\"spacer.default\">\n\t\t\t\t<div class=\"elementor-widget-container\">\n\t\t\t\t\t\t\t<div class=\"elementor-spacer\">\n\t\t\t<div class=\"elementor-spacer-inner\"><\/div>\n\t\t<\/div>\n\t\t\t\t\t\t<\/div>\n\t\t\t\t<\/div>\n\t\t\t\t\t<\/div>\n\t\t<\/div>\n\t\t\t\t\t<\/div>\n\t\t<\/section>\n\t\t\t\t<section class=\"elementor-section elementor-top-section elementor-element elementor-element-b35b84a elementor-section-full_width elementor-section-height-default elementor-section-height-default sc_fly_static\" data-id=\"b35b84a\" data-element_type=\"section\" data-settings=\"{&quot;background_background&quot;:&quot;classic&quot;}\">\n\t\t\t\t\t\t<div class=\"elementor-container elementor-column-gap-no\">\n\t\t\t\t\t<div class=\"elementor-column elementor-col-100 elementor-top-column elementor-element elementor-element-d92b45a sc_content_align_inherit sc_layouts_column_icons_position_left sc_fly_static\" data-id=\"d92b45a\" data-element_type=\"column\">\n\t\t\t<div class=\"elementor-widget-wrap elementor-element-populated\">\n\t\t\t\t\t\t<div class=\"elementor-element elementor-element-0a4c225 sc_fly_static elementor-widget elementor-widget-trx_sc_googlemap\" data-id=\"0a4c225\" data-element_type=\"widget\" data-widget_type=\"trx_sc_googlemap.default\">\n\t\t\t\t<div class=\"elementor-widget-container\">\n\t\t\t\t\t<div id=\"sc_googlemap_1702632597_wrap\" class=\"sc_googlemap_wrap\"><div id=\"sc_googlemap_1702632597\"\t\t\tclass=\"sc_item_content sc_map sc_googlemap sc_googlemap_default trx_addons_inline_1240544340\"\n\t\t\t \t\t\tdata-zoom=\"15\"\n\t\t\tdata-center=\"\"\n\t\t\tdata-style=\"extra\"\n\t\t\tdata-map-id=\"\"\n\t\t\tdata-cluster-icon=\"\"\n\t\t\t><iframe\n\t\t\t\t\t\tsrc=\"https:\/\/maps.google.com\/maps?t=m&output=embed&iwloc=near&z=15&q=Stoties+g.+21%2C+Petra%C5%A1i%C5%ABn%C5%B3+k.++LT-83477+Pakruojo+r.\"\n\t\t\t\t\t\taria-label=\"One\"><\/iframe><\/div><\/div>\t\t\t\t<\/div>\n\t\t\t\t<\/div>\n\t\t\t\t\t<\/div>\n\t\t<\/div>\n\t\t\t\t\t<\/div>\n\t\t<\/section>\n\t\t<div class=\"elementor-element elementor-element-57de46e e-flex e-con-boxed sc_layouts_column_icons_position_left e-con e-parent\" data-id=\"57de46e\" data-element_type=\"container\">\n\t\t\t\t\t<div class=\"e-con-inner\">\n\t\t\t\t<div class=\"elementor-element elementor-element-f2af6a2 sc_fly_static elementor-widget elementor-widget-heading\" data-id=\"f2af6a2\" data-element_type=\"widget\" data-widget_type=\"heading.default\">\n\t\t\t\t<div class=\"elementor-widget-container\">\n\t\t\t\t\t<h2 class=\"elementor-heading-title elementor-size-default\">Write to us!<\/h2>\t\t\t\t<\/div>\n\t\t\t\t<\/div>\n\t\t\t\t\t<\/div>\n\t\t\t\t<\/div>\n\t\t<div class=\"elementor-element elementor-element-a5d5f12 e-flex e-con-boxed sc_layouts_column_icons_position_left e-con e-parent\" data-id=\"a5d5f12\" data-element_type=\"container\">\n\t\t\t\t\t<div class=\"e-con-inner\">\n\t\t\t\t<div class=\"elementor-element elementor-element-7d28569 sc_fly_static elementor-widget elementor-widget-trx_sc_contact_form_7\" data-id=\"7d28569\" data-element_type=\"widget\" data-widget_type=\"trx_sc_contact_form_7.default\">\n\t\t\t\t<div class=\"elementor-widget-container\">\n\t\t\t\t\t\n<div class=\"wpcf7 no-js\" id=\"wpcf7-f36222-o1\" lang=\"en-US\" dir=\"ltr\" data-wpcf7-id=\"36222\">\n<div class=\"screen-reader-response\"><p role=\"status\" aria-live=\"polite\" aria-atomic=\"true\"><\/p> <ul><\/ul><\/div>\n<form action=\"\/en\/wp-json\/wp\/v2\/pages\/36177#wpcf7-f36222-o1\" method=\"post\" class=\"wpcf7-form init\" aria-label=\"Contact form\" novalidate=\"novalidate\" data-status=\"init\">\n<div style=\"display: none;\">\n<input type=\"hidden\" name=\"_wpcf7\" value=\"36222\" \/>\n<input type=\"hidden\" name=\"_wpcf7_version\" value=\"6.0.6\" \/>\n<input type=\"hidden\" name=\"_wpcf7_locale\" value=\"en_US\" \/>\n<input type=\"hidden\" name=\"_wpcf7_unit_tag\" value=\"wpcf7-f36222-o1\" \/>\n<input type=\"hidden\" name=\"_wpcf7_container_post\" value=\"0\" \/>\n<input type=\"hidden\" name=\"_wpcf7_posted_data_hash\" value=\"\" \/>\n<input type=\"hidden\" name=\"_wpcf7_recaptcha_response\" value=\"\" \/>\n<\/div>\n<div class=\"form-style-1\">\n\t<div class=\"columns_wrap\">\n\t\t<div class=\"column-1_2\">\n\t\t\t<p><span class=\"style-line icon-name\"><span class=\"wpcf7-form-control-wrap\" data-name=\"your-name\"><input size=\"40\" maxlength=\"400\" class=\"wpcf7-form-control wpcf7-text wpcf7-validates-as-required\" aria-required=\"true\" aria-invalid=\"false\" placeholder=\"Name\" value=\"\" type=\"text\" name=\"your-name\" \/><\/span><\/span>\n\t\t\t<\/p>\n\t\t<\/div>\n\t\t<div class=\"column-1_2\">\n\t\t\t<p><span class=\"style-line icon-email\"><span class=\"wpcf7-form-control-wrap\" data-name=\"your-email\"><input size=\"40\" maxlength=\"400\" class=\"wpcf7-form-control wpcf7-email wpcf7-validates-as-required wpcf7-text wpcf7-validates-as-email\" aria-required=\"true\" aria-invalid=\"false\" placeholder=\"E.mail\" value=\"\" type=\"email\" name=\"your-email\" \/><\/span><\/span>\n\t\t\t<\/p>\n\t\t<\/div>\n\t<\/div>\n\t<div class=\"columns_wrap\">\n\t\t<div class=\"column-1_2\">\n\t\t\t<p><span class=\"style-line icon-phone\"><span class=\"wpcf7-form-control-wrap\" data-name=\"phone\"><input size=\"40\" maxlength=\"400\" class=\"wpcf7-form-control wpcf7-tel wpcf7-validates-as-required wpcf7-text wpcf7-validates-as-tel\" aria-required=\"true\" aria-invalid=\"false\" placeholder=\"Phone\" value=\"\" type=\"tel\" name=\"phone\" \/><\/span><\/span>\n\t\t\t<\/p>\n\t\t<\/div>\n\t\t<div class=\"column-1_2\">\n\t\t\t<p><span class=\"style-line icon-subject\"><span class=\"wpcf7-form-control-wrap\" data-name=\"subject\"><input size=\"40\" maxlength=\"400\" class=\"wpcf7-form-control wpcf7-text wpcf7-validates-as-required\" aria-required=\"true\" aria-invalid=\"false\" placeholder=\"Topic\" value=\"\" type=\"text\" name=\"subject\" \/><\/span><\/span>\n\t\t\t<\/p>\n\t\t<\/div>\n\t<\/div>\n\t<div class=\"columns_wrap margin-bottom\">\n\t\t<div class=\"column-1_1\">\n\t\t\t<p><span class=\"style-line icon-textarea\"><span class=\"wpcf7-form-control-wrap\" data-name=\"your-message\"><textarea cols=\"40\" rows=\"10\" maxlength=\"2000\" class=\"wpcf7-form-control wpcf7-textarea wpcf7-validates-as-required\" aria-required=\"true\" aria-invalid=\"false\" placeholder=\"How can we help you? Contact\" name=\"your-message\"><\/textarea><\/span><\/span>\n\t\t\t<\/p>\n\t\t<\/div>\n\t<\/div>\n<span class=\"wpcf7-form-control-wrap recaptcha\" data-name=\"recaptcha\"><span data-sitekey=\"6LeFIOgqAAAAAF_C5MLK0XQXcKwPwNN3ikfUh_Hl\" class=\"wpcf7-form-control wpcf7-recaptcha g-recaptcha\"><\/span>\r\n<noscript>\r\n\t<div class=\"grecaptcha-noscript\">\r\n\t\t<iframe src=\"https:\/\/www.google.com\/recaptcha\/api\/fallback?k=6LeFIOgqAAAAAF_C5MLK0XQXcKwPwNN3ikfUh_Hl\" frameborder=\"0\" scrolling=\"no\" width=\"310\" height=\"430\">\r\n\t\t<\/iframe>\r\n\t\t<textarea name=\"g-recaptcha-response\" rows=\"3\" cols=\"40\" placeholder=\"reCaptcha Response Here\">\r\n\t\t<\/textarea>\r\n\t<\/div>\r\n<\/noscript>\r\n<\/span>\n\t<p><input class=\"wpcf7-form-control wpcf7-submit has-spinner\" type=\"submit\" value=\"Submit\" \/><span class=\"wpcf7-form-control-wrap\" data-name=\"acceptance\"><span class=\"wpcf7-form-control wpcf7-acceptance\"><span class=\"wpcf7-list-item\"><label><input type=\"checkbox\" name=\"acceptance\" value=\"1\" aria-invalid=\"false\" \/><span class=\"wpcf7-list-item-label\">By submitting this form I agree to <a href=\"\/privacy-policy\/\">Privacy policy<\/a>.<\/span><\/label><\/span><\/span><\/span>\n\t<\/p>\n<\/div><div class=\"wpcf7-response-output\" aria-hidden=\"true\"><\/div>\n<\/form>\n<\/div>\n\t\t\t\t<\/div>\n\t\t\t\t<\/div>\n\t\t\t\t\t<\/div>\n\t\t\t\t<\/div>\n\t\t\t\t<\/div>\n\t\t","protected":false},"excerpt":{"rendered":"<p>Contacts Contact us Questions or need more information? Contact us &#8211; we&#8217;ll be happy to answer your queries and help you find the best solutions! Address Stoties g. 21, Petra\u0161i\u016bn\u0173&hellip;<\/p>\n","protected":false},"author":1,"featured_media":0,"parent":0,"menu_order":0,"comment_status":"closed","ping_status":"closed","template":"","meta":{"inline_featured_image":false,"footnotes":""},"class_list":["post-36177","page","type-page","status-publish","hentry"],"yoast_head":"<!-- This site is optimized with the Yoast SEO plugin v26.5 - https:\/\/yoast.com\/wordpress\/plugins\/seo\/ -->\n<title>Contacts - Pakruojo parketas<\/title>\n<meta name=\"robots\" content=\"noindex, nofollow\" \/>\n<meta property=\"og:locale\" content=\"en_US\" \/>\n<meta property=\"og:type\" content=\"article\" \/>\n<meta property=\"og:title\" content=\"Contacts - Pakruojo parketas\" \/>\n<meta property=\"og:description\" content=\"Contacts Contact us Questions or need more information? Contact us &#8211; we&#8217;ll be happy to answer your queries and help you find the best solutions! Address Stoties g. 21, Petra\u0161i\u016bn\u0173&hellip;\" \/>\n<meta property=\"og:url\" content=\"https:\/\/pakruojoparketas.com\/kontaktai\/\" \/>\n<meta property=\"og:site_name\" content=\"Pakruojo parketas\" \/>\n<meta property=\"article:modified_time\" content=\"2025-12-16T16:41:45+00:00\" \/>\n<meta name=\"twitter:card\" content=\"summary_large_image\" \/>\n<script type=\"application\/ld+json\" class=\"yoast-schema-graph\">{\"@context\":\"https:\/\/schema.org\",\"@graph\":[{\"@type\":\"WebPage\",\"@id\":\"https:\/\/pakruojoparketas.com\/kontaktai\/\",\"url\":\"https:\/\/pakruojoparketas.com\/kontaktai\/\",\"name\":\"Contacts - Pakruojo parketas\",\"isPartOf\":{\"@id\":\"https:\/\/pakruojoparketas.com\/#website\"},\"datePublished\":\"2023-03-07T11:12:41+00:00\",\"dateModified\":\"2025-12-16T16:41:45+00:00\",\"breadcrumb\":{\"@id\":\"https:\/\/pakruojoparketas.com\/kontaktai\/#breadcrumb\"},\"inLanguage\":\"en-US\",\"potentialAction\":[{\"@type\":\"ReadAction\",\"target\":[\"https:\/\/pakruojoparketas.com\/kontaktai\/\"]}]},{\"@type\":\"BreadcrumbList\",\"@id\":\"https:\/\/pakruojoparketas.com\/kontaktai\/#breadcrumb\",\"itemListElement\":[{\"@type\":\"ListItem\",\"position\":1,\"name\":\"Home\",\"item\":\"https:\/\/pakruojoparketas.com\/en\/\"},{\"@type\":\"ListItem\",\"position\":2,\"name\":\"Contacts\"}]},{\"@type\":\"WebSite\",\"@id\":\"https:\/\/pakruojoparketas.com\/#website\",\"url\":\"https:\/\/pakruojoparketas.com\/\",\"name\":\"Pakruojo parketas\",\"description\":\"\",\"publisher\":{\"@id\":\"https:\/\/pakruojoparketas.com\/#organization\"},\"potentialAction\":[{\"@type\":\"SearchAction\",\"target\":{\"@type\":\"EntryPoint\",\"urlTemplate\":\"https:\/\/pakruojoparketas.com\/?s={search_term_string}\"},\"query-input\":{\"@type\":\"PropertyValueSpecification\",\"valueRequired\":true,\"valueName\":\"search_term_string\"}}],\"inLanguage\":\"en-US\"},{\"@type\":\"Organization\",\"@id\":\"https:\/\/pakruojoparketas.com\/#organization\",\"name\":\"Pakruojo parketas\",\"url\":\"https:\/\/pakruojoparketas.com\/\",\"logo\":{\"@type\":\"ImageObject\",\"inLanguage\":\"en-US\",\"@id\":\"https:\/\/pakruojoparketas.com\/#\/schema\/logo\/image\/\",\"url\":\"https:\/\/pakruojoparketas.com\/wp-content\/uploads\/2025\/02\/pixelcut-export-1.svg\",\"contentUrl\":\"https:\/\/pakruojoparketas.com\/wp-content\/uploads\/2025\/02\/pixelcut-export-1.svg\",\"width\":321,\"height\":284,\"caption\":\"Pakruojo parketas\"},\"image\":{\"@id\":\"https:\/\/pakruojoparketas.com\/#\/schema\/logo\/image\/\"}}]}<\/script>\n<!-- \/ Yoast SEO plugin. -->","yoast_head_json":{"title":"Contacts - Pakruojo parketas","robots":{"index":"noindex","follow":"nofollow"},"og_locale":"en_US","og_type":"article","og_title":"Contacts - Pakruojo parketas","og_description":"Contacts Contact us Questions or need more information? Contact us &#8211; we&#8217;ll be happy to answer your queries and help you find the best solutions! Address Stoties g. 21, Petra\u0161i\u016bn\u0173&hellip;","og_url":"https:\/\/pakruojoparketas.com\/kontaktai\/","og_site_name":"Pakruojo parketas","article_modified_time":"2025-12-16T16:41:45+00:00","twitter_card":"summary_large_image","schema":{"@context":"https:\/\/schema.org","@graph":[{"@type":"WebPage","@id":"https:\/\/pakruojoparketas.com\/kontaktai\/","url":"https:\/\/pakruojoparketas.com\/kontaktai\/","name":"Contacts - Pakruojo parketas","isPartOf":{"@id":"https:\/\/pakruojoparketas.com\/#website"},"datePublished":"2023-03-07T11:12:41+00:00","dateModified":"2025-12-16T16:41:45+00:00","breadcrumb":{"@id":"https:\/\/pakruojoparketas.com\/kontaktai\/#breadcrumb"},"inLanguage":"en-US","potentialAction":[{"@type":"ReadAction","target":["https:\/\/pakruojoparketas.com\/kontaktai\/"]}]},{"@type":"BreadcrumbList","@id":"https:\/\/pakruojoparketas.com\/kontaktai\/#breadcrumb","itemListElement":[{"@type":"ListItem","position":1,"name":"Home","item":"https:\/\/pakruojoparketas.com\/en\/"},{"@type":"ListItem","position":2,"name":"Contacts"}]},{"@type":"WebSite","@id":"https:\/\/pakruojoparketas.com\/#website","url":"https:\/\/pakruojoparketas.com\/","name":"Pakruojo parketas","description":"","publisher":{"@id":"https:\/\/pakruojoparketas.com\/#organization"},"potentialAction":[{"@type":"SearchAction","target":{"@type":"EntryPoint","urlTemplate":"https:\/\/pakruojoparketas.com\/?s={search_term_string}"},"query-input":{"@type":"PropertyValueSpecification","valueRequired":true,"valueName":"search_term_string"}}],"inLanguage":"en-US"},{"@type":"Organization","@id":"https:\/\/pakruojoparketas.com\/#organization","name":"Pakruojo parketas","url":"https:\/\/pakruojoparketas.com\/","logo":{"@type":"ImageObject","inLanguage":"en-US","@id":"https:\/\/pakruojoparketas.com\/#\/schema\/logo\/image\/","url":"https:\/\/pakruojoparketas.com\/wp-content\/uploads\/2025\/02\/pixelcut-export-1.svg","contentUrl":"https:\/\/pakruojoparketas.com\/wp-content\/uploads\/2025\/02\/pixelcut-export-1.svg","width":321,"height":284,"caption":"Pakruojo parketas"},"image":{"@id":"https:\/\/pakruojoparketas.com\/#\/schema\/logo\/image\/"}}]}},"_links":{"self":[{"href":"https:\/\/pakruojoparketas.com\/en\/wp-json\/wp\/v2\/pages\/36177","targetHints":{"allow":["GET"]}}],"collection":[{"href":"https:\/\/pakruojoparketas.com\/en\/wp-json\/wp\/v2\/pages"}],"about":[{"href":"https:\/\/pakruojoparketas.com\/en\/wp-json\/wp\/v2\/types\/page"}],"author":[{"embeddable":true,"href":"https:\/\/pakruojoparketas.com\/en\/wp-json\/wp\/v2\/users\/1"}],"replies":[{"embeddable":true,"href":"https:\/\/pakruojoparketas.com\/en\/wp-json\/wp\/v2\/comments?post=36177"}],"version-history":[{"count":3,"href":"https:\/\/pakruojoparketas.com\/en\/wp-json\/wp\/v2\/pages\/36177\/revisions"}],"predecessor-version":[{"id":36623,"href":"https:\/\/pakruojoparketas.com\/en\/wp-json\/wp\/v2\/pages\/36177\/revisions\/36623"}],"wp:attachment":[{"href":"https:\/\/pakruojoparketas.com\/en\/wp-json\/wp\/v2\/media?parent=36177"}],"curies":[{"name":"wp","href":"https:\/\/api.w.org\/{rel}","templated":true}]}}