{"id":36179,"date":"2025-02-27T16:08:22","date_gmt":"2025-02-27T16:08:22","guid":{"rendered":"https:\/\/pakruojoparketas.com\/installation-work\/"},"modified":"2025-12-16T16:33:50","modified_gmt":"2025-12-16T16:33:50","slug":"installation-work","status":"publish","type":"page","link":"https:\/\/pakruojoparketas.com\/en\/installation-work\/","title":{"rendered":"Floor Installation"},"content":{"rendered":"\t\t<div data-elementor-type=\"wp-page\" data-elementor-id=\"36179\" class=\"elementor elementor-36179 elementor-35328\">\n\t\t\t\t<div class=\"elementor-element elementor-element-b62f6f9 e-flex e-con-boxed sc_layouts_column_icons_position_left e-con e-parent\" data-id=\"b62f6f9\" data-element_type=\"container\">\n\t\t\t\t\t<div class=\"e-con-inner\">\n\t\t<div class=\"elementor-element elementor-element-ef531e9 e-con-full e-flex sc_layouts_column_icons_position_left e-con e-child\" data-id=\"ef531e9\" data-element_type=\"container\" data-settings=\"{&quot;background_background&quot;:&quot;classic&quot;}\">\n\t\t\t\t<div class=\"sidebar elementor-element elementor-element-7bc0f64 sc_fly_static elementor-widget elementor-widget-trx_sc_layouts_widgets\" data-id=\"7bc0f64\" data-element_type=\"widget\" data-widget_type=\"trx_sc_layouts_widgets.default\">\n\t\t\t\t<div class=\"elementor-widget-container\">\n\t\t\t\t\t<div class=\"sc_layouts_widgets widget_area\" ><div class=\"sc_layouts_widgets_inner widget_area_inner\"><div class=\"sc_layouts_widgets_columns_wrap trx_addons_columns_wrap\"><aside class=\"trx_addons_column-1_2 widget widget_text\"><h5 class=\"widget_title\">Contact us<\/h5>\t\t\t<div class=\"textwidget\">\n<div class=\"wpcf7 no-js\" id=\"wpcf7-f36235-o1\" lang=\"en-US\" dir=\"ltr\" data-wpcf7-id=\"36235\">\n<div class=\"screen-reader-response\"><p role=\"status\" aria-live=\"polite\" aria-atomic=\"true\"><\/p> <ul><\/ul><\/div>\n<form action=\"\/en\/wp-json\/wp\/v2\/pages\/36179#wpcf7-f36235-o1\" method=\"post\" class=\"wpcf7-form init\" aria-label=\"Contact form\" novalidate=\"novalidate\" data-status=\"init\">\n<div style=\"display: none;\">\n<input type=\"hidden\" name=\"_wpcf7\" value=\"36235\" \/>\n<input type=\"hidden\" name=\"_wpcf7_version\" value=\"6.0.6\" \/>\n<input type=\"hidden\" name=\"_wpcf7_locale\" value=\"en_US\" \/>\n<input type=\"hidden\" name=\"_wpcf7_unit_tag\" value=\"wpcf7-f36235-o1\" \/>\n<input type=\"hidden\" name=\"_wpcf7_container_post\" value=\"0\" \/>\n<input type=\"hidden\" name=\"_wpcf7_posted_data_hash\" value=\"\" \/>\n<input type=\"hidden\" name=\"_wpcf7_recaptcha_response\" value=\"\" \/>\n<\/div>\n<div class=\"form-style-8\">\n\t<div class=\"columns_wrap\">\n\t\t<div class=\"column-1_1\">\n\t\t\t<p><span class=\"style-line\"><span class=\"wpcf7-form-control-wrap\" data-name=\"your-name\"><input size=\"40\" maxlength=\"400\" class=\"wpcf7-form-control wpcf7-text wpcf7-validates-as-required\" aria-required=\"true\" aria-invalid=\"false\" placeholder=\"Name\" value=\"\" type=\"text\" name=\"your-name\" \/><\/span><\/span>\n\t\t\t<\/p>\n\t\t<\/div>\n\t<\/div>\n\t<div class=\"columns_wrap\">\n\t\t<div class=\"column-1_1\">\n\t\t\t<p><span class=\"style-line\"><span class=\"wpcf7-form-control-wrap\" data-name=\"your-email\"><input size=\"40\" maxlength=\"400\" class=\"wpcf7-form-control wpcf7-email wpcf7-validates-as-required wpcf7-text wpcf7-validates-as-email\" aria-required=\"true\" aria-invalid=\"false\" placeholder=\"E.mail\" value=\"\" type=\"email\" name=\"your-email\" \/><\/span><\/span>\n\t\t\t<\/p>\n\t\t<\/div>\n\t<\/div>\n\t<div class=\"columns_wrap margin-bottom\">\n\t\t<div class=\"column-1_1\">\n\t\t\t<p><span class=\"style-line\"><span class=\"wpcf7-form-control-wrap\" data-name=\"your-message\"><textarea cols=\"40\" rows=\"10\" maxlength=\"2000\" class=\"wpcf7-form-control wpcf7-textarea wpcf7-validates-as-required\" aria-required=\"true\" aria-invalid=\"false\" placeholder=\"Message\" name=\"your-message\"><\/textarea><\/span><\/span>\n\t\t\t<\/p>\n\t\t<\/div>\n\t<\/div>\n<span class=\"wpcf7-form-control-wrap recaptcha\" data-name=\"recaptcha\"><span data-sitekey=\"6LeFIOgqAAAAAF_C5MLK0XQXcKwPwNN3ikfUh_Hl\" class=\"wpcf7-form-control wpcf7-recaptcha g-recaptcha\"><\/span>\r\n<noscript>\r\n\t<div class=\"grecaptcha-noscript\">\r\n\t\t<iframe src=\"https:\/\/www.google.com\/recaptcha\/api\/fallback?k=6LeFIOgqAAAAAF_C5MLK0XQXcKwPwNN3ikfUh_Hl\" frameborder=\"0\" scrolling=\"no\">\r\n\t\t<\/iframe>\r\n\t\t<textarea name=\"g-recaptcha-response\" rows=\"3\" cols=\"40\" placeholder=\"reCaptcha Response Here\">\r\n\t\t<\/textarea>\r\n\t<\/div>\r\n<\/noscript>\r\n<\/span>\n\t<p><input class=\"wpcf7-form-control wpcf7-submit has-spinner\" type=\"submit\" value=\"Submit\" \/>\n\t<\/p>\n<\/div><div class=\"wpcf7-response-output\" aria-hidden=\"true\"><\/div>\n<\/form>\n<\/div>\n\n<\/div>\n\t\t<\/aside><aside class=\"trx_addons_column-1_2 widget widget_contacts\"><h5 class=\"widget_title\">Contact information<\/h5><div class=\"contacts_wrap\"><div class=\"contacts_info\"><span class=\"contacts_address\">Stoties g. 21, Petra\u0161i\u016bn\u0173 k. LT-83477 Pakruojo r.<\/span><span class=\"contacts_email\"><a href=\"mailto:i&#110;&#102;&#111;&#64;pa&#107;&#114;u&#111;&#106;&#111;&#112;&#97;rk&#101;t&#97;&#115;&#46;&#108;&#116;\">i&#110;fo&#64;pak&#114;u&#111;jo&#112;ark&#101;&#116;a&#115;.lt<\/a><\/span><a href=\"tel:+37068783868\" class=\"contacts_phone\">+37068783868<\/a><\/div><\/div><\/aside><\/div>\t\t\t<\/div>\n\t\t<\/div>\n\t\t\t\t\t\t<\/div>\n\t\t\t\t<\/div>\n\t\t\t\t<\/div>\n\t\t<div class=\"elementor-element elementor-element-2ec0917 e-con-full e-flex sc_layouts_column_icons_position_left e-con e-child\" data-id=\"2ec0917\" data-element_type=\"container\">\n\t\t\t\t<div class=\"elementor-element elementor-element-c975e93 sc_fly_static elementor-widget elementor-widget-image\" data-id=\"c975e93\" data-element_type=\"widget\" data-widget_type=\"image.default\">\n\t\t\t\t<div class=\"elementor-widget-container\">\n\t\t\t\t\t\t\t\t\t\t\t\t\t\t\t<img fetchpriority=\"high\" decoding=\"async\" width=\"2560\" height=\"1707\" src=\"https:\/\/pakruojoparketas.com\/wp-content\/uploads\/2025\/02\/chuttersnap-t33SZJ_ZboQ-unsplash-scaled.jpg\" class=\"attachment-full size-full wp-image-36144\" alt=\"background-image grindys 2\" srcset=\"https:\/\/pakruojoparketas.com\/wp-content\/uploads\/2025\/02\/chuttersnap-t33SZJ_ZboQ-unsplash-scaled.jpg 2560w, https:\/\/pakruojoparketas.com\/wp-content\/uploads\/2025\/02\/chuttersnap-t33SZJ_ZboQ-unsplash-300x200.jpg 300w, https:\/\/pakruojoparketas.com\/wp-content\/uploads\/2025\/02\/chuttersnap-t33SZJ_ZboQ-unsplash-1024x683.jpg 1024w, https:\/\/pakruojoparketas.com\/wp-content\/uploads\/2025\/02\/chuttersnap-t33SZJ_ZboQ-unsplash-768x512.jpg 768w, https:\/\/pakruojoparketas.com\/wp-content\/uploads\/2025\/02\/chuttersnap-t33SZJ_ZboQ-unsplash-1536x1024.jpg 1536w, https:\/\/pakruojoparketas.com\/wp-content\/uploads\/2025\/02\/chuttersnap-t33SZJ_ZboQ-unsplash-2048x1365.jpg 2048w, https:\/\/pakruojoparketas.com\/wp-content\/uploads\/2025\/02\/chuttersnap-t33SZJ_ZboQ-unsplash-370x247.jpg 370w, https:\/\/pakruojoparketas.com\/wp-content\/uploads\/2025\/02\/chuttersnap-t33SZJ_ZboQ-unsplash-840x560.jpg 840w, https:\/\/pakruojoparketas.com\/wp-content\/uploads\/2025\/02\/chuttersnap-t33SZJ_ZboQ-unsplash-410x273.jpg 410w, https:\/\/pakruojoparketas.com\/wp-content\/uploads\/2025\/02\/chuttersnap-t33SZJ_ZboQ-unsplash-600x400.jpg 600w\" sizes=\"(max-width: 2560px) 100vw, 2560px\" \/>\t\t\t\t\t\t\t\t\t\t\t\t\t\t\t<\/div>\n\t\t\t\t<\/div>\n\t\t\t\t<div class=\"elementor-element elementor-element-eaed0ed sc_fly_static elementor-widget elementor-widget-heading\" data-id=\"eaed0ed\" data-element_type=\"widget\" data-widget_type=\"heading.default\">\n\t\t\t\t<div class=\"elementor-widget-container\">\n\t\t\t\t\t<h2 class=\"elementor-heading-title elementor-size-default\">Floor Installation Services Across Lithuania<\/h2>\t\t\t\t<\/div>\n\t\t\t\t<\/div>\n\t\t\t\t<div class=\"elementor-element elementor-element-881fc8d sc_fly_static elementor-widget elementor-widget-text-editor\" data-id=\"881fc8d\" data-element_type=\"widget\" data-widget_type=\"text-editor.default\">\n\t\t\t\t<div class=\"elementor-widget-container\">\n\t\t\t\t\t\t\t\t\t<p>We provide professional floor and parquet installation services throughout Lithuania. We install solid oak and ash flooring, parquet, and solid wood floorboards in both residential and commercial properties.<\/p>\n\t\t\t\t\t\t\t\t<\/div>\n\t\t\t\t<\/div>\n\t\t\t\t<div class=\"elementor-element elementor-element-f8a510b sc_fly_static elementor-widget elementor-widget-heading\" data-id=\"f8a510b\" data-element_type=\"widget\" data-widget_type=\"heading.default\">\n\t\t\t\t<div class=\"elementor-widget-container\">\n\t\t\t\t\t<h3 class=\"elementor-heading-title elementor-size-default\">Why Choose \u201cPakruojo Parketas\u201d<\/h3>\t\t\t\t<\/div>\n\t\t\t\t<\/div>\n\t\t\t\t<div class=\"elementor-element elementor-element-6328c79 sc_fly_static elementor-widget elementor-widget-text-editor\" data-id=\"6328c79\" data-element_type=\"widget\" data-widget_type=\"text-editor.default\">\n\t\t\t\t<div class=\"elementor-widget-container\">\n\t\t\t\t\t\t\t\t\t<ul>\n<li>30 years of experience<\/li>\n<li>We work with our own manufactured products<\/li>\n<li>We supply and coordinate all required materials<\/li>\n<li>Warranty on completed work<\/li>\n<li>Pre-installation consultation and professional advice<\/li>\n<\/ul>\n\t\t\t\t\t\t\t\t<\/div>\n\t\t\t\t<\/div>\n\t\t\t\t<div class=\"elementor-element elementor-element-031f369 sc_fly_static elementor-widget elementor-widget-heading\" data-id=\"031f369\" data-element_type=\"widget\" data-widget_type=\"heading.default\">\n\t\t\t\t<div class=\"elementor-widget-container\">\n\t\t\t\t\t<h2 class=\"elementor-heading-title elementor-size-default\">How Does Floor Installation Work?<\/h2>\t\t\t\t<\/div>\n\t\t\t\t<\/div>\n\t\t\t\t<div class=\"elementor-element elementor-element-6046ba1 sc_fly_static elementor-widget elementor-widget-text-editor\" data-id=\"6046ba1\" data-element_type=\"widget\" data-widget_type=\"text-editor.default\">\n\t\t\t\t<div class=\"elementor-widget-container\">\n\t\t\t\t\t\t\t\t\t<ul>\n<li>Consultation and site assessment<\/li>\n<li>Preparatory work<\/li>\n<li>Floor or parquet installation<\/li>\n<li>Finishing works<\/li>\n<li>Warranty<\/li>\n<\/ul>\n\t\t\t\t\t\t\t\t<\/div>\n\t\t\t\t<\/div>\n\t\t\t\t<\/div>\n\t\t\t\t\t<\/div>\n\t\t\t\t<\/div>\n\t\t\t\t<\/div>\n\t\t","protected":false},"excerpt":{"rendered":"<p>Susisiekite Kontaktin\u0117 informacija Stoties g. 21, Petra\u0161i\u016bn\u0173 k. LT-83477 Pakruojo r.&#105;nfo&#64;&#112;a&#107;&#114;u&#111;&#106;o&#112;a&#114;&#107;e&#116;a&#115;.&#108;t+37068783868 Floor Installation Services Across Lithuania We provide professional floor and parquet installation services throughout Lithuania. We install solid oak&hellip;<\/p>\n","protected":false},"author":2,"featured_media":36140,"parent":0,"menu_order":0,"comment_status":"closed","ping_status":"closed","template":"","meta":{"inline_featured_image":false,"footnotes":""},"class_list":["post-36179","page","type-page","status-publish","has-post-thumbnail","hentry"],"yoast_head":"<!-- This site is optimized with the Yoast SEO plugin v26.5 - https:\/\/yoast.com\/wordpress\/plugins\/seo\/ -->\n<title>Floor Installation - Pakruojo parketas<\/title>\n<meta name=\"description\" content=\"Professional floor installation services \u2013 parquet, laminate, vinyl, and solid wood flooring. Precision, experience, and guaranteed quality workmanship.\" \/>\n<meta name=\"robots\" content=\"index, follow, max-snippet:-1, max-image-preview:large, max-video-preview:-1\" \/>\n<link rel=\"canonical\" href=\"https:\/\/pakruojoparketas.com\/montavimo-darbai\/\" \/>\n<meta property=\"og:locale\" content=\"en_US\" \/>\n<meta property=\"og:type\" content=\"article\" \/>\n<meta property=\"og:title\" content=\"Floor Installation - Pakruojo parketas\" \/>\n<meta property=\"og:description\" content=\"Professional floor installation services \u2013 parquet, laminate, vinyl, and solid wood flooring. Precision, experience, and guaranteed quality workmanship.\" \/>\n<meta property=\"og:url\" content=\"https:\/\/pakruojoparketas.com\/montavimo-darbai\/\" \/>\n<meta property=\"og:site_name\" content=\"Pakruojo parketas\" \/>\n<meta property=\"article:modified_time\" content=\"2025-12-16T16:33:50+00:00\" \/>\n<meta property=\"og:image\" content=\"https:\/\/pakruojoparketas.com\/wp-content\/uploads\/2025\/02\/pexels-fwstudio-33348-172292-scaled.jpg\" \/>\n\t<meta property=\"og:image:width\" content=\"2560\" \/>\n\t<meta property=\"og:image:height\" content=\"1703\" \/>\n\t<meta property=\"og:image:type\" content=\"image\/jpeg\" \/>\n<meta name=\"twitter:card\" content=\"summary_large_image\" \/>\n<meta name=\"twitter:label1\" content=\"Est. reading time\" \/>\n\t<meta name=\"twitter:data1\" content=\"1 minute\" \/>\n<script type=\"application\/ld+json\" class=\"yoast-schema-graph\">{\"@context\":\"https:\/\/schema.org\",\"@graph\":[{\"@type\":\"WebPage\",\"@id\":\"https:\/\/pakruojoparketas.com\/montavimo-darbai\/\",\"url\":\"https:\/\/pakruojoparketas.com\/montavimo-darbai\/\",\"name\":\"Floor Installation - Pakruojo parketas\",\"isPartOf\":{\"@id\":\"https:\/\/pakruojoparketas.com\/#website\"},\"primaryImageOfPage\":{\"@id\":\"https:\/\/pakruojoparketas.com\/montavimo-darbai\/#primaryimage\"},\"image\":{\"@id\":\"https:\/\/pakruojoparketas.com\/montavimo-darbai\/#primaryimage\"},\"thumbnailUrl\":\"https:\/\/pakruojoparketas.com\/wp-content\/uploads\/2025\/02\/pexels-fwstudio-33348-172292-scaled.jpg\",\"datePublished\":\"2025-02-27T16:08:22+00:00\",\"dateModified\":\"2025-12-16T16:33:50+00:00\",\"description\":\"Professional floor installation services \u2013 parquet, laminate, vinyl, and solid wood flooring. Precision, experience, and guaranteed quality workmanship.\",\"breadcrumb\":{\"@id\":\"https:\/\/pakruojoparketas.com\/montavimo-darbai\/#breadcrumb\"},\"inLanguage\":\"en-US\",\"potentialAction\":[{\"@type\":\"ReadAction\",\"target\":[\"https:\/\/pakruojoparketas.com\/montavimo-darbai\/\"]}]},{\"@type\":\"ImageObject\",\"inLanguage\":\"en-US\",\"@id\":\"https:\/\/pakruojoparketas.com\/montavimo-darbai\/#primaryimage\",\"url\":\"https:\/\/pakruojoparketas.com\/wp-content\/uploads\/2025\/02\/pexels-fwstudio-33348-172292-scaled.jpg\",\"contentUrl\":\"https:\/\/pakruojoparketas.com\/wp-content\/uploads\/2025\/02\/pexels-fwstudio-33348-172292-scaled.jpg\",\"width\":2560,\"height\":1703},{\"@type\":\"BreadcrumbList\",\"@id\":\"https:\/\/pakruojoparketas.com\/montavimo-darbai\/#breadcrumb\",\"itemListElement\":[{\"@type\":\"ListItem\",\"position\":1,\"name\":\"Home\",\"item\":\"https:\/\/pakruojoparketas.com\/en\/\"},{\"@type\":\"ListItem\",\"position\":2,\"name\":\"Floor Installation\"}]},{\"@type\":\"WebSite\",\"@id\":\"https:\/\/pakruojoparketas.com\/#website\",\"url\":\"https:\/\/pakruojoparketas.com\/\",\"name\":\"Pakruojo parketas\",\"description\":\"\",\"publisher\":{\"@id\":\"https:\/\/pakruojoparketas.com\/#organization\"},\"potentialAction\":[{\"@type\":\"SearchAction\",\"target\":{\"@type\":\"EntryPoint\",\"urlTemplate\":\"https:\/\/pakruojoparketas.com\/?s={search_term_string}\"},\"query-input\":{\"@type\":\"PropertyValueSpecification\",\"valueRequired\":true,\"valueName\":\"search_term_string\"}}],\"inLanguage\":\"en-US\"},{\"@type\":\"Organization\",\"@id\":\"https:\/\/pakruojoparketas.com\/#organization\",\"name\":\"Pakruojo parketas\",\"url\":\"https:\/\/pakruojoparketas.com\/\",\"logo\":{\"@type\":\"ImageObject\",\"inLanguage\":\"en-US\",\"@id\":\"https:\/\/pakruojoparketas.com\/#\/schema\/logo\/image\/\",\"url\":\"https:\/\/pakruojoparketas.com\/wp-content\/uploads\/2025\/02\/pixelcut-export-1.svg\",\"contentUrl\":\"https:\/\/pakruojoparketas.com\/wp-content\/uploads\/2025\/02\/pixelcut-export-1.svg\",\"width\":321,\"height\":284,\"caption\":\"Pakruojo parketas\"},\"image\":{\"@id\":\"https:\/\/pakruojoparketas.com\/#\/schema\/logo\/image\/\"}}]}<\/script>\n<!-- \/ Yoast SEO plugin. -->","yoast_head_json":{"title":"Floor Installation - Pakruojo parketas","description":"Professional floor installation services \u2013 parquet, laminate, vinyl, and solid wood flooring. Precision, experience, and guaranteed quality workmanship.","robots":{"index":"index","follow":"follow","max-snippet":"max-snippet:-1","max-image-preview":"max-image-preview:large","max-video-preview":"max-video-preview:-1"},"canonical":"https:\/\/pakruojoparketas.com\/montavimo-darbai\/","og_locale":"en_US","og_type":"article","og_title":"Floor Installation - Pakruojo parketas","og_description":"Professional floor installation services \u2013 parquet, laminate, vinyl, and solid wood flooring. Precision, experience, and guaranteed quality workmanship.","og_url":"https:\/\/pakruojoparketas.com\/montavimo-darbai\/","og_site_name":"Pakruojo parketas","article_modified_time":"2025-12-16T16:33:50+00:00","og_image":[{"width":2560,"height":1703,"url":"https:\/\/pakruojoparketas.com\/wp-content\/uploads\/2025\/02\/pexels-fwstudio-33348-172292-scaled.jpg","type":"image\/jpeg"}],"twitter_card":"summary_large_image","twitter_misc":{"Est. reading time":"1 minute"},"schema":{"@context":"https:\/\/schema.org","@graph":[{"@type":"WebPage","@id":"https:\/\/pakruojoparketas.com\/montavimo-darbai\/","url":"https:\/\/pakruojoparketas.com\/montavimo-darbai\/","name":"Floor Installation - Pakruojo parketas","isPartOf":{"@id":"https:\/\/pakruojoparketas.com\/#website"},"primaryImageOfPage":{"@id":"https:\/\/pakruojoparketas.com\/montavimo-darbai\/#primaryimage"},"image":{"@id":"https:\/\/pakruojoparketas.com\/montavimo-darbai\/#primaryimage"},"thumbnailUrl":"https:\/\/pakruojoparketas.com\/wp-content\/uploads\/2025\/02\/pexels-fwstudio-33348-172292-scaled.jpg","datePublished":"2025-02-27T16:08:22+00:00","dateModified":"2025-12-16T16:33:50+00:00","description":"Professional floor installation services \u2013 parquet, laminate, vinyl, and solid wood flooring. Precision, experience, and guaranteed quality workmanship.","breadcrumb":{"@id":"https:\/\/pakruojoparketas.com\/montavimo-darbai\/#breadcrumb"},"inLanguage":"en-US","potentialAction":[{"@type":"ReadAction","target":["https:\/\/pakruojoparketas.com\/montavimo-darbai\/"]}]},{"@type":"ImageObject","inLanguage":"en-US","@id":"https:\/\/pakruojoparketas.com\/montavimo-darbai\/#primaryimage","url":"https:\/\/pakruojoparketas.com\/wp-content\/uploads\/2025\/02\/pexels-fwstudio-33348-172292-scaled.jpg","contentUrl":"https:\/\/pakruojoparketas.com\/wp-content\/uploads\/2025\/02\/pexels-fwstudio-33348-172292-scaled.jpg","width":2560,"height":1703},{"@type":"BreadcrumbList","@id":"https:\/\/pakruojoparketas.com\/montavimo-darbai\/#breadcrumb","itemListElement":[{"@type":"ListItem","position":1,"name":"Home","item":"https:\/\/pakruojoparketas.com\/en\/"},{"@type":"ListItem","position":2,"name":"Floor Installation"}]},{"@type":"WebSite","@id":"https:\/\/pakruojoparketas.com\/#website","url":"https:\/\/pakruojoparketas.com\/","name":"Pakruojo parketas","description":"","publisher":{"@id":"https:\/\/pakruojoparketas.com\/#organization"},"potentialAction":[{"@type":"SearchAction","target":{"@type":"EntryPoint","urlTemplate":"https:\/\/pakruojoparketas.com\/?s={search_term_string}"},"query-input":{"@type":"PropertyValueSpecification","valueRequired":true,"valueName":"search_term_string"}}],"inLanguage":"en-US"},{"@type":"Organization","@id":"https:\/\/pakruojoparketas.com\/#organization","name":"Pakruojo parketas","url":"https:\/\/pakruojoparketas.com\/","logo":{"@type":"ImageObject","inLanguage":"en-US","@id":"https:\/\/pakruojoparketas.com\/#\/schema\/logo\/image\/","url":"https:\/\/pakruojoparketas.com\/wp-content\/uploads\/2025\/02\/pixelcut-export-1.svg","contentUrl":"https:\/\/pakruojoparketas.com\/wp-content\/uploads\/2025\/02\/pixelcut-export-1.svg","width":321,"height":284,"caption":"Pakruojo parketas"},"image":{"@id":"https:\/\/pakruojoparketas.com\/#\/schema\/logo\/image\/"}}]}},"_links":{"self":[{"href":"https:\/\/pakruojoparketas.com\/en\/wp-json\/wp\/v2\/pages\/36179","targetHints":{"allow":["GET"]}}],"collection":[{"href":"https:\/\/pakruojoparketas.com\/en\/wp-json\/wp\/v2\/pages"}],"about":[{"href":"https:\/\/pakruojoparketas.com\/en\/wp-json\/wp\/v2\/types\/page"}],"author":[{"embeddable":true,"href":"https:\/\/pakruojoparketas.com\/en\/wp-json\/wp\/v2\/users\/2"}],"replies":[{"embeddable":true,"href":"https:\/\/pakruojoparketas.com\/en\/wp-json\/wp\/v2\/comments?post=36179"}],"version-history":[{"count":3,"href":"https:\/\/pakruojoparketas.com\/en\/wp-json\/wp\/v2\/pages\/36179\/revisions"}],"predecessor-version":[{"id":36618,"href":"https:\/\/pakruojoparketas.com\/en\/wp-json\/wp\/v2\/pages\/36179\/revisions\/36618"}],"wp:featuredmedia":[{"embeddable":true,"href":"https:\/\/pakruojoparketas.com\/en\/wp-json\/wp\/v2\/media\/36140"}],"wp:attachment":[{"href":"https:\/\/pakruojoparketas.com\/en\/wp-json\/wp\/v2\/media?parent=36179"}],"curies":[{"name":"wp","href":"https:\/\/api.w.org\/{rel}","templated":true}]}}