{"id":36181,"date":"2023-03-07T13:55:23","date_gmt":"2023-03-07T13:55:23","guid":{"rendered":"https:\/\/pakruojoparketas.com\/services\/"},"modified":"2025-12-29T12:31:01","modified_gmt":"2025-12-29T12:31:01","slug":"service","status":"publish","type":"page","link":"https:\/\/pakruojoparketas.com\/en\/service\/","title":{"rendered":"Floor Manufacturing and Related Services"},"content":{"rendered":"\t\t<div data-elementor-type=\"wp-page\" data-elementor-id=\"36181\" class=\"elementor elementor-36181 elementor-29509\">\n\t\t\t\t\t\t<section class=\"elementor-section elementor-top-section elementor-element elementor-element-1c581116 elementor-section-boxed elementor-section-height-default elementor-section-height-default sc_fly_static\" data-id=\"1c581116\" data-element_type=\"section\">\n\t\t\t\t\t\t<div class=\"elementor-container elementor-column-gap-extended\">\n\t\t\t\t\t<div class=\"elementor-column elementor-col-100 elementor-top-column elementor-element elementor-element-4431957e sc_layouts_column_align_center sc_layouts_column sc_content_align_inherit sc_layouts_column_icons_position_left sc_fly_static\" data-id=\"4431957e\" data-element_type=\"column\">\n\t\t\t<div class=\"elementor-widget-wrap elementor-element-populated\">\n\t\t\t\t\t\t<div class=\"elementor-element elementor-element-570f422e sc_height_huge sc_fly_static elementor-widget elementor-widget-spacer\" data-id=\"570f422e\" data-element_type=\"widget\" data-widget_type=\"spacer.default\">\n\t\t\t\t<div class=\"elementor-widget-container\">\n\t\t\t\t\t\t\t<div class=\"elementor-spacer\">\n\t\t\t<div class=\"elementor-spacer-inner\"><\/div>\n\t\t<\/div>\n\t\t\t\t\t\t<\/div>\n\t\t\t\t<\/div>\n\t\t\t\t\t<\/div>\n\t\t<\/div>\n\t\t\t\t\t<\/div>\n\t\t<\/section>\n\t\t\t\t<section class=\"elementor-section elementor-top-section elementor-element elementor-element-1ad6e166 elementor-section-boxed elementor-section-height-default elementor-section-height-default sc_fly_static\" data-id=\"1ad6e166\" data-element_type=\"section\">\n\t\t\t\t\t\t<div class=\"elementor-container elementor-column-gap-extended\">\n\t\t\t\t\t<div class=\"elementor-column elementor-col-100 elementor-top-column elementor-element elementor-element-10116a5c sc_layouts_column_align_center sc_layouts_column sc_content_align_inherit sc_layouts_column_icons_position_left sc_fly_static\" data-id=\"10116a5c\" data-element_type=\"column\">\n\t\t\t<div class=\"elementor-widget-wrap elementor-element-populated\">\n\t\t\t\t\t\t<div class=\"elementor-element elementor-element-1d1280ab sc_fly_static elementor-widget elementor-widget-trx_sc_title\" data-id=\"1d1280ab\" data-element_type=\"widget\" data-widget_type=\"trx_sc_title.default\">\n\t\t\t\t<div class=\"elementor-widget-container\">\n\t\t\t\t\t<div\t\tclass=\"sc_title sc_title_default\" ><span class=\"sc_item_subtitle sc_title_subtitle sc_item_subtitle_above sc_item_title_style_default\">Services<\/span><h2 class=\"sc_item_title sc_title_title sc_item_title_style_default sc_item_title_tag\"\n\t\t\t><span class=\"sc_item_title_text\">Wood Flooring and Parquet Manufacturing, Installation, and Restoration<\/span><\/h2><\/div>\t\t\t\t<\/div>\n\t\t\t\t<\/div>\n\t\t\t\t<div class=\"elementor-element elementor-element-1bbfae53 sc_height_small sc_fly_static elementor-widget elementor-widget-spacer\" data-id=\"1bbfae53\" data-element_type=\"widget\" data-widget_type=\"spacer.default\">\n\t\t\t\t<div class=\"elementor-widget-container\">\n\t\t\t\t\t\t\t<div class=\"elementor-spacer\">\n\t\t\t<div class=\"elementor-spacer-inner\"><\/div>\n\t\t<\/div>\n\t\t\t\t\t\t<\/div>\n\t\t\t\t<\/div>\n\t\t\t\t<div class=\"elementor-element elementor-element-31d4422 sc_style_default sc_fly_static elementor-widget elementor-widget-trx_sc_blogger\" data-id=\"31d4422\" data-element_type=\"widget\" data-widget_type=\"trx_sc_blogger.default\">\n\t\t\t\t<div class=\"elementor-widget-container\">\n\t\t\t\t\t<div \t\tclass=\"sc_blogger sc_blogger_lay_portfolio sc_blogger_lay_portfolio_style-1 sc_item_filters_tabs_none alignnone\" ><div class=\"sc_blogger_columns_wrap sc_item_columns sc_item_posts_container trx_addons_columns_wrap columns_padding_bottom columns_in_single_row\" ><div class=\"trx_addons_column-1_3\"><div data-post-id=\"36179\" data-item-number=\"1\" class=\"sc_blogger_item sc_item_container post_container sc_blogger_item_lay_portfolio sc_blogger_item_lay_portfolio_style-1 sc_blogger_item_odd sc_blogger_item_align_none post_format_standard sc_blogger_item_with_image sc_blogger_item_no_excerpt sc_blogger_item_image_position_top post-36179 page type-page status-publish has-post-thumbnail hentry\" ><div class=\"sc_blogger_item_body\"><div class=\"post_featured with_thumb hover_link sc_item_featured sc_blogger_item_featured\"><img fetchpriority=\"high\" decoding=\"async\" width=\"650\" height=\"572\" src=\"https:\/\/pakruojoparketas.com\/wp-content\/uploads\/2025\/02\/pexels-fwstudio-33348-172292-650x572.jpg\" class=\"attachment-corgan-thumb-medium-square size-corgan-thumb-medium-square wp-post-image\" alt=\"\" \/>\t\t\t\t\t\t<div class=\"mask\"><\/div>\n\t\t\t\t\t\t\t\t\t<a href=\"https:\/\/pakruojoparketas.com\/en\/installation-work\/\"  aria-hidden=\"true\" class=\"link\"><\/a>\r\n\t\t\t<\/div><div class=\"sc_blogger_item_content entry-content\"><h5 class=\"sc_blogger_item_title entry-title\" data-item-number=\"1\"><a href=\"https:\/\/pakruojoparketas.com\/en\/installation-work\/\" rel=\"bookmark\">Floor Installation<\/a><\/h5><div class=\"sc_blogger_item_button sc_item_button\"><a href=\"https:\/\/pakruojoparketas.com\/en\/installation-work\/\" class=\"item_more_link\"><span class=\"link_text\">Read More<\/span><span class=\"link_icon\"><\/span><\/a><\/div><\/div><!-- .entry-content --><\/div><!-- .sc_blogger_item_body --><\/div><!-- .sc_blogger_item --><\/div><div class=\"trx_addons_column-1_3\"><div data-post-id=\"36173\" data-item-number=\"2\" class=\"sc_blogger_item sc_item_container post_container sc_blogger_item_lay_portfolio sc_blogger_item_lay_portfolio_style-1 sc_blogger_item_even sc_blogger_item_align_none post_format_standard sc_blogger_item_with_image sc_blogger_item_no_excerpt sc_blogger_item_image_position_top post-36173 page type-page status-publish has-post-thumbnail hentry\" ><div class=\"sc_blogger_item_body\"><div class=\"post_featured with_thumb hover_link sc_item_featured sc_blogger_item_featured\"><img decoding=\"async\" width=\"650\" height=\"572\" src=\"https:\/\/pakruojoparketas.com\/wp-content\/uploads\/2025\/02\/pexels-digitalbuggu-218535-650x572.jpg\" class=\"attachment-corgan-thumb-medium-square size-corgan-thumb-medium-square wp-post-image\" alt=\"\" \/>\t\t\t\t\t\t<div class=\"mask\"><\/div>\n\t\t\t\t\t\t\t\t\t<a href=\"https:\/\/pakruojoparketas.com\/en\/floor-production\/\"  aria-hidden=\"true\" class=\"link\"><\/a>\r\n\t\t\t<\/div><div class=\"sc_blogger_item_content entry-content\"><h5 class=\"sc_blogger_item_title entry-title\" data-item-number=\"2\"><a href=\"https:\/\/pakruojoparketas.com\/en\/floor-production\/\" rel=\"bookmark\">Floor production<\/a><\/h5><div class=\"sc_blogger_item_button sc_item_button\"><a href=\"https:\/\/pakruojoparketas.com\/en\/floor-production\/\" class=\"item_more_link\"><span class=\"link_text\">Read More<\/span><span class=\"link_icon\"><\/span><\/a><\/div><\/div><!-- .entry-content --><\/div><!-- .sc_blogger_item_body --><\/div><!-- .sc_blogger_item --><\/div><div class=\"trx_addons_column-1_3\"><div data-post-id=\"36201\" data-item-number=\"3\" class=\"sc_blogger_item sc_item_container post_container sc_blogger_item_lay_portfolio sc_blogger_item_lay_portfolio_style-1 sc_blogger_item_odd sc_blogger_item_align_none post_format_standard sc_blogger_item_with_image sc_blogger_item_no_excerpt sc_blogger_item_image_position_top post-36201 cpt_services type-cpt_services status-publish has-post-thumbnail hentry\" ><div class=\"sc_blogger_item_body\"><div class=\"post_featured with_thumb hover_link sc_item_featured sc_blogger_item_featured\"><img decoding=\"async\" width=\"650\" height=\"572\" src=\"https:\/\/pakruojoparketas.com\/wp-content\/uploads\/2025\/03\/DSC_0011-650x572.jpg\" class=\"attachment-corgan-thumb-medium-square size-corgan-thumb-medium-square wp-post-image\" alt=\"Pakruojo dvaras 2013 m 1\" \/>\t\t\t\t\t\t<div class=\"mask\"><\/div>\n\t\t\t\t\t\t\t\t\t<a href=\"https:\/\/pakruojoparketas.com\/en\/services\/restoration\/\"  aria-hidden=\"true\" class=\"link\"><\/a>\r\n\t\t\t<\/div><div class=\"sc_blogger_item_content entry-content\"><h5 class=\"sc_blogger_item_title entry-title\" data-item-number=\"3\"><a href=\"https:\/\/pakruojoparketas.com\/en\/services\/restoration\/\" rel=\"bookmark\">Restoration<\/a><\/h5><div class=\"sc_blogger_item_button sc_item_button\"><a href=\"https:\/\/pakruojoparketas.com\/en\/services\/restoration\/\" class=\"item_more_link\"><span class=\"link_text\">Read More<\/span><span class=\"link_icon\"><\/span><\/a><\/div><\/div><!-- .entry-content --><\/div><!-- .sc_blogger_item_body --><\/div><!-- .sc_blogger_item --><\/div><\/div><\/div>\t\t\t\t<\/div>\n\t\t\t\t<\/div>\n\t\t\t\t<div class=\"elementor-element elementor-element-a9e9d9d sc_height_huge sc_fly_static elementor-widget elementor-widget-spacer\" data-id=\"a9e9d9d\" data-element_type=\"widget\" data-widget_type=\"spacer.default\">\n\t\t\t\t<div class=\"elementor-widget-container\">\n\t\t\t\t\t\t\t<div class=\"elementor-spacer\">\n\t\t\t<div class=\"elementor-spacer-inner\"><\/div>\n\t\t<\/div>\n\t\t\t\t\t\t<\/div>\n\t\t\t\t<\/div>\n\t\t\t\t\t<\/div>\n\t\t<\/div>\n\t\t\t\t\t<\/div>\n\t\t<\/section>\n\t\t<div class=\"elementor-element elementor-element-f52cb57 e-flex e-con-boxed sc_layouts_column_icons_position_left e-con e-parent\" data-id=\"f52cb57\" data-element_type=\"container\">\n\t\t\t\t\t<div class=\"e-con-inner\">\n\t\t\t\t<div class=\"elementor-element elementor-element-2685097 sc_fly_static elementor-widget elementor-widget-heading\" data-id=\"2685097\" data-element_type=\"widget\" data-widget_type=\"heading.default\">\n\t\t\t\t<div class=\"elementor-widget-container\">\n\t\t\t\t\t<h3 class=\"elementor-heading-title elementor-size-default\">Why Choose \u201cPakruojo Parketas\u201d<\/h3>\t\t\t\t<\/div>\n\t\t\t\t<\/div>\n\t\t\t\t<div class=\"elementor-element elementor-element-e38818d sc_fly_static elementor-widget elementor-widget-text-editor\" data-id=\"e38818d\" data-element_type=\"widget\" data-widget_type=\"text-editor.default\">\n\t\t\t\t<div class=\"elementor-widget-container\">\n\t\t\t\t\t\t\t\t\t<p>We provide a full range of flooring and parquet services \u2013 from wooden floor manufacturing to professional installation and the restoration of old floors. We work with solid oak and ash flooring, producing parquet and solid wood floorboards to individual specifications.<\/p>\n<p>Our experience allows us to offer tailored solutions for new homes as well as historic and renovated buildings. We ensure high quality, long-lasting performance, and refined aesthetics at every stage \u2013 from production to the final floor renovation.<\/p>\n\t\t\t\t\t\t\t\t<\/div>\n\t\t\t\t<\/div>\n\t\t\t\t\t<\/div>\n\t\t\t\t<\/div>\n\t\t<div class=\"elementor-element elementor-element-c3415bc e-flex e-con-boxed sc_layouts_column_icons_position_left e-con e-parent\" data-id=\"c3415bc\" data-element_type=\"container\">\n\t\t\t\t\t<div class=\"e-con-inner\">\n\t\t\t\t<div class=\"elementor-element elementor-element-9b00e22 sc_fly_static elementor-widget elementor-widget-spacer\" data-id=\"9b00e22\" data-element_type=\"widget\" data-widget_type=\"spacer.default\">\n\t\t\t\t<div class=\"elementor-widget-container\">\n\t\t\t\t\t\t\t<div class=\"elementor-spacer\">\n\t\t\t<div class=\"elementor-spacer-inner\"><\/div>\n\t\t<\/div>\n\t\t\t\t\t\t<\/div>\n\t\t\t\t<\/div>\n\t\t\t\t\t<\/div>\n\t\t\t\t<\/div>\n\t\t\t\t<\/div>\n\t\t","protected":false},"excerpt":{"rendered":"<p>Services Wood Flooring and Parquet Manufacturing, Installation, and Restoration \u0104\u017euolin\u0117s grindys Read More Grind\u0173 gamyba Read More Grind\u0173 montavimas Read More Grind\u0173 Restauravimas Read More Why Choose \u201cPakruojo Parketas\u201d We&hellip;<\/p>\n","protected":false},"author":1,"featured_media":0,"parent":0,"menu_order":0,"comment_status":"closed","ping_status":"closed","template":"","meta":{"inline_featured_image":false,"footnotes":""},"class_list":["post-36181","page","type-page","status-publish","hentry"],"yoast_head":"<!-- This site is optimized with the Yoast SEO plugin v26.5 - https:\/\/yoast.com\/wordpress\/plugins\/seo\/ -->\n<title>Floor Manufacturing and Related Services - Pakruojo parketas<\/title>\n<meta name=\"description\" content=\"High-quality solid oak and ash wood flooring manufacturing. We produce parquet and solid wood floorboards to individual orders.\" \/>\n<meta name=\"robots\" content=\"index, follow, max-snippet:-1, max-image-preview:large, max-video-preview:-1\" \/>\n<link rel=\"canonical\" href=\"https:\/\/pakruojoparketas.com\/paslaugos\/\" \/>\n<meta property=\"og:locale\" content=\"en_US\" \/>\n<meta property=\"og:type\" content=\"article\" \/>\n<meta property=\"og:title\" content=\"Floor Manufacturing and Related Services - Pakruojo parketas\" \/>\n<meta property=\"og:description\" content=\"High-quality solid oak and ash wood flooring manufacturing. We produce parquet and solid wood floorboards to individual orders.\" \/>\n<meta property=\"og:url\" content=\"https:\/\/pakruojoparketas.com\/paslaugos\/\" \/>\n<meta property=\"og:site_name\" content=\"Pakruojo parketas\" \/>\n<meta property=\"article:modified_time\" content=\"2025-12-29T12:31:01+00:00\" \/>\n<meta property=\"og:image\" content=\"https:\/\/pakruojoparketas.com\/wp-content\/uploads\/2025\/02\/pexels-digitalbuggu-218535-650x572.jpg\" \/>\n<meta name=\"twitter:card\" content=\"summary_large_image\" \/>\n<meta name=\"twitter:label1\" content=\"Est. reading time\" \/>\n\t<meta name=\"twitter:data1\" content=\"1 minute\" \/>\n<script type=\"application\/ld+json\" class=\"yoast-schema-graph\">{\"@context\":\"https:\/\/schema.org\",\"@graph\":[{\"@type\":\"WebPage\",\"@id\":\"https:\/\/pakruojoparketas.com\/paslaugos\/\",\"url\":\"https:\/\/pakruojoparketas.com\/paslaugos\/\",\"name\":\"Floor Manufacturing and Related Services - Pakruojo parketas\",\"isPartOf\":{\"@id\":\"https:\/\/pakruojoparketas.com\/#website\"},\"primaryImageOfPage\":{\"@id\":\"https:\/\/pakruojoparketas.com\/paslaugos\/#primaryimage\"},\"image\":{\"@id\":\"https:\/\/pakruojoparketas.com\/paslaugos\/#primaryimage\"},\"thumbnailUrl\":\"https:\/\/pakruojoparketas.com\/wp-content\/uploads\/2025\/02\/pexels-digitalbuggu-218535-650x572.jpg\",\"datePublished\":\"2023-03-07T13:55:23+00:00\",\"dateModified\":\"2025-12-29T12:31:01+00:00\",\"description\":\"High-quality solid oak and ash wood flooring manufacturing. We produce parquet and solid wood floorboards to individual orders.\",\"breadcrumb\":{\"@id\":\"https:\/\/pakruojoparketas.com\/paslaugos\/#breadcrumb\"},\"inLanguage\":\"en-US\",\"potentialAction\":[{\"@type\":\"ReadAction\",\"target\":[\"https:\/\/pakruojoparketas.com\/paslaugos\/\"]}]},{\"@type\":\"ImageObject\",\"inLanguage\":\"en-US\",\"@id\":\"https:\/\/pakruojoparketas.com\/paslaugos\/#primaryimage\",\"url\":\"https:\/\/pakruojoparketas.com\/wp-content\/uploads\/2025\/02\/pexels-digitalbuggu-218535-650x572.jpg\",\"contentUrl\":\"https:\/\/pakruojoparketas.com\/wp-content\/uploads\/2025\/02\/pexels-digitalbuggu-218535-650x572.jpg\"},{\"@type\":\"BreadcrumbList\",\"@id\":\"https:\/\/pakruojoparketas.com\/paslaugos\/#breadcrumb\",\"itemListElement\":[{\"@type\":\"ListItem\",\"position\":1,\"name\":\"Home\",\"item\":\"https:\/\/pakruojoparketas.com\/en\/\"},{\"@type\":\"ListItem\",\"position\":2,\"name\":\"Floor Manufacturing and Related Services\"}]},{\"@type\":\"WebSite\",\"@id\":\"https:\/\/pakruojoparketas.com\/#website\",\"url\":\"https:\/\/pakruojoparketas.com\/\",\"name\":\"Pakruojo parketas\",\"description\":\"\",\"publisher\":{\"@id\":\"https:\/\/pakruojoparketas.com\/#organization\"},\"potentialAction\":[{\"@type\":\"SearchAction\",\"target\":{\"@type\":\"EntryPoint\",\"urlTemplate\":\"https:\/\/pakruojoparketas.com\/?s={search_term_string}\"},\"query-input\":{\"@type\":\"PropertyValueSpecification\",\"valueRequired\":true,\"valueName\":\"search_term_string\"}}],\"inLanguage\":\"en-US\"},{\"@type\":\"Organization\",\"@id\":\"https:\/\/pakruojoparketas.com\/#organization\",\"name\":\"Pakruojo parketas\",\"url\":\"https:\/\/pakruojoparketas.com\/\",\"logo\":{\"@type\":\"ImageObject\",\"inLanguage\":\"en-US\",\"@id\":\"https:\/\/pakruojoparketas.com\/#\/schema\/logo\/image\/\",\"url\":\"https:\/\/pakruojoparketas.com\/wp-content\/uploads\/2025\/02\/pixelcut-export-1.svg\",\"contentUrl\":\"https:\/\/pakruojoparketas.com\/wp-content\/uploads\/2025\/02\/pixelcut-export-1.svg\",\"width\":321,\"height\":284,\"caption\":\"Pakruojo parketas\"},\"image\":{\"@id\":\"https:\/\/pakruojoparketas.com\/#\/schema\/logo\/image\/\"}}]}<\/script>\n<!-- \/ Yoast SEO plugin. -->","yoast_head_json":{"title":"Floor Manufacturing and Related Services - Pakruojo parketas","description":"High-quality solid oak and ash wood flooring manufacturing. We produce parquet and solid wood floorboards to individual orders.","robots":{"index":"index","follow":"follow","max-snippet":"max-snippet:-1","max-image-preview":"max-image-preview:large","max-video-preview":"max-video-preview:-1"},"canonical":"https:\/\/pakruojoparketas.com\/paslaugos\/","og_locale":"en_US","og_type":"article","og_title":"Floor Manufacturing and Related Services - Pakruojo parketas","og_description":"High-quality solid oak and ash wood flooring manufacturing. We produce parquet and solid wood floorboards to individual orders.","og_url":"https:\/\/pakruojoparketas.com\/paslaugos\/","og_site_name":"Pakruojo parketas","article_modified_time":"2025-12-29T12:31:01+00:00","og_image":[{"url":"https:\/\/pakruojoparketas.com\/wp-content\/uploads\/2025\/02\/pexels-digitalbuggu-218535-650x572.jpg","type":"","width":"","height":""}],"twitter_card":"summary_large_image","twitter_misc":{"Est. reading time":"1 minute"},"schema":{"@context":"https:\/\/schema.org","@graph":[{"@type":"WebPage","@id":"https:\/\/pakruojoparketas.com\/paslaugos\/","url":"https:\/\/pakruojoparketas.com\/paslaugos\/","name":"Floor Manufacturing and Related Services - Pakruojo parketas","isPartOf":{"@id":"https:\/\/pakruojoparketas.com\/#website"},"primaryImageOfPage":{"@id":"https:\/\/pakruojoparketas.com\/paslaugos\/#primaryimage"},"image":{"@id":"https:\/\/pakruojoparketas.com\/paslaugos\/#primaryimage"},"thumbnailUrl":"https:\/\/pakruojoparketas.com\/wp-content\/uploads\/2025\/02\/pexels-digitalbuggu-218535-650x572.jpg","datePublished":"2023-03-07T13:55:23+00:00","dateModified":"2025-12-29T12:31:01+00:00","description":"High-quality solid oak and ash wood flooring manufacturing. We produce parquet and solid wood floorboards to individual orders.","breadcrumb":{"@id":"https:\/\/pakruojoparketas.com\/paslaugos\/#breadcrumb"},"inLanguage":"en-US","potentialAction":[{"@type":"ReadAction","target":["https:\/\/pakruojoparketas.com\/paslaugos\/"]}]},{"@type":"ImageObject","inLanguage":"en-US","@id":"https:\/\/pakruojoparketas.com\/paslaugos\/#primaryimage","url":"https:\/\/pakruojoparketas.com\/wp-content\/uploads\/2025\/02\/pexels-digitalbuggu-218535-650x572.jpg","contentUrl":"https:\/\/pakruojoparketas.com\/wp-content\/uploads\/2025\/02\/pexels-digitalbuggu-218535-650x572.jpg"},{"@type":"BreadcrumbList","@id":"https:\/\/pakruojoparketas.com\/paslaugos\/#breadcrumb","itemListElement":[{"@type":"ListItem","position":1,"name":"Home","item":"https:\/\/pakruojoparketas.com\/en\/"},{"@type":"ListItem","position":2,"name":"Floor Manufacturing and Related Services"}]},{"@type":"WebSite","@id":"https:\/\/pakruojoparketas.com\/#website","url":"https:\/\/pakruojoparketas.com\/","name":"Pakruojo parketas","description":"","publisher":{"@id":"https:\/\/pakruojoparketas.com\/#organization"},"potentialAction":[{"@type":"SearchAction","target":{"@type":"EntryPoint","urlTemplate":"https:\/\/pakruojoparketas.com\/?s={search_term_string}"},"query-input":{"@type":"PropertyValueSpecification","valueRequired":true,"valueName":"search_term_string"}}],"inLanguage":"en-US"},{"@type":"Organization","@id":"https:\/\/pakruojoparketas.com\/#organization","name":"Pakruojo parketas","url":"https:\/\/pakruojoparketas.com\/","logo":{"@type":"ImageObject","inLanguage":"en-US","@id":"https:\/\/pakruojoparketas.com\/#\/schema\/logo\/image\/","url":"https:\/\/pakruojoparketas.com\/wp-content\/uploads\/2025\/02\/pixelcut-export-1.svg","contentUrl":"https:\/\/pakruojoparketas.com\/wp-content\/uploads\/2025\/02\/pixelcut-export-1.svg","width":321,"height":284,"caption":"Pakruojo parketas"},"image":{"@id":"https:\/\/pakruojoparketas.com\/#\/schema\/logo\/image\/"}}]}},"_links":{"self":[{"href":"https:\/\/pakruojoparketas.com\/en\/wp-json\/wp\/v2\/pages\/36181","targetHints":{"allow":["GET"]}}],"collection":[{"href":"https:\/\/pakruojoparketas.com\/en\/wp-json\/wp\/v2\/pages"}],"about":[{"href":"https:\/\/pakruojoparketas.com\/en\/wp-json\/wp\/v2\/types\/page"}],"author":[{"embeddable":true,"href":"https:\/\/pakruojoparketas.com\/en\/wp-json\/wp\/v2\/users\/1"}],"replies":[{"embeddable":true,"href":"https:\/\/pakruojoparketas.com\/en\/wp-json\/wp\/v2\/comments?post=36181"}],"version-history":[{"count":7,"href":"https:\/\/pakruojoparketas.com\/en\/wp-json\/wp\/v2\/pages\/36181\/revisions"}],"predecessor-version":[{"id":36640,"href":"https:\/\/pakruojoparketas.com\/en\/wp-json\/wp\/v2\/pages\/36181\/revisions\/36640"}],"wp:attachment":[{"href":"https:\/\/pakruojoparketas.com\/en\/wp-json\/wp\/v2\/media?parent=36181"}],"curies":[{"name":"wp","href":"https:\/\/api.w.org\/{rel}","templated":true}]}}