{"id":36183,"date":"2025-02-27T15:22:41","date_gmt":"2025-02-27T15:22:41","guid":{"rendered":"https:\/\/pakruojoparketas.com\/services\/floorboards\/"},"modified":"2025-12-16T16:17:52","modified_gmt":"2025-12-16T16:17:52","slug":"floorboards","status":"publish","type":"page","link":"https:\/\/pakruojoparketas.com\/en\/service\/floorboards\/","title":{"rendered":"Floorboards"},"content":{"rendered":"\t\t<div data-elementor-type=\"wp-page\" data-elementor-id=\"36183\" class=\"elementor elementor-36183 elementor-35223\">\n\t\t\t\t<div class=\"elementor-element elementor-element-a33303d e-flex e-con-boxed sc_layouts_column_icons_position_left e-con e-parent\" data-id=\"a33303d\" data-element_type=\"container\">\n\t\t\t\t\t<div class=\"e-con-inner\">\n\t\t<div class=\"elementor-element elementor-element-5d35cd0 e-con-full e-flex sc_layouts_column_icons_position_left e-con e-child\" data-id=\"5d35cd0\" data-element_type=\"container\" data-settings=\"{&quot;background_background&quot;:&quot;classic&quot;}\">\n\t\t\t\t<div class=\"sidebar elementor-element elementor-element-b257307 sc_fly_static elementor-widget elementor-widget-trx_sc_layouts_widgets\" data-id=\"b257307\" data-element_type=\"widget\" data-widget_type=\"trx_sc_layouts_widgets.default\">\n\t\t\t\t<div class=\"elementor-widget-container\">\n\t\t\t\t\t<div class=\"sc_layouts_widgets widget_area\" ><div class=\"sc_layouts_widgets_inner widget_area_inner\"><div class=\"sc_layouts_widgets_columns_wrap trx_addons_columns_wrap\"><aside class=\"trx_addons_column-1_2 widget widget_text\"><h5 class=\"widget_title\">Contact us<\/h5>\t\t\t<div class=\"textwidget\">\n<div class=\"wpcf7 no-js\" id=\"wpcf7-f36235-o1\" lang=\"en-US\" dir=\"ltr\" data-wpcf7-id=\"36235\">\n<div class=\"screen-reader-response\"><p role=\"status\" aria-live=\"polite\" aria-atomic=\"true\"><\/p> <ul><\/ul><\/div>\n<form action=\"\/en\/wp-json\/wp\/v2\/pages\/36183#wpcf7-f36235-o1\" method=\"post\" class=\"wpcf7-form init\" aria-label=\"Contact form\" novalidate=\"novalidate\" data-status=\"init\">\n<div style=\"display: none;\">\n<input type=\"hidden\" name=\"_wpcf7\" value=\"36235\" \/>\n<input type=\"hidden\" name=\"_wpcf7_version\" value=\"6.0.6\" \/>\n<input type=\"hidden\" name=\"_wpcf7_locale\" value=\"en_US\" \/>\n<input type=\"hidden\" name=\"_wpcf7_unit_tag\" value=\"wpcf7-f36235-o1\" \/>\n<input type=\"hidden\" name=\"_wpcf7_container_post\" value=\"0\" \/>\n<input type=\"hidden\" name=\"_wpcf7_posted_data_hash\" value=\"\" \/>\n<input type=\"hidden\" name=\"_wpcf7_recaptcha_response\" value=\"\" \/>\n<\/div>\n<div class=\"form-style-8\">\n\t<div class=\"columns_wrap\">\n\t\t<div class=\"column-1_1\">\n\t\t\t<p><span class=\"style-line\"><span class=\"wpcf7-form-control-wrap\" data-name=\"your-name\"><input size=\"40\" maxlength=\"400\" class=\"wpcf7-form-control wpcf7-text wpcf7-validates-as-required\" aria-required=\"true\" aria-invalid=\"false\" placeholder=\"Name\" value=\"\" type=\"text\" name=\"your-name\" \/><\/span><\/span>\n\t\t\t<\/p>\n\t\t<\/div>\n\t<\/div>\n\t<div class=\"columns_wrap\">\n\t\t<div class=\"column-1_1\">\n\t\t\t<p><span class=\"style-line\"><span class=\"wpcf7-form-control-wrap\" data-name=\"your-email\"><input size=\"40\" maxlength=\"400\" class=\"wpcf7-form-control wpcf7-email wpcf7-validates-as-required wpcf7-text wpcf7-validates-as-email\" aria-required=\"true\" aria-invalid=\"false\" placeholder=\"E.mail\" value=\"\" type=\"email\" name=\"your-email\" \/><\/span><\/span>\n\t\t\t<\/p>\n\t\t<\/div>\n\t<\/div>\n\t<div class=\"columns_wrap margin-bottom\">\n\t\t<div class=\"column-1_1\">\n\t\t\t<p><span class=\"style-line\"><span class=\"wpcf7-form-control-wrap\" data-name=\"your-message\"><textarea cols=\"40\" rows=\"10\" maxlength=\"2000\" class=\"wpcf7-form-control wpcf7-textarea wpcf7-validates-as-required\" aria-required=\"true\" aria-invalid=\"false\" placeholder=\"Message\" name=\"your-message\"><\/textarea><\/span><\/span>\n\t\t\t<\/p>\n\t\t<\/div>\n\t<\/div>\n<span class=\"wpcf7-form-control-wrap recaptcha\" data-name=\"recaptcha\"><span data-sitekey=\"6LeFIOgqAAAAAF_C5MLK0XQXcKwPwNN3ikfUh_Hl\" class=\"wpcf7-form-control wpcf7-recaptcha g-recaptcha\"><\/span>\r\n<noscript>\r\n\t<div class=\"grecaptcha-noscript\">\r\n\t\t<iframe src=\"https:\/\/www.google.com\/recaptcha\/api\/fallback?k=6LeFIOgqAAAAAF_C5MLK0XQXcKwPwNN3ikfUh_Hl\" frameborder=\"0\" scrolling=\"no\">\r\n\t\t<\/iframe>\r\n\t\t<textarea name=\"g-recaptcha-response\" rows=\"3\" cols=\"40\" placeholder=\"reCaptcha Response Here\">\r\n\t\t<\/textarea>\r\n\t<\/div>\r\n<\/noscript>\r\n<\/span>\n\t<p><input class=\"wpcf7-form-control wpcf7-submit has-spinner\" type=\"submit\" value=\"Submit\" \/>\n\t<\/p>\n<\/div><div class=\"wpcf7-response-output\" aria-hidden=\"true\"><\/div>\n<\/form>\n<\/div>\n\n<\/div>\n\t\t<\/aside><aside class=\"trx_addons_column-1_2 widget widget_contacts\"><h5 class=\"widget_title\">Contact information<\/h5><div class=\"contacts_wrap\"><div class=\"contacts_info\"><span class=\"contacts_address\">Stoties g. 21, Petra\u0161i\u016bn\u0173 k. LT-83477 Pakruojo r.<\/span><span class=\"contacts_email\"><a href=\"mailto:&#105;nf&#111;&#64;pa&#107;&#114;uo&#106;op&#97;&#114;ketas&#46;&#108;t\">&#105;&#110;&#102;o&#64;pa&#107;&#114;uo&#106;o&#112;ar&#107;et&#97;s.&#108;&#116;<\/a><\/span><a href=\"tel:+37068783868\" class=\"contacts_phone\">+37068783868<\/a><\/div><\/div><\/aside><\/div>\t\t\t<\/div>\n\t\t<\/div>\n\t\t\t\t\t\t<\/div>\n\t\t\t\t<\/div>\n\t\t\t\t<\/div>\n\t\t<div class=\"elementor-element elementor-element-cb9301b e-con-full e-flex sc_layouts_column_icons_position_left e-con e-child\" data-id=\"cb9301b\" data-element_type=\"container\">\n\t\t\t\t<div class=\"elementor-element elementor-element-b351b66 sc_fly_static elementor-widget elementor-widget-image\" data-id=\"b351b66\" data-element_type=\"widget\" data-widget_type=\"image.default\">\n\t\t\t\t<div class=\"elementor-widget-container\">\n\t\t\t\t\t\t\t\t\t\t\t\t\t\t\t<img fetchpriority=\"high\" decoding=\"async\" width=\"2560\" height=\"2560\" src=\"https:\/\/pakruojoparketas.com\/wp-content\/uploads\/2025\/02\/ddp-kS1UuxzkuJE-unsplash-scaled.jpg\" class=\"attachment-full size-full wp-image-36136\" alt=\"\" srcset=\"https:\/\/pakruojoparketas.com\/wp-content\/uploads\/2025\/02\/ddp-kS1UuxzkuJE-unsplash-scaled.jpg 2560w, https:\/\/pakruojoparketas.com\/wp-content\/uploads\/2025\/02\/ddp-kS1UuxzkuJE-unsplash-300x300.jpg 300w, https:\/\/pakruojoparketas.com\/wp-content\/uploads\/2025\/02\/ddp-kS1UuxzkuJE-unsplash-1024x1024.jpg 1024w, https:\/\/pakruojoparketas.com\/wp-content\/uploads\/2025\/02\/ddp-kS1UuxzkuJE-unsplash-150x150.jpg 150w, https:\/\/pakruojoparketas.com\/wp-content\/uploads\/2025\/02\/ddp-kS1UuxzkuJE-unsplash-768x768.jpg 768w, https:\/\/pakruojoparketas.com\/wp-content\/uploads\/2025\/02\/ddp-kS1UuxzkuJE-unsplash-1536x1536.jpg 1536w, https:\/\/pakruojoparketas.com\/wp-content\/uploads\/2025\/02\/ddp-kS1UuxzkuJE-unsplash-2048x2048.jpg 2048w, https:\/\/pakruojoparketas.com\/wp-content\/uploads\/2025\/02\/ddp-kS1UuxzkuJE-unsplash-370x370.jpg 370w, https:\/\/pakruojoparketas.com\/wp-content\/uploads\/2025\/02\/ddp-kS1UuxzkuJE-unsplash-120x120.jpg 120w, https:\/\/pakruojoparketas.com\/wp-content\/uploads\/2025\/02\/ddp-kS1UuxzkuJE-unsplash-840x840.jpg 840w, https:\/\/pakruojoparketas.com\/wp-content\/uploads\/2025\/02\/ddp-kS1UuxzkuJE-unsplash-410x410.jpg 410w, https:\/\/pakruojoparketas.com\/wp-content\/uploads\/2025\/02\/ddp-kS1UuxzkuJE-unsplash-600x600.jpg 600w\" sizes=\"(max-width: 2560px) 100vw, 2560px\" \/>\t\t\t\t\t\t\t\t\t\t\t\t\t\t\t<\/div>\n\t\t\t\t<\/div>\n\t\t\t\t<div class=\"elementor-element elementor-element-f10b33e sc_fly_static elementor-widget elementor-widget-text-editor\" data-id=\"f10b33e\" data-element_type=\"widget\" data-widget_type=\"text-editor.default\">\n\t\t\t\t<div class=\"elementor-widget-container\">\n\t\t\t\t\t\t\t\t\t<p>Solid oak floorboards are a durable and aesthetically pleasing solution that adds natural warmth and character to any home. We manufacture floorboards from high-quality solid oak, offering both standard dimensions and custom-made solutions.<\/p>\n<p>Our floorboards are adapted to different spaces and interior styles, and we assist in selecting the most suitable finish when needed. Our products are popular in Lithuania and Scandinavia due to their quality, stability, and long-lasting performance.<\/p>\n\t\t\t\t\t\t\t\t<\/div>\n\t\t\t\t<\/div>\n\t\t\t\t<div class=\"elementor-element elementor-element-d9bc4d8 sc_fly_static elementor-widget elementor-widget-heading\" data-id=\"d9bc4d8\" data-element_type=\"widget\" data-widget_type=\"heading.default\">\n\t\t\t\t<div class=\"elementor-widget-container\">\n\t\t\t\t\t<h2 class=\"elementor-heading-title elementor-size-default\">Advantages of Solid Wood Floorboards<\/h2>\t\t\t\t<\/div>\n\t\t\t\t<\/div>\n\t\t\t\t<div class=\"elementor-element elementor-element-b4df832 sc_fly_static elementor-widget elementor-widget-text-editor\" data-id=\"b4df832\" data-element_type=\"widget\" data-widget_type=\"text-editor.default\">\n\t\t\t\t<div class=\"elementor-widget-container\">\n\t\t\t\t\t\t\t\t\t<p>Natural wood floorboards stand out for their durability, strength, and authentic aesthetic. They bring warmth and character to interior spaces and can be renewed over time through sanding, oiling, or lacquering. Thanks to their stability and resistance, solid wood floorboards are suitable for both residential and commercial premises. This is a practical, long-term flooring solution valued in Lithuania and Scandinavia.<\/p>\n\t\t\t\t\t\t\t\t<\/div>\n\t\t\t\t<\/div>\n\t\t\t\t<div class=\"elementor-element elementor-element-3ecdf33 sc_fly_static elementor-widget elementor-widget-heading\" data-id=\"3ecdf33\" data-element_type=\"widget\" data-widget_type=\"heading.default\">\n\t\t\t\t<div class=\"elementor-widget-container\">\n\t\t\t\t\t<h3 class=\"elementor-heading-title elementor-size-default\">Custom Manufacturing<\/h3>\t\t\t\t<\/div>\n\t\t\t\t<\/div>\n\t\t\t\t<div class=\"elementor-element elementor-element-3450624 sc_fly_static elementor-widget elementor-widget-text-editor\" data-id=\"3450624\" data-element_type=\"widget\" data-widget_type=\"text-editor.default\">\n\t\t\t\t<div class=\"elementor-widget-container\">\n\t\t\t\t\t\t\t\t\t<p>We manufacture floorboards to individual orders, taking into account the specific characteristics of the space, selected dimensions, and design requirements. We can customize the width, length, thickness, and surface finish of the boards. This made-to-order approach allows us to create flooring that perfectly matches each interior while ensuring high quality and long-lasting durability.<\/p>\n\t\t\t\t\t\t\t\t<\/div>\n\t\t\t\t<\/div>\n\t\t\t\t<div class=\"elementor-element elementor-element-b244e20 sc_fly_static elementor-widget elementor-widget-heading\" data-id=\"b244e20\" data-element_type=\"widget\" data-widget_type=\"heading.default\">\n\t\t\t\t<div class=\"elementor-widget-container\">\n\t\t\t\t\t<h3 class=\"elementor-heading-title elementor-size-default\">Installation and Maintenance<\/h3>\t\t\t\t<\/div>\n\t\t\t\t<\/div>\n\t\t\t\t<div class=\"elementor-element elementor-element-4dccdd7 sc_fly_static elementor-widget elementor-widget-text-editor\" data-id=\"4dccdd7\" data-element_type=\"widget\" data-widget_type=\"text-editor.default\">\n\t\t\t\t<div class=\"elementor-widget-container\">\n\t\t\t\t\t\t\t\t\t<div class=\"flex flex-col text-sm pb-25\">\n<article class=\"text-token-text-primary w-full focus:outline-none [--shadow-height:45px] has-data-writing-block:pointer-events-none has-data-writing-block:-mt-(--shadow-height) has-data-writing-block:pt-(--shadow-height) [&amp;:has([data-writing-block])&gt;*]:pointer-events-auto scroll-mt-[calc(var(--header-height)+min(200px,max(70px,20svh)))]\" dir=\"auto\" tabindex=\"-1\" data-turn-id=\"request-WEB:0541fee1-4b23-4147-9e89-563ee7bc17ee-59\" data-testid=\"conversation-turn-72\" data-scroll-anchor=\"true\" data-turn=\"assistant\">\n<div class=\"text-base my-auto mx-auto pb-10 [--thread-content-margin:--spacing(4)] @w-sm\/main:[--thread-content-margin:--spacing(6)] @w-lg\/main:[--thread-content-margin:--spacing(16)] px-(--thread-content-margin)\">\n<div class=\"[--thread-content-max-width:40rem] @w-lg\/main:[--thread-content-max-width:48rem] mx-auto max-w-(--thread-content-max-width) flex-1 group\/turn-messages focus-visible:outline-hidden relative flex w-full min-w-0 flex-col agent-turn\" tabindex=\"-1\">\n<div class=\"flex max-w-full flex-col grow\">\n<div class=\"min-h-8 text-message relative flex w-full flex-col items-end gap-2 text-start break-words whitespace-normal [.text-message+&amp;]:mt-1\" dir=\"auto\" data-message-author-role=\"assistant\" data-message-id=\"da26c311-fd1e-48bf-95a0-392d3b3e38c1\" data-message-model-slug=\"gpt-5-2\">\n<div class=\"flex w-full flex-col gap-1 empty:hidden first:pt-[1px]\">\n<div class=\"markdown prose dark:prose-invert w-full break-words light markdown-new-styling\">\n<p data-start=\"0\" data-end=\"335\" data-is-last-node=\"\" data-is-only-node=\"\">We provide professional installation of solid wood floorboards, ensuring precise fitting and long-lasting results. Properly installed floorboards retain their aesthetic appearance for many years, while regular maintenance \u2013 such as oiling or lacquering \u2013 helps preserve the natural beauty of the wood and protect the surface from wear.<\/p>\n<\/div>\n<p><\/div>\n<p><\/div>\n<p><\/div>\n<p><\/div>\n<p><\/div>\n<p><\/article>\n<\/div>\n\t\t\t\t\t\t\t\t<\/div>\n\t\t\t\t<\/div>\n\t\t\t\t<\/div>\n\t\t\t\t\t<\/div>\n\t\t\t\t<\/div>\n\t\t\t\t<\/div>\n\t\t","protected":false},"excerpt":{"rendered":"<p>Susisiekite Kontaktin\u0117 informacija Stoties g. 21, Petra\u0161i\u016bn\u0173 k. LT-83477 Pakruojo r.&#105;n&#102;o&#64;&#112;a&#107;&#114;u&#111;j&#111;parket&#97;&#115;.&#108;t+37068783868 Solid oak floorboards are a durable and aesthetically pleasing solution that adds natural warmth and character to any home.&hellip;<\/p>\n","protected":false},"author":2,"featured_media":0,"parent":36181,"menu_order":0,"comment_status":"closed","ping_status":"closed","template":"","meta":{"inline_featured_image":false,"footnotes":""},"class_list":["post-36183","page","type-page","status-publish","hentry"],"yoast_head":"<!-- This site is optimized with the Yoast SEO plugin v26.5 - https:\/\/yoast.com\/wordpress\/plugins\/seo\/ -->\n<title>Floorboards - Pakruojo parketas<\/title>\n<meta name=\"description\" content=\"Custom-made solid oak floorboards \u2013 durable and natural interior solutions. High-quality craftsmanship and professional installation.\" \/>\n<meta name=\"robots\" content=\"index, follow, max-snippet:-1, max-image-preview:large, max-video-preview:-1\" \/>\n<link rel=\"canonical\" href=\"https:\/\/pakruojoparketas.com\/paslaugos\/grindines-lentos\/\" \/>\n<meta property=\"og:locale\" content=\"en_US\" \/>\n<meta property=\"og:type\" content=\"article\" \/>\n<meta property=\"og:title\" content=\"Floorboards - Pakruojo parketas\" \/>\n<meta property=\"og:description\" content=\"Custom-made solid oak floorboards \u2013 durable and natural interior solutions. High-quality craftsmanship and professional installation.\" \/>\n<meta property=\"og:url\" content=\"https:\/\/pakruojoparketas.com\/paslaugos\/grindines-lentos\/\" \/>\n<meta property=\"og:site_name\" content=\"Pakruojo parketas\" \/>\n<meta property=\"article:modified_time\" content=\"2025-12-16T16:17:52+00:00\" \/>\n<meta property=\"og:image\" content=\"https:\/\/pakruojoparketas.com\/wp-content\/uploads\/2025\/02\/ddp-kS1UuxzkuJE-unsplash-scaled.jpg\" \/>\n\t<meta property=\"og:image:width\" content=\"2560\" \/>\n\t<meta property=\"og:image:height\" content=\"2560\" \/>\n\t<meta property=\"og:image:type\" content=\"image\/jpeg\" \/>\n<meta name=\"twitter:card\" content=\"summary_large_image\" \/>\n<meta name=\"twitter:label1\" content=\"Est. reading time\" \/>\n\t<meta name=\"twitter:data1\" content=\"1 minute\" \/>\n<script type=\"application\/ld+json\" class=\"yoast-schema-graph\">{\"@context\":\"https:\/\/schema.org\",\"@graph\":[{\"@type\":\"WebPage\",\"@id\":\"https:\/\/pakruojoparketas.com\/paslaugos\/grindines-lentos\/\",\"url\":\"https:\/\/pakruojoparketas.com\/paslaugos\/grindines-lentos\/\",\"name\":\"Floorboards - Pakruojo parketas\",\"isPartOf\":{\"@id\":\"https:\/\/pakruojoparketas.com\/#website\"},\"primaryImageOfPage\":{\"@id\":\"https:\/\/pakruojoparketas.com\/paslaugos\/grindines-lentos\/#primaryimage\"},\"image\":{\"@id\":\"https:\/\/pakruojoparketas.com\/paslaugos\/grindines-lentos\/#primaryimage\"},\"thumbnailUrl\":\"https:\/\/pakruojoparketas.com\/wp-content\/uploads\/2025\/02\/ddp-kS1UuxzkuJE-unsplash-scaled.jpg\",\"datePublished\":\"2025-02-27T15:22:41+00:00\",\"dateModified\":\"2025-12-16T16:17:52+00:00\",\"description\":\"Custom-made solid oak floorboards \u2013 durable and natural interior solutions. High-quality craftsmanship and professional installation.\",\"breadcrumb\":{\"@id\":\"https:\/\/pakruojoparketas.com\/paslaugos\/grindines-lentos\/#breadcrumb\"},\"inLanguage\":\"en-US\",\"potentialAction\":[{\"@type\":\"ReadAction\",\"target\":[\"https:\/\/pakruojoparketas.com\/paslaugos\/grindines-lentos\/\"]}]},{\"@type\":\"ImageObject\",\"inLanguage\":\"en-US\",\"@id\":\"https:\/\/pakruojoparketas.com\/paslaugos\/grindines-lentos\/#primaryimage\",\"url\":\"https:\/\/pakruojoparketas.com\/wp-content\/uploads\/2025\/02\/ddp-kS1UuxzkuJE-unsplash-scaled.jpg\",\"contentUrl\":\"https:\/\/pakruojoparketas.com\/wp-content\/uploads\/2025\/02\/ddp-kS1UuxzkuJE-unsplash-scaled.jpg\"},{\"@type\":\"BreadcrumbList\",\"@id\":\"https:\/\/pakruojoparketas.com\/paslaugos\/grindines-lentos\/#breadcrumb\",\"itemListElement\":[{\"@type\":\"ListItem\",\"position\":1,\"name\":\"Home\",\"item\":\"https:\/\/pakruojoparketas.com\/en\/\"},{\"@type\":\"ListItem\",\"position\":2,\"name\":\"Floor Manufacturing and Related Services\",\"item\":\"https:\/\/pakruojoparketas.com\/paslaugos\/\"},{\"@type\":\"ListItem\",\"position\":3,\"name\":\"Floorboards\"}]},{\"@type\":\"WebSite\",\"@id\":\"https:\/\/pakruojoparketas.com\/#website\",\"url\":\"https:\/\/pakruojoparketas.com\/\",\"name\":\"Pakruojo parketas\",\"description\":\"\",\"publisher\":{\"@id\":\"https:\/\/pakruojoparketas.com\/#organization\"},\"potentialAction\":[{\"@type\":\"SearchAction\",\"target\":{\"@type\":\"EntryPoint\",\"urlTemplate\":\"https:\/\/pakruojoparketas.com\/?s={search_term_string}\"},\"query-input\":{\"@type\":\"PropertyValueSpecification\",\"valueRequired\":true,\"valueName\":\"search_term_string\"}}],\"inLanguage\":\"en-US\"},{\"@type\":\"Organization\",\"@id\":\"https:\/\/pakruojoparketas.com\/#organization\",\"name\":\"Pakruojo parketas\",\"url\":\"https:\/\/pakruojoparketas.com\/\",\"logo\":{\"@type\":\"ImageObject\",\"inLanguage\":\"en-US\",\"@id\":\"https:\/\/pakruojoparketas.com\/#\/schema\/logo\/image\/\",\"url\":\"https:\/\/pakruojoparketas.com\/wp-content\/uploads\/2025\/02\/pixelcut-export-1.svg\",\"contentUrl\":\"https:\/\/pakruojoparketas.com\/wp-content\/uploads\/2025\/02\/pixelcut-export-1.svg\",\"width\":321,\"height\":284,\"caption\":\"Pakruojo parketas\"},\"image\":{\"@id\":\"https:\/\/pakruojoparketas.com\/#\/schema\/logo\/image\/\"}}]}<\/script>\n<!-- \/ Yoast SEO plugin. -->","yoast_head_json":{"title":"Floorboards - Pakruojo parketas","description":"Custom-made solid oak floorboards \u2013 durable and natural interior solutions. High-quality craftsmanship and professional installation.","robots":{"index":"index","follow":"follow","max-snippet":"max-snippet:-1","max-image-preview":"max-image-preview:large","max-video-preview":"max-video-preview:-1"},"canonical":"https:\/\/pakruojoparketas.com\/paslaugos\/grindines-lentos\/","og_locale":"en_US","og_type":"article","og_title":"Floorboards - Pakruojo parketas","og_description":"Custom-made solid oak floorboards \u2013 durable and natural interior solutions. High-quality craftsmanship and professional installation.","og_url":"https:\/\/pakruojoparketas.com\/paslaugos\/grindines-lentos\/","og_site_name":"Pakruojo parketas","article_modified_time":"2025-12-16T16:17:52+00:00","og_image":[{"width":2560,"height":2560,"url":"https:\/\/pakruojoparketas.com\/wp-content\/uploads\/2025\/02\/ddp-kS1UuxzkuJE-unsplash-scaled.jpg","type":"image\/jpeg"}],"twitter_card":"summary_large_image","twitter_misc":{"Est. reading time":"1 minute"},"schema":{"@context":"https:\/\/schema.org","@graph":[{"@type":"WebPage","@id":"https:\/\/pakruojoparketas.com\/paslaugos\/grindines-lentos\/","url":"https:\/\/pakruojoparketas.com\/paslaugos\/grindines-lentos\/","name":"Floorboards - Pakruojo parketas","isPartOf":{"@id":"https:\/\/pakruojoparketas.com\/#website"},"primaryImageOfPage":{"@id":"https:\/\/pakruojoparketas.com\/paslaugos\/grindines-lentos\/#primaryimage"},"image":{"@id":"https:\/\/pakruojoparketas.com\/paslaugos\/grindines-lentos\/#primaryimage"},"thumbnailUrl":"https:\/\/pakruojoparketas.com\/wp-content\/uploads\/2025\/02\/ddp-kS1UuxzkuJE-unsplash-scaled.jpg","datePublished":"2025-02-27T15:22:41+00:00","dateModified":"2025-12-16T16:17:52+00:00","description":"Custom-made solid oak floorboards \u2013 durable and natural interior solutions. High-quality craftsmanship and professional installation.","breadcrumb":{"@id":"https:\/\/pakruojoparketas.com\/paslaugos\/grindines-lentos\/#breadcrumb"},"inLanguage":"en-US","potentialAction":[{"@type":"ReadAction","target":["https:\/\/pakruojoparketas.com\/paslaugos\/grindines-lentos\/"]}]},{"@type":"ImageObject","inLanguage":"en-US","@id":"https:\/\/pakruojoparketas.com\/paslaugos\/grindines-lentos\/#primaryimage","url":"https:\/\/pakruojoparketas.com\/wp-content\/uploads\/2025\/02\/ddp-kS1UuxzkuJE-unsplash-scaled.jpg","contentUrl":"https:\/\/pakruojoparketas.com\/wp-content\/uploads\/2025\/02\/ddp-kS1UuxzkuJE-unsplash-scaled.jpg"},{"@type":"BreadcrumbList","@id":"https:\/\/pakruojoparketas.com\/paslaugos\/grindines-lentos\/#breadcrumb","itemListElement":[{"@type":"ListItem","position":1,"name":"Home","item":"https:\/\/pakruojoparketas.com\/en\/"},{"@type":"ListItem","position":2,"name":"Floor Manufacturing and Related Services","item":"https:\/\/pakruojoparketas.com\/paslaugos\/"},{"@type":"ListItem","position":3,"name":"Floorboards"}]},{"@type":"WebSite","@id":"https:\/\/pakruojoparketas.com\/#website","url":"https:\/\/pakruojoparketas.com\/","name":"Pakruojo parketas","description":"","publisher":{"@id":"https:\/\/pakruojoparketas.com\/#organization"},"potentialAction":[{"@type":"SearchAction","target":{"@type":"EntryPoint","urlTemplate":"https:\/\/pakruojoparketas.com\/?s={search_term_string}"},"query-input":{"@type":"PropertyValueSpecification","valueRequired":true,"valueName":"search_term_string"}}],"inLanguage":"en-US"},{"@type":"Organization","@id":"https:\/\/pakruojoparketas.com\/#organization","name":"Pakruojo parketas","url":"https:\/\/pakruojoparketas.com\/","logo":{"@type":"ImageObject","inLanguage":"en-US","@id":"https:\/\/pakruojoparketas.com\/#\/schema\/logo\/image\/","url":"https:\/\/pakruojoparketas.com\/wp-content\/uploads\/2025\/02\/pixelcut-export-1.svg","contentUrl":"https:\/\/pakruojoparketas.com\/wp-content\/uploads\/2025\/02\/pixelcut-export-1.svg","width":321,"height":284,"caption":"Pakruojo parketas"},"image":{"@id":"https:\/\/pakruojoparketas.com\/#\/schema\/logo\/image\/"}}]}},"_links":{"self":[{"href":"https:\/\/pakruojoparketas.com\/en\/wp-json\/wp\/v2\/pages\/36183","targetHints":{"allow":["GET"]}}],"collection":[{"href":"https:\/\/pakruojoparketas.com\/en\/wp-json\/wp\/v2\/pages"}],"about":[{"href":"https:\/\/pakruojoparketas.com\/en\/wp-json\/wp\/v2\/types\/page"}],"author":[{"embeddable":true,"href":"https:\/\/pakruojoparketas.com\/en\/wp-json\/wp\/v2\/users\/2"}],"replies":[{"embeddable":true,"href":"https:\/\/pakruojoparketas.com\/en\/wp-json\/wp\/v2\/comments?post=36183"}],"version-history":[{"count":2,"href":"https:\/\/pakruojoparketas.com\/en\/wp-json\/wp\/v2\/pages\/36183\/revisions"}],"predecessor-version":[{"id":36612,"href":"https:\/\/pakruojoparketas.com\/en\/wp-json\/wp\/v2\/pages\/36183\/revisions\/36612"}],"up":[{"embeddable":true,"href":"https:\/\/pakruojoparketas.com\/en\/wp-json\/wp\/v2\/pages\/36181"}],"wp:attachment":[{"href":"https:\/\/pakruojoparketas.com\/en\/wp-json\/wp\/v2\/media?parent=36183"}],"curies":[{"name":"wp","href":"https:\/\/api.w.org\/{rel}","templated":true}]}}