{"id":36187,"date":"2025-02-27T15:16:26","date_gmt":"2025-02-27T15:16:26","guid":{"rendered":"https:\/\/pakruojoparketas.com\/services\/parquet\/"},"modified":"2025-12-16T16:27:55","modified_gmt":"2025-12-16T16:27:55","slug":"parquet","status":"publish","type":"page","link":"https:\/\/pakruojoparketas.com\/en\/service\/parquet\/","title":{"rendered":"Parquet"},"content":{"rendered":"\t\t<div data-elementor-type=\"wp-page\" data-elementor-id=\"36187\" class=\"elementor elementor-36187 elementor-35175\">\n\t\t\t\t<div class=\"elementor-element elementor-element-962028d e-flex e-con-boxed sc_layouts_column_icons_position_left e-con e-parent\" data-id=\"962028d\" data-element_type=\"container\">\n\t\t\t\t\t<div class=\"e-con-inner\">\n\t\t<div class=\"elementor-element elementor-element-ff5cf8b e-con-full e-flex sc_layouts_column_icons_position_left e-con e-child\" data-id=\"ff5cf8b\" data-element_type=\"container\" data-settings=\"{&quot;background_background&quot;:&quot;classic&quot;}\">\n\t\t\t\t<div class=\"sidebar elementor-element elementor-element-db0ffed sc_fly_static elementor-widget elementor-widget-trx_sc_layouts_widgets\" data-id=\"db0ffed\" data-element_type=\"widget\" data-widget_type=\"trx_sc_layouts_widgets.default\">\n\t\t\t\t<div class=\"elementor-widget-container\">\n\t\t\t\t\t<div class=\"sc_layouts_widgets widget_area\" ><div class=\"sc_layouts_widgets_inner widget_area_inner\"><div class=\"sc_layouts_widgets_columns_wrap trx_addons_columns_wrap\"><aside class=\"trx_addons_column-1_2 widget widget_text\"><h5 class=\"widget_title\">Contact us<\/h5>\t\t\t<div class=\"textwidget\">\n<div class=\"wpcf7 no-js\" id=\"wpcf7-f36235-o1\" lang=\"en-US\" dir=\"ltr\" data-wpcf7-id=\"36235\">\n<div class=\"screen-reader-response\"><p role=\"status\" aria-live=\"polite\" aria-atomic=\"true\"><\/p> <ul><\/ul><\/div>\n<form action=\"\/en\/wp-json\/wp\/v2\/pages\/36187#wpcf7-f36235-o1\" method=\"post\" class=\"wpcf7-form init\" aria-label=\"Contact form\" novalidate=\"novalidate\" data-status=\"init\">\n<div style=\"display: none;\">\n<input type=\"hidden\" name=\"_wpcf7\" value=\"36235\" \/>\n<input type=\"hidden\" name=\"_wpcf7_version\" value=\"6.0.6\" \/>\n<input type=\"hidden\" name=\"_wpcf7_locale\" value=\"en_US\" \/>\n<input type=\"hidden\" name=\"_wpcf7_unit_tag\" value=\"wpcf7-f36235-o1\" \/>\n<input type=\"hidden\" name=\"_wpcf7_container_post\" value=\"0\" \/>\n<input type=\"hidden\" name=\"_wpcf7_posted_data_hash\" value=\"\" \/>\n<input type=\"hidden\" name=\"_wpcf7_recaptcha_response\" value=\"\" \/>\n<\/div>\n<div class=\"form-style-8\">\n\t<div class=\"columns_wrap\">\n\t\t<div class=\"column-1_1\">\n\t\t\t<p><span class=\"style-line\"><span class=\"wpcf7-form-control-wrap\" data-name=\"your-name\"><input size=\"40\" maxlength=\"400\" class=\"wpcf7-form-control wpcf7-text wpcf7-validates-as-required\" aria-required=\"true\" aria-invalid=\"false\" placeholder=\"Name\" value=\"\" type=\"text\" name=\"your-name\" \/><\/span><\/span>\n\t\t\t<\/p>\n\t\t<\/div>\n\t<\/div>\n\t<div class=\"columns_wrap\">\n\t\t<div class=\"column-1_1\">\n\t\t\t<p><span class=\"style-line\"><span class=\"wpcf7-form-control-wrap\" data-name=\"your-email\"><input size=\"40\" maxlength=\"400\" class=\"wpcf7-form-control wpcf7-email wpcf7-validates-as-required wpcf7-text wpcf7-validates-as-email\" aria-required=\"true\" aria-invalid=\"false\" placeholder=\"E.mail\" value=\"\" type=\"email\" name=\"your-email\" \/><\/span><\/span>\n\t\t\t<\/p>\n\t\t<\/div>\n\t<\/div>\n\t<div class=\"columns_wrap margin-bottom\">\n\t\t<div class=\"column-1_1\">\n\t\t\t<p><span class=\"style-line\"><span class=\"wpcf7-form-control-wrap\" data-name=\"your-message\"><textarea cols=\"40\" rows=\"10\" maxlength=\"2000\" class=\"wpcf7-form-control wpcf7-textarea wpcf7-validates-as-required\" aria-required=\"true\" aria-invalid=\"false\" placeholder=\"Message\" name=\"your-message\"><\/textarea><\/span><\/span>\n\t\t\t<\/p>\n\t\t<\/div>\n\t<\/div>\n<span class=\"wpcf7-form-control-wrap recaptcha\" data-name=\"recaptcha\"><span data-sitekey=\"6LeFIOgqAAAAAF_C5MLK0XQXcKwPwNN3ikfUh_Hl\" class=\"wpcf7-form-control wpcf7-recaptcha g-recaptcha\"><\/span>\r\n<noscript>\r\n\t<div class=\"grecaptcha-noscript\">\r\n\t\t<iframe src=\"https:\/\/www.google.com\/recaptcha\/api\/fallback?k=6LeFIOgqAAAAAF_C5MLK0XQXcKwPwNN3ikfUh_Hl\" frameborder=\"0\" scrolling=\"no\">\r\n\t\t<\/iframe>\r\n\t\t<textarea name=\"g-recaptcha-response\" rows=\"3\" cols=\"40\" placeholder=\"reCaptcha Response Here\">\r\n\t\t<\/textarea>\r\n\t<\/div>\r\n<\/noscript>\r\n<\/span>\n\t<p><input class=\"wpcf7-form-control wpcf7-submit has-spinner\" type=\"submit\" value=\"Submit\" \/>\n\t<\/p>\n<\/div><div class=\"wpcf7-response-output\" aria-hidden=\"true\"><\/div>\n<\/form>\n<\/div>\n\n<\/div>\n\t\t<\/aside><aside class=\"trx_addons_column-1_2 widget widget_contacts\"><h5 class=\"widget_title\">Contact information<\/h5><div class=\"contacts_wrap\"><div class=\"contacts_info\"><span class=\"contacts_address\">Stoties g. 21, Petra\u0161i\u016bn\u0173 k. LT-83477 Pakruojo r.<\/span><span class=\"contacts_email\"><a href=\"mailto:&#105;&#110;fo&#64;pakruo&#106;&#111;pa&#114;k&#101;&#116;&#97;s&#46;l&#116;\">&#105;&#110;f&#111;&#64;pa&#107;ruoj&#111;&#112;&#97;r&#107;&#101;&#116;a&#115;&#46;lt<\/a><\/span><a href=\"tel:+37068783868\" class=\"contacts_phone\">+37068783868<\/a><\/div><\/div><\/aside><\/div>\t\t\t<\/div>\n\t\t<\/div>\n\t\t\t\t\t\t<\/div>\n\t\t\t\t<\/div>\n\t\t\t\t<\/div>\n\t\t<div class=\"elementor-element elementor-element-c08e718 e-con-full e-flex sc_layouts_column_icons_position_left e-con e-child\" data-id=\"c08e718\" data-element_type=\"container\">\n\t\t\t\t<div class=\"elementor-element elementor-element-b730bc7 sc_fly_static elementor-widget elementor-widget-image\" data-id=\"b730bc7\" data-element_type=\"widget\" data-widget_type=\"image.default\">\n\t\t\t\t<div class=\"elementor-widget-container\">\n\t\t\t\t\t\t\t\t\t\t\t\t\t\t\t<img fetchpriority=\"high\" decoding=\"async\" width=\"2560\" height=\"1707\" src=\"https:\/\/pakruojoparketas.com\/wp-content\/uploads\/2025\/02\/chuttersnap-t33SZJ_ZboQ-unsplash-scaled.jpg\" class=\"attachment-full size-full wp-image-36144\" alt=\"background-image grindys 2\" srcset=\"https:\/\/pakruojoparketas.com\/wp-content\/uploads\/2025\/02\/chuttersnap-t33SZJ_ZboQ-unsplash-scaled.jpg 2560w, https:\/\/pakruojoparketas.com\/wp-content\/uploads\/2025\/02\/chuttersnap-t33SZJ_ZboQ-unsplash-300x200.jpg 300w, https:\/\/pakruojoparketas.com\/wp-content\/uploads\/2025\/02\/chuttersnap-t33SZJ_ZboQ-unsplash-1024x683.jpg 1024w, https:\/\/pakruojoparketas.com\/wp-content\/uploads\/2025\/02\/chuttersnap-t33SZJ_ZboQ-unsplash-768x512.jpg 768w, https:\/\/pakruojoparketas.com\/wp-content\/uploads\/2025\/02\/chuttersnap-t33SZJ_ZboQ-unsplash-1536x1024.jpg 1536w, https:\/\/pakruojoparketas.com\/wp-content\/uploads\/2025\/02\/chuttersnap-t33SZJ_ZboQ-unsplash-2048x1365.jpg 2048w, https:\/\/pakruojoparketas.com\/wp-content\/uploads\/2025\/02\/chuttersnap-t33SZJ_ZboQ-unsplash-370x247.jpg 370w, https:\/\/pakruojoparketas.com\/wp-content\/uploads\/2025\/02\/chuttersnap-t33SZJ_ZboQ-unsplash-840x560.jpg 840w, https:\/\/pakruojoparketas.com\/wp-content\/uploads\/2025\/02\/chuttersnap-t33SZJ_ZboQ-unsplash-410x273.jpg 410w, https:\/\/pakruojoparketas.com\/wp-content\/uploads\/2025\/02\/chuttersnap-t33SZJ_ZboQ-unsplash-600x400.jpg 600w\" sizes=\"(max-width: 2560px) 100vw, 2560px\" \/>\t\t\t\t\t\t\t\t\t\t\t\t\t\t\t<\/div>\n\t\t\t\t<\/div>\n\t\t\t\t<div class=\"elementor-element elementor-element-8b32128 sc_fly_static elementor-widget elementor-widget-text-editor\" data-id=\"8b32128\" data-element_type=\"widget\" data-widget_type=\"text-editor.default\">\n\t\t\t\t<div class=\"elementor-widget-container\">\n\t\t\t\t\t\t\t\t\t<p>Parquet flooring is a durable and aesthetically refined solution that adds natural character and distinction to any interior. We manufacture and install parquet made from high-quality oak and ash wood, and we also provide parquet renovation and restoration services.<\/p>\n<p>We offer both standard-size parquet and custom-made solutions tailored to residential and commercial spaces. We ensure high quality, long-lasting results, and professional workmanship throughout Lithuania.<\/p>\n\t\t\t\t\t\t\t\t<\/div>\n\t\t\t\t<\/div>\n\t\t\t\t<div class=\"elementor-element elementor-element-2beb6c2 sc_fly_static elementor-widget elementor-widget-heading\" data-id=\"2beb6c2\" data-element_type=\"widget\" data-widget_type=\"heading.default\">\n\t\t\t\t<div class=\"elementor-widget-container\">\n\t\t\t\t\t<h2 class=\"elementor-heading-title elementor-size-default\">What Types of Parquet Do We Manufacture<\/h2>\t\t\t\t<\/div>\n\t\t\t\t<\/div>\n\t\t\t\t<div class=\"elementor-element elementor-element-2907a54 sc_fly_static elementor-widget elementor-widget-text-editor\" data-id=\"2907a54\" data-element_type=\"widget\" data-widget_type=\"text-editor.default\">\n\t\t\t\t<div class=\"elementor-widget-container\">\n\t\t\t\t\t\t\t\t\t<div class=\"flex flex-col text-sm pb-25\">\n<article class=\"text-token-text-primary w-full focus:outline-none [--shadow-height:45px] has-data-writing-block:pointer-events-none has-data-writing-block:-mt-(--shadow-height) has-data-writing-block:pt-(--shadow-height) [&amp;:has([data-writing-block])&gt;*]:pointer-events-auto scroll-mt-[calc(var(--header-height)+min(200px,max(70px,20svh)))]\" dir=\"auto\" tabindex=\"-1\" data-turn-id=\"request-WEB:0541fee1-4b23-4147-9e89-563ee7bc17ee-71\" data-testid=\"conversation-turn-96\" data-scroll-anchor=\"true\" data-turn=\"assistant\">\n<div class=\"text-base my-auto mx-auto pb-10 [--thread-content-margin:--spacing(4)] @w-sm\/main:[--thread-content-margin:--spacing(6)] @w-lg\/main:[--thread-content-margin:--spacing(16)] px-(--thread-content-margin)\">\n<div class=\"[--thread-content-max-width:40rem] @w-lg\/main:[--thread-content-max-width:48rem] mx-auto max-w-(--thread-content-max-width) flex-1 group\/turn-messages focus-visible:outline-hidden relative flex w-full min-w-0 flex-col agent-turn\" tabindex=\"-1\">\n<div class=\"flex max-w-full flex-col grow\">\n<div class=\"min-h-8 text-message relative flex w-full flex-col items-end gap-2 text-start break-words whitespace-normal [.text-message+&amp;]:mt-1\" dir=\"auto\" data-message-author-role=\"assistant\" data-message-id=\"c803dc4f-8ba4-49af-b209-e659d79618d2\" data-message-model-slug=\"gpt-5-2\">\n<div class=\"flex w-full flex-col gap-1 empty:hidden first:pt-[1px]\">\n<div class=\"markdown prose dark:prose-invert w-full break-words light markdown-new-styling\">\n<p data-start=\"0\" data-end=\"206\" data-is-last-node=\"\" data-is-only-node=\"\">We manufacture high-quality parquet flooring from solid oak and ash wood, offering both standard sizes and custom-made solutions. We provide classic and modern designs tailored to different interior styles.<\/p>\n<\/div>\n<p><\/div>\n<p><\/div>\n<p><\/div>\n<p><\/div>\n<p><\/div>\n<p><\/article>\n<\/div>\n\t\t\t\t\t\t\t\t<\/div>\n\t\t\t\t<\/div>\n\t\t\t\t<div class=\"elementor-element elementor-element-cb99c11 sc_fly_static elementor-widget elementor-widget-heading\" data-id=\"cb99c11\" data-element_type=\"widget\" data-widget_type=\"heading.default\">\n\t\t\t\t<div class=\"elementor-widget-container\">\n\t\t\t\t\t<h2 class=\"elementor-heading-title elementor-size-default\">Parquet Installation Services<\/h2>\t\t\t\t<\/div>\n\t\t\t\t<\/div>\n\t\t\t\t<div class=\"elementor-element elementor-element-7802e8e sc_fly_static elementor-widget elementor-widget-text-editor\" data-id=\"7802e8e\" data-element_type=\"widget\" data-widget_type=\"text-editor.default\">\n\t\t\t\t<div class=\"elementor-widget-container\">\n\t\t\t\t\t\t\t\t\t<p>We provide professional parquet installation services, ensuring precise fitting, long-lasting performance, and refined aesthetics. We work with our own manufactured products as well as various types of parquet suited to different spaces.<\/p>\n\t\t\t\t\t\t\t\t<\/div>\n\t\t\t\t<\/div>\n\t\t\t\t<div class=\"elementor-element elementor-element-79ffd5d sc_fly_static elementor-widget elementor-widget-heading\" data-id=\"79ffd5d\" data-element_type=\"widget\" data-widget_type=\"heading.default\">\n\t\t\t\t<div class=\"elementor-widget-container\">\n\t\t\t\t\t<h2 class=\"elementor-heading-title elementor-size-default\">Parquet Restoration and Refinewal<\/h2>\t\t\t\t<\/div>\n\t\t\t\t<\/div>\n\t\t\t\t<div class=\"elementor-element elementor-element-07a833c sc_fly_static elementor-widget elementor-widget-text-editor\" data-id=\"07a833c\" data-element_type=\"widget\" data-widget_type=\"text-editor.default\">\n\t\t\t\t<div class=\"elementor-widget-container\">\n\t\t\t\t\t\t\t\t\t<p>We carry out parquet restoration and refinishing services, including sanding, lacquering, oiling, and the replacement of damaged elements. We restore parquet flooring while preserving its natural beauty and long-lasting durability.<\/p>\n\t\t\t\t\t\t\t\t<\/div>\n\t\t\t\t<\/div>\n\t\t\t\t<\/div>\n\t\t\t\t\t<\/div>\n\t\t\t\t<\/div>\n\t\t\t\t<\/div>\n\t\t","protected":false},"excerpt":{"rendered":"<p>Susisiekite Kontaktin\u0117 informacija Stoties g. 21, Petra\u0161i\u016bn\u0173 k. LT-83477 Pakruojo r.&#105;nf&#111;&#64;p&#97;kr&#117;&#111;&#106;op&#97;&#114;k&#101;t&#97;s.l&#116;+37068783868 Parquet flooring is a durable and aesthetically refined solution that adds natural character and distinction to any interior. We&hellip;<\/p>\n","protected":false},"author":2,"featured_media":0,"parent":36181,"menu_order":0,"comment_status":"closed","ping_status":"closed","template":"","meta":{"inline_featured_image":false,"footnotes":""},"class_list":["post-36187","page","type-page","status-publish","hentry"],"yoast_head":"<!-- This site is optimized with the Yoast SEO plugin v26.5 - https:\/\/yoast.com\/wordpress\/plugins\/seo\/ -->\n<title>Parquet - Pakruojo parketas<\/title>\n<meta name=\"description\" content=\"Parquet manufacturing, installation, and restoration using solid oak and ash wood. High quality, long-lasting solutions, and professional workmanship throughout Lithuania.\" \/>\n<meta name=\"robots\" content=\"index, follow, max-snippet:-1, max-image-preview:large, max-video-preview:-1\" \/>\n<link rel=\"canonical\" href=\"https:\/\/pakruojoparketas.com\/paslaugos\/parketas\/\" \/>\n<meta property=\"og:locale\" content=\"en_US\" \/>\n<meta property=\"og:type\" content=\"article\" \/>\n<meta property=\"og:title\" content=\"Parquet - Pakruojo parketas\" \/>\n<meta property=\"og:description\" content=\"Parquet manufacturing, installation, and restoration using solid oak and ash wood. High quality, long-lasting solutions, and professional workmanship throughout Lithuania.\" \/>\n<meta property=\"og:url\" content=\"https:\/\/pakruojoparketas.com\/paslaugos\/parketas\/\" \/>\n<meta property=\"og:site_name\" content=\"Pakruojo parketas\" \/>\n<meta property=\"article:modified_time\" content=\"2025-12-16T16:27:55+00:00\" \/>\n<meta property=\"og:image\" content=\"https:\/\/pakruojoparketas.com\/wp-content\/uploads\/2025\/02\/chuttersnap-t33SZJ_ZboQ-unsplash-scaled.jpg\" \/>\n\t<meta property=\"og:image:width\" content=\"2560\" \/>\n\t<meta property=\"og:image:height\" content=\"1707\" \/>\n\t<meta property=\"og:image:type\" content=\"image\/jpeg\" \/>\n<meta name=\"twitter:card\" content=\"summary_large_image\" \/>\n<meta name=\"twitter:label1\" content=\"Est. reading time\" \/>\n\t<meta name=\"twitter:data1\" content=\"1 minute\" \/>\n<script type=\"application\/ld+json\" class=\"yoast-schema-graph\">{\"@context\":\"https:\/\/schema.org\",\"@graph\":[{\"@type\":\"WebPage\",\"@id\":\"https:\/\/pakruojoparketas.com\/paslaugos\/parketas\/\",\"url\":\"https:\/\/pakruojoparketas.com\/paslaugos\/parketas\/\",\"name\":\"Parquet - Pakruojo parketas\",\"isPartOf\":{\"@id\":\"https:\/\/pakruojoparketas.com\/#website\"},\"primaryImageOfPage\":{\"@id\":\"https:\/\/pakruojoparketas.com\/paslaugos\/parketas\/#primaryimage\"},\"image\":{\"@id\":\"https:\/\/pakruojoparketas.com\/paslaugos\/parketas\/#primaryimage\"},\"thumbnailUrl\":\"https:\/\/pakruojoparketas.com\/wp-content\/uploads\/2025\/02\/chuttersnap-t33SZJ_ZboQ-unsplash-scaled.jpg\",\"datePublished\":\"2025-02-27T15:16:26+00:00\",\"dateModified\":\"2025-12-16T16:27:55+00:00\",\"description\":\"Parquet manufacturing, installation, and restoration using solid oak and ash wood. High quality, long-lasting solutions, and professional workmanship throughout Lithuania.\",\"breadcrumb\":{\"@id\":\"https:\/\/pakruojoparketas.com\/paslaugos\/parketas\/#breadcrumb\"},\"inLanguage\":\"en-US\",\"potentialAction\":[{\"@type\":\"ReadAction\",\"target\":[\"https:\/\/pakruojoparketas.com\/paslaugos\/parketas\/\"]}]},{\"@type\":\"ImageObject\",\"inLanguage\":\"en-US\",\"@id\":\"https:\/\/pakruojoparketas.com\/paslaugos\/parketas\/#primaryimage\",\"url\":\"https:\/\/pakruojoparketas.com\/wp-content\/uploads\/2025\/02\/chuttersnap-t33SZJ_ZboQ-unsplash-scaled.jpg\",\"contentUrl\":\"https:\/\/pakruojoparketas.com\/wp-content\/uploads\/2025\/02\/chuttersnap-t33SZJ_ZboQ-unsplash-scaled.jpg\"},{\"@type\":\"BreadcrumbList\",\"@id\":\"https:\/\/pakruojoparketas.com\/paslaugos\/parketas\/#breadcrumb\",\"itemListElement\":[{\"@type\":\"ListItem\",\"position\":1,\"name\":\"Home\",\"item\":\"https:\/\/pakruojoparketas.com\/en\/\"},{\"@type\":\"ListItem\",\"position\":2,\"name\":\"Floor Manufacturing and Related Services\",\"item\":\"https:\/\/pakruojoparketas.com\/paslaugos\/\"},{\"@type\":\"ListItem\",\"position\":3,\"name\":\"Parquet\"}]},{\"@type\":\"WebSite\",\"@id\":\"https:\/\/pakruojoparketas.com\/#website\",\"url\":\"https:\/\/pakruojoparketas.com\/\",\"name\":\"Pakruojo parketas\",\"description\":\"\",\"publisher\":{\"@id\":\"https:\/\/pakruojoparketas.com\/#organization\"},\"potentialAction\":[{\"@type\":\"SearchAction\",\"target\":{\"@type\":\"EntryPoint\",\"urlTemplate\":\"https:\/\/pakruojoparketas.com\/?s={search_term_string}\"},\"query-input\":{\"@type\":\"PropertyValueSpecification\",\"valueRequired\":true,\"valueName\":\"search_term_string\"}}],\"inLanguage\":\"en-US\"},{\"@type\":\"Organization\",\"@id\":\"https:\/\/pakruojoparketas.com\/#organization\",\"name\":\"Pakruojo parketas\",\"url\":\"https:\/\/pakruojoparketas.com\/\",\"logo\":{\"@type\":\"ImageObject\",\"inLanguage\":\"en-US\",\"@id\":\"https:\/\/pakruojoparketas.com\/#\/schema\/logo\/image\/\",\"url\":\"https:\/\/pakruojoparketas.com\/wp-content\/uploads\/2025\/02\/pixelcut-export-1.svg\",\"contentUrl\":\"https:\/\/pakruojoparketas.com\/wp-content\/uploads\/2025\/02\/pixelcut-export-1.svg\",\"width\":321,\"height\":284,\"caption\":\"Pakruojo parketas\"},\"image\":{\"@id\":\"https:\/\/pakruojoparketas.com\/#\/schema\/logo\/image\/\"}}]}<\/script>\n<!-- \/ Yoast SEO plugin. -->","yoast_head_json":{"title":"Parquet - Pakruojo parketas","description":"Parquet manufacturing, installation, and restoration using solid oak and ash wood. High quality, long-lasting solutions, and professional workmanship throughout Lithuania.","robots":{"index":"index","follow":"follow","max-snippet":"max-snippet:-1","max-image-preview":"max-image-preview:large","max-video-preview":"max-video-preview:-1"},"canonical":"https:\/\/pakruojoparketas.com\/paslaugos\/parketas\/","og_locale":"en_US","og_type":"article","og_title":"Parquet - Pakruojo parketas","og_description":"Parquet manufacturing, installation, and restoration using solid oak and ash wood. High quality, long-lasting solutions, and professional workmanship throughout Lithuania.","og_url":"https:\/\/pakruojoparketas.com\/paslaugos\/parketas\/","og_site_name":"Pakruojo parketas","article_modified_time":"2025-12-16T16:27:55+00:00","og_image":[{"width":2560,"height":1707,"url":"https:\/\/pakruojoparketas.com\/wp-content\/uploads\/2025\/02\/chuttersnap-t33SZJ_ZboQ-unsplash-scaled.jpg","type":"image\/jpeg"}],"twitter_card":"summary_large_image","twitter_misc":{"Est. reading time":"1 minute"},"schema":{"@context":"https:\/\/schema.org","@graph":[{"@type":"WebPage","@id":"https:\/\/pakruojoparketas.com\/paslaugos\/parketas\/","url":"https:\/\/pakruojoparketas.com\/paslaugos\/parketas\/","name":"Parquet - Pakruojo parketas","isPartOf":{"@id":"https:\/\/pakruojoparketas.com\/#website"},"primaryImageOfPage":{"@id":"https:\/\/pakruojoparketas.com\/paslaugos\/parketas\/#primaryimage"},"image":{"@id":"https:\/\/pakruojoparketas.com\/paslaugos\/parketas\/#primaryimage"},"thumbnailUrl":"https:\/\/pakruojoparketas.com\/wp-content\/uploads\/2025\/02\/chuttersnap-t33SZJ_ZboQ-unsplash-scaled.jpg","datePublished":"2025-02-27T15:16:26+00:00","dateModified":"2025-12-16T16:27:55+00:00","description":"Parquet manufacturing, installation, and restoration using solid oak and ash wood. High quality, long-lasting solutions, and professional workmanship throughout Lithuania.","breadcrumb":{"@id":"https:\/\/pakruojoparketas.com\/paslaugos\/parketas\/#breadcrumb"},"inLanguage":"en-US","potentialAction":[{"@type":"ReadAction","target":["https:\/\/pakruojoparketas.com\/paslaugos\/parketas\/"]}]},{"@type":"ImageObject","inLanguage":"en-US","@id":"https:\/\/pakruojoparketas.com\/paslaugos\/parketas\/#primaryimage","url":"https:\/\/pakruojoparketas.com\/wp-content\/uploads\/2025\/02\/chuttersnap-t33SZJ_ZboQ-unsplash-scaled.jpg","contentUrl":"https:\/\/pakruojoparketas.com\/wp-content\/uploads\/2025\/02\/chuttersnap-t33SZJ_ZboQ-unsplash-scaled.jpg"},{"@type":"BreadcrumbList","@id":"https:\/\/pakruojoparketas.com\/paslaugos\/parketas\/#breadcrumb","itemListElement":[{"@type":"ListItem","position":1,"name":"Home","item":"https:\/\/pakruojoparketas.com\/en\/"},{"@type":"ListItem","position":2,"name":"Floor Manufacturing and Related Services","item":"https:\/\/pakruojoparketas.com\/paslaugos\/"},{"@type":"ListItem","position":3,"name":"Parquet"}]},{"@type":"WebSite","@id":"https:\/\/pakruojoparketas.com\/#website","url":"https:\/\/pakruojoparketas.com\/","name":"Pakruojo parketas","description":"","publisher":{"@id":"https:\/\/pakruojoparketas.com\/#organization"},"potentialAction":[{"@type":"SearchAction","target":{"@type":"EntryPoint","urlTemplate":"https:\/\/pakruojoparketas.com\/?s={search_term_string}"},"query-input":{"@type":"PropertyValueSpecification","valueRequired":true,"valueName":"search_term_string"}}],"inLanguage":"en-US"},{"@type":"Organization","@id":"https:\/\/pakruojoparketas.com\/#organization","name":"Pakruojo parketas","url":"https:\/\/pakruojoparketas.com\/","logo":{"@type":"ImageObject","inLanguage":"en-US","@id":"https:\/\/pakruojoparketas.com\/#\/schema\/logo\/image\/","url":"https:\/\/pakruojoparketas.com\/wp-content\/uploads\/2025\/02\/pixelcut-export-1.svg","contentUrl":"https:\/\/pakruojoparketas.com\/wp-content\/uploads\/2025\/02\/pixelcut-export-1.svg","width":321,"height":284,"caption":"Pakruojo parketas"},"image":{"@id":"https:\/\/pakruojoparketas.com\/#\/schema\/logo\/image\/"}}]}},"_links":{"self":[{"href":"https:\/\/pakruojoparketas.com\/en\/wp-json\/wp\/v2\/pages\/36187","targetHints":{"allow":["GET"]}}],"collection":[{"href":"https:\/\/pakruojoparketas.com\/en\/wp-json\/wp\/v2\/pages"}],"about":[{"href":"https:\/\/pakruojoparketas.com\/en\/wp-json\/wp\/v2\/types\/page"}],"author":[{"embeddable":true,"href":"https:\/\/pakruojoparketas.com\/en\/wp-json\/wp\/v2\/users\/2"}],"replies":[{"embeddable":true,"href":"https:\/\/pakruojoparketas.com\/en\/wp-json\/wp\/v2\/comments?post=36187"}],"version-history":[{"count":2,"href":"https:\/\/pakruojoparketas.com\/en\/wp-json\/wp\/v2\/pages\/36187\/revisions"}],"predecessor-version":[{"id":36616,"href":"https:\/\/pakruojoparketas.com\/en\/wp-json\/wp\/v2\/pages\/36187\/revisions\/36616"}],"up":[{"embeddable":true,"href":"https:\/\/pakruojoparketas.com\/en\/wp-json\/wp\/v2\/pages\/36181"}],"wp:attachment":[{"href":"https:\/\/pakruojoparketas.com\/en\/wp-json\/wp\/v2\/media?parent=36187"}],"curies":[{"name":"wp","href":"https:\/\/api.w.org\/{rel}","templated":true}]}}