{"id":36191,"date":"2023-03-07T14:15:47","date_gmt":"2023-03-07T14:15:47","guid":{"rendered":"https:\/\/pakruojoparketas.com\/send-enquiry\/"},"modified":"2025-12-16T16:42:17","modified_gmt":"2025-12-16T16:42:17","slug":"send-enquiry","status":"publish","type":"page","link":"https:\/\/pakruojoparketas.com\/en\/send-enquiry\/","title":{"rendered":"Send enquiry"},"content":{"rendered":"\t\t<div data-elementor-type=\"wp-page\" data-elementor-id=\"36191\" class=\"elementor elementor-36191 elementor-29527\">\n\t\t\t\t\t\t<section class=\"elementor-section elementor-top-section elementor-element elementor-element-792bff88 elementor-section-boxed elementor-section-height-default elementor-section-height-default sc_fly_static\" data-id=\"792bff88\" data-element_type=\"section\">\n\t\t\t\t\t\t<div class=\"elementor-container elementor-column-gap-extended\">\n\t\t\t\t\t<div class=\"elementor-column elementor-col-100 elementor-top-column elementor-element elementor-element-34a051e sc_content_align_inherit sc_layouts_column_icons_position_left sc_fly_static\" data-id=\"34a051e\" data-element_type=\"column\">\n\t\t\t<div class=\"elementor-widget-wrap elementor-element-populated\">\n\t\t\t\t\t\t<div class=\"elementor-element elementor-element-69cb39f8 sc_height_huge sc_fly_static elementor-widget elementor-widget-spacer\" data-id=\"69cb39f8\" data-element_type=\"widget\" data-widget_type=\"spacer.default\">\n\t\t\t\t<div class=\"elementor-widget-container\">\n\t\t\t\t\t\t\t<div class=\"elementor-spacer\">\n\t\t\t<div class=\"elementor-spacer-inner\"><\/div>\n\t\t<\/div>\n\t\t\t\t\t\t<\/div>\n\t\t\t\t<\/div>\n\t\t\t\t<section class=\"elementor-section elementor-inner-section elementor-element elementor-element-7dcb41de elementor-section-boxed elementor-section-height-default elementor-section-height-default sc_fly_static\" data-id=\"7dcb41de\" data-element_type=\"section\">\n\t\t\t\t\t\t<div class=\"elementor-container elementor-column-gap-no\">\n\t\t\t\t\t<div class=\"elementor-column elementor-col-50 elementor-inner-column elementor-element elementor-element-1d4f030 sc_content_align_inherit sc_layouts_column_icons_position_left sc_fly_static\" data-id=\"1d4f030\" data-element_type=\"column\">\n\t\t\t<div class=\"elementor-widget-wrap elementor-element-populated\">\n\t\t\t\t\t\t<div class=\"elementor-element elementor-element-e5e768c sc_fly_static elementor-widget elementor-widget-trx_sc_title\" data-id=\"e5e768c\" data-element_type=\"widget\" data-widget_type=\"trx_sc_title.default\">\n\t\t\t\t<div class=\"elementor-widget-container\">\n\t\t\t\t\t<div\t\tclass=\"sc_title sc_title_default\" ><span class=\"sc_item_subtitle sc_title_subtitle sc_item_subtitle_above sc_item_title_style_default\">Contacts<\/span><h1 class=\"sc_item_title sc_title_title sc_item_title_style_default sc_item_title_tag\"\n\t\t\t><span class=\"sc_item_title_text\">Questions? <br> Contact us!<\/span><\/h1><div class=\"sc_item_descr sc_title_descr\"><p>Want more information? Contact us - we'll be happy to answer your queries and help you find the best solutions!<\/p>\n<\/div><\/div>\t\t\t\t<\/div>\n\t\t\t\t<\/div>\n\t\t\t\t<div class=\"elementor-element elementor-element-4df0b23d sc_fly_static elementor-widget elementor-widget-spacer\" data-id=\"4df0b23d\" data-element_type=\"widget\" data-widget_type=\"spacer.default\">\n\t\t\t\t<div class=\"elementor-widget-container\">\n\t\t\t\t\t\t\t<div class=\"elementor-spacer\">\n\t\t\t<div class=\"elementor-spacer-inner\"><\/div>\n\t\t<\/div>\n\t\t\t\t\t\t<\/div>\n\t\t\t\t<\/div>\n\t\t\t\t<div class=\"elementor-element elementor-element-1220e734 sc_fly_static elementor-widget elementor-widget-trx_sc_icons\" data-id=\"1220e734\" data-element_type=\"widget\" data-widget_type=\"trx_sc_icons.default\">\n\t\t\t\t<div class=\"elementor-widget-container\">\n\t\t\t\t\t<div \tclass=\"sc_icons sc_icons_simple sc_icons_size_small sc_align_none\" ><div class=\"sc_icons_item with_more\"><div class=\"sc_icons_icon sc_icon_type_ icon-marker\" style=\"color: #B55329\" ><span class=\"sc_icon_type_ icon-marker\" style=\"color: #B55329\"><\/span><\/div><div class=\"sc_icons_item_details\"><div class=\"sc_icons_item_description\"><span>Stoties g. 21, Petra\u0161i\u016bn\u0173 k.<br>LT-83477 Pakruojo r.<\/span><\/div><\/div><\/div><div class=\"sc_icons_item sc_icons_item_linked with_more\"><div class=\"sc_icons_icon sc_icon_type_ icon-iphone\" style=\"color: #B55329\" ><span class=\"sc_icon_type_ icon-iphone\" style=\"color: #B55329\"><\/span><\/div><div class=\"sc_icons_item_details\"><a href=\"\" class=\"sc_icons_item_more_link\">\r\n                        <span class=\"link_text\">+37068783868<\/span><span class=\"link_icon\"><\/span>\r\n                        <\/a><a href=\"\"\r\n                        class=\"sc_icons_item_link\">\r\n                        <\/a><\/div><\/div><div class=\"sc_icons_item with_more\"><div class=\"sc_icons_icon sc_icon_type_ icon-envelope-2\" style=\"color: #B55329\" ><span class=\"sc_icon_type_ icon-envelope-2\" style=\"color: #B55329\"><\/span><\/div><div class=\"sc_icons_item_details\"><div class=\"sc_icons_item_description\"><span><a href=\"mailto:info@pakruojoparketas.lt\">info@pakruojoparketas.lt<\/a><\/span><\/div><\/div><\/div><\/div><!-- \/.sc_icons -->\t\t\t\t<\/div>\n\t\t\t\t<\/div>\n\t\t\t\t\t<\/div>\n\t\t<\/div>\n\t\t\t\t<div class=\"elementor-column elementor-col-50 elementor-inner-column elementor-element elementor-element-765cf92e sc_content_align_inherit sc_layouts_column_icons_position_left sc_fly_static\" data-id=\"765cf92e\" data-element_type=\"column\">\n\t\t\t<div class=\"elementor-widget-wrap elementor-element-populated\">\n\t\t\t\t\t\t<div class=\"elementor-element elementor-element-68e6e85a sc_fly_static elementor-widget elementor-widget-spacer\" data-id=\"68e6e85a\" data-element_type=\"widget\" data-widget_type=\"spacer.default\">\n\t\t\t\t<div class=\"elementor-widget-container\">\n\t\t\t\t\t\t\t<div class=\"elementor-spacer\">\n\t\t\t<div class=\"elementor-spacer-inner\"><\/div>\n\t\t<\/div>\n\t\t\t\t\t\t<\/div>\n\t\t\t\t<\/div>\n\t\t\t\t<div class=\"elementor-element elementor-element-311cc402 sc_fly_static elementor-widget elementor-widget-trx_sc_contact_form_7\" data-id=\"311cc402\" data-element_type=\"widget\" data-widget_type=\"trx_sc_contact_form_7.default\">\n\t\t\t\t<div class=\"elementor-widget-container\">\n\t\t\t\t\t\n<div class=\"wpcf7 no-js\" id=\"wpcf7-f36222-o1\" lang=\"en-US\" dir=\"ltr\" data-wpcf7-id=\"36222\">\n<div class=\"screen-reader-response\"><p role=\"status\" aria-live=\"polite\" aria-atomic=\"true\"><\/p> <ul><\/ul><\/div>\n<form action=\"\/en\/wp-json\/wp\/v2\/pages\/36191#wpcf7-f36222-o1\" method=\"post\" class=\"wpcf7-form init\" aria-label=\"Contact form\" novalidate=\"novalidate\" data-status=\"init\">\n<div style=\"display: none;\">\n<input type=\"hidden\" name=\"_wpcf7\" value=\"36222\" \/>\n<input type=\"hidden\" name=\"_wpcf7_version\" value=\"6.0.6\" \/>\n<input type=\"hidden\" name=\"_wpcf7_locale\" value=\"en_US\" \/>\n<input type=\"hidden\" name=\"_wpcf7_unit_tag\" value=\"wpcf7-f36222-o1\" \/>\n<input type=\"hidden\" name=\"_wpcf7_container_post\" value=\"0\" \/>\n<input type=\"hidden\" name=\"_wpcf7_posted_data_hash\" value=\"\" \/>\n<input type=\"hidden\" name=\"_wpcf7_recaptcha_response\" value=\"\" \/>\n<\/div>\n<div class=\"form-style-1\">\n\t<div class=\"columns_wrap\">\n\t\t<div class=\"column-1_2\">\n\t\t\t<p><span class=\"style-line icon-name\"><span class=\"wpcf7-form-control-wrap\" data-name=\"your-name\"><input size=\"40\" maxlength=\"400\" class=\"wpcf7-form-control wpcf7-text wpcf7-validates-as-required\" aria-required=\"true\" aria-invalid=\"false\" placeholder=\"Name\" value=\"\" type=\"text\" name=\"your-name\" \/><\/span><\/span>\n\t\t\t<\/p>\n\t\t<\/div>\n\t\t<div class=\"column-1_2\">\n\t\t\t<p><span class=\"style-line icon-email\"><span class=\"wpcf7-form-control-wrap\" data-name=\"your-email\"><input size=\"40\" maxlength=\"400\" class=\"wpcf7-form-control wpcf7-email wpcf7-validates-as-required wpcf7-text wpcf7-validates-as-email\" aria-required=\"true\" aria-invalid=\"false\" placeholder=\"E.mail\" value=\"\" type=\"email\" name=\"your-email\" \/><\/span><\/span>\n\t\t\t<\/p>\n\t\t<\/div>\n\t<\/div>\n\t<div class=\"columns_wrap\">\n\t\t<div class=\"column-1_2\">\n\t\t\t<p><span class=\"style-line icon-phone\"><span class=\"wpcf7-form-control-wrap\" data-name=\"phone\"><input size=\"40\" maxlength=\"400\" class=\"wpcf7-form-control wpcf7-tel wpcf7-validates-as-required wpcf7-text wpcf7-validates-as-tel\" aria-required=\"true\" aria-invalid=\"false\" placeholder=\"Phone\" value=\"\" type=\"tel\" name=\"phone\" \/><\/span><\/span>\n\t\t\t<\/p>\n\t\t<\/div>\n\t\t<div class=\"column-1_2\">\n\t\t\t<p><span class=\"style-line icon-subject\"><span class=\"wpcf7-form-control-wrap\" data-name=\"subject\"><input size=\"40\" maxlength=\"400\" class=\"wpcf7-form-control wpcf7-text wpcf7-validates-as-required\" aria-required=\"true\" aria-invalid=\"false\" placeholder=\"Topic\" value=\"\" type=\"text\" name=\"subject\" \/><\/span><\/span>\n\t\t\t<\/p>\n\t\t<\/div>\n\t<\/div>\n\t<div class=\"columns_wrap margin-bottom\">\n\t\t<div class=\"column-1_1\">\n\t\t\t<p><span class=\"style-line icon-textarea\"><span class=\"wpcf7-form-control-wrap\" data-name=\"your-message\"><textarea cols=\"40\" rows=\"10\" maxlength=\"2000\" class=\"wpcf7-form-control wpcf7-textarea wpcf7-validates-as-required\" aria-required=\"true\" aria-invalid=\"false\" placeholder=\"How can we help you? Contact\" name=\"your-message\"><\/textarea><\/span><\/span>\n\t\t\t<\/p>\n\t\t<\/div>\n\t<\/div>\n<span class=\"wpcf7-form-control-wrap recaptcha\" data-name=\"recaptcha\"><span data-sitekey=\"6LeFIOgqAAAAAF_C5MLK0XQXcKwPwNN3ikfUh_Hl\" class=\"wpcf7-form-control wpcf7-recaptcha g-recaptcha\"><\/span>\r\n<noscript>\r\n\t<div class=\"grecaptcha-noscript\">\r\n\t\t<iframe src=\"https:\/\/www.google.com\/recaptcha\/api\/fallback?k=6LeFIOgqAAAAAF_C5MLK0XQXcKwPwNN3ikfUh_Hl\" frameborder=\"0\" scrolling=\"no\" width=\"310\" height=\"430\">\r\n\t\t<\/iframe>\r\n\t\t<textarea name=\"g-recaptcha-response\" rows=\"3\" cols=\"40\" placeholder=\"reCaptcha Response Here\">\r\n\t\t<\/textarea>\r\n\t<\/div>\r\n<\/noscript>\r\n<\/span>\n\t<p><input class=\"wpcf7-form-control wpcf7-submit has-spinner\" type=\"submit\" value=\"Submit\" \/><span class=\"wpcf7-form-control-wrap\" data-name=\"acceptance\"><span class=\"wpcf7-form-control wpcf7-acceptance\"><span class=\"wpcf7-list-item\"><label><input type=\"checkbox\" name=\"acceptance\" value=\"1\" aria-invalid=\"false\" \/><span class=\"wpcf7-list-item-label\">By submitting this form I agree to <a href=\"\/privacy-policy\/\">Privacy policy<\/a>.<\/span><\/label><\/span><\/span><\/span>\n\t<\/p>\n<\/div><div class=\"wpcf7-response-output\" aria-hidden=\"true\"><\/div>\n<\/form>\n<\/div>\n\t\t\t\t<\/div>\n\t\t\t\t<\/div>\n\t\t\t\t\t<\/div>\n\t\t<\/div>\n\t\t\t\t\t<\/div>\n\t\t<\/section>\n\t\t\t\t<div class=\"elementor-element elementor-element-2ab7d50d sc_height_huge sc_fly_static elementor-widget elementor-widget-spacer\" data-id=\"2ab7d50d\" data-element_type=\"widget\" data-widget_type=\"spacer.default\">\n\t\t\t\t<div class=\"elementor-widget-container\">\n\t\t\t\t\t\t\t<div class=\"elementor-spacer\">\n\t\t\t<div class=\"elementor-spacer-inner\"><\/div>\n\t\t<\/div>\n\t\t\t\t\t\t<\/div>\n\t\t\t\t<\/div>\n\t\t\t\t\t<\/div>\n\t\t<\/div>\n\t\t\t\t\t<\/div>\n\t\t<\/section>\n\t\t\t\t<section class=\"elementor-section elementor-top-section elementor-element elementor-element-da4de93 scheme_default elementor-section-boxed elementor-section-height-default elementor-section-height-default sc_fly_static\" data-id=\"da4de93\" data-element_type=\"section\" data-settings=\"{&quot;background_background&quot;:&quot;classic&quot;}\">\n\t\t\t\t\t\t<div class=\"elementor-container elementor-column-gap-extended\">\n\t\t\t\t\t<div class=\"elementor-column elementor-col-100 elementor-top-column elementor-element elementor-element-7619ca1 sc_content_align_inherit sc_layouts_column_icons_position_left sc_fly_static\" data-id=\"7619ca1\" data-element_type=\"column\">\n\t\t\t<div class=\"elementor-widget-wrap elementor-element-populated\">\n\t\t\t\t\t\t<div class=\"elementor-element elementor-element-a624264 sc_height_huge scheme_light sc_fly_static elementor-widget elementor-widget-spacer\" data-id=\"a624264\" data-element_type=\"widget\" data-widget_type=\"spacer.default\">\n\t\t\t\t<div class=\"elementor-widget-container\">\n\t\t\t\t\t\t\t<div class=\"elementor-spacer\">\n\t\t\t<div class=\"elementor-spacer-inner\"><\/div>\n\t\t<\/div>\n\t\t\t\t\t\t<\/div>\n\t\t\t\t<\/div>\n\t\t\t\t\t<\/div>\n\t\t<\/div>\n\t\t\t\t\t<\/div>\n\t\t<\/section>\n\t\t\t\t<section class=\"elementor-section elementor-top-section elementor-element elementor-element-5ec0034b scheme_default elementor-section-content-middle elementor-section-boxed elementor-section-height-default elementor-section-height-default sc_fly_static\" data-id=\"5ec0034b\" data-element_type=\"section\" data-settings=\"{&quot;background_background&quot;:&quot;classic&quot;}\">\n\t\t\t\t\t\t<div class=\"elementor-container elementor-column-gap-extended\">\n\t\t\t\t\t<div class=\"elementor-column elementor-col-50 elementor-top-column elementor-element elementor-element-6d84a561 sc_content_align_inherit sc_layouts_column_icons_position_left sc_fly_static\" data-id=\"6d84a561\" data-element_type=\"column\">\n\t\t\t<div class=\"elementor-widget-wrap elementor-element-populated\">\n\t\t\t\t\t\t<div class=\"elementor-element elementor-element-5d276d8c no-inner-padding sc_fly_static elementor-widget elementor-widget-trx_widget_slider\" data-id=\"5d276d8c\" data-element_type=\"widget\" id=\"controller-tools-1\" data-widget_type=\"trx_widget_slider.default\">\n\t\t\t\t<div class=\"elementor-widget-container\">\n\t\t\t\t\t<div id=\"controller-tools-1_sc\" class=\"widget_area sc_widget_slider\"><aside class=\"widget widget_slider\">\t\t\t<div class=\"slider_wrap slider_engine_swiper\">\n\t\t\t\t<div id=\"controller-tools-1_sc_swiper_outer\" class=\"slider_outer slider_swiper_outer slider_style_default slider_source_custom slider_outer_direction_horizontal slider_outer_one slider_outer_nopagination slider_outer_nocontrols slider_outer_nocentered slider_outer_overflow_hidden slider_outer_notitles slider_outer_height_auto\"><div id=\"controller-tools-1_sc_swiper\" class=\"slider_container slider_swiper swiper-slider-container slider_direction_horizontal slider_nopagination slider_one slider_type_bg slider_nocontrols slider_nocentered slider_overflow_hidden slider_notitles slider_resize slider_swipe slider_height_auto\" data-ratio=\"9:11\" data-interval=\"7000\" data-speed=\"600\" data-effect=\"fade\" data-pagination=\"bullets\" data-direction=\"horizontal\" data-slides-per-view=\"1\" data-slides-space=\"0\" data-slides-parallax=\"0\" data-slides-centered=\"0\" data-slides-overflow=\"0\" data-mouse-wheel=\"0\" data-autoplay=\"1\" data-loop=\"1\" data-free-mode=\"0\" data-slides-min-width=\"220\" data-slides-per-view-breakpoints=\"{&quot;767&quot;:1,&quot;1024&quot;:1,&quot;999999&quot;:1}\" data-slides-space-breakpoints=\"{&quot;999999&quot;:&quot;0&quot;}\"><div class=\"slider-wrapper swiper-wrapper\"><div  class=\"slider-slide swiper-slide\" data-image=\"\/\/pakruojoparketas.com\/wp-content\/uploads\/2025\/02\/pexels-digitalbuggu-218535-scaled.jpg\" data-title=\"Parquet manufacturing\" style=\"background-image:url(\/\/pakruojoparketas.com\/wp-content\/uploads\/2025\/02\/pexels-digitalbuggu-218535-scaled.jpg);\"><\/div><div  class=\"slider-slide swiper-slide\" data-image=\"\/\/pakruojoparketas.com\/wp-content\/uploads\/2025\/02\/chuttersnap-t33SZJ_ZboQ-unsplash-scaled.jpg\" data-title=\"Installation work\" style=\"background-image:url(\/\/pakruojoparketas.com\/wp-content\/uploads\/2025\/02\/chuttersnap-t33SZJ_ZboQ-unsplash-scaled.jpg);\"><\/div><div  class=\"slider-slide swiper-slide\" data-image=\"\/\/pakruojoparketas.com\/wp-content\/uploads\/2025\/02\/walter-lee-olivares-de-la-cruz-AYmH03TFd04-unsplash-scaled.jpg\" data-title=\"Floor renovation works\" style=\"background-image:url(\/\/pakruojoparketas.com\/wp-content\/uploads\/2025\/02\/walter-lee-olivares-de-la-cruz-AYmH03TFd04-unsplash-scaled.jpg);\"><\/div><\/div><\/div><\/div>\t\t\t<\/div>\n\t\t\t<\/aside><\/div>\t\t\t\t<\/div>\n\t\t\t\t<\/div>\n\t\t\t\t\t<\/div>\n\t\t<\/div>\n\t\t\t\t<div class=\"elementor-column elementor-col-50 elementor-top-column elementor-element elementor-element-41c9c9cc sc_content_align_inherit sc_layouts_column_icons_position_left sc_fly_static\" data-id=\"41c9c9cc\" data-element_type=\"column\">\n\t\t\t<div class=\"elementor-widget-wrap elementor-element-populated\">\n\t\t\t\t\t\t<div class=\"elementor-element elementor-element-7a0eb37c sc_fly_static elementor-widget elementor-widget-trx_sc_title\" data-id=\"7a0eb37c\" data-element_type=\"widget\" data-widget_type=\"trx_sc_title.default\">\n\t\t\t\t<div class=\"elementor-widget-container\">\n\t\t\t\t\t<div\t\tclass=\"sc_title sc_title_default\" ><span class=\"sc_item_subtitle sc_title_subtitle sc_item_subtitle_above sc_item_title_style_default\">What we do<\/span><h1 class=\"sc_item_title sc_title_title sc_item_title_style_default sc_item_title_tag\"\n\t\t\t><span class=\"sc_item_title_text\">We produce high quality parquet and wooden floors<\/span><\/h1><div class=\"sc_item_descr sc_title_descr\"><p>UAB \"Pakruojo parquet\" was established in 1996 in Petra\u0161i\u016bnai<br \/>settlement, Pakruojis district. The company produces oak, ash, birch<br \/>parquet, floorboards, mosaic parquet, skirting boards. <\/p>\n<\/div><\/div>\t\t\t\t<\/div>\n\t\t\t\t<\/div>\n\t\t\t\t<div class=\"elementor-element elementor-element-2d49efb8 sc_fly_static elementor-widget elementor-widget-spacer\" data-id=\"2d49efb8\" data-element_type=\"widget\" data-widget_type=\"spacer.default\">\n\t\t\t\t<div class=\"elementor-widget-container\">\n\t\t\t\t\t\t\t<div class=\"elementor-spacer\">\n\t\t\t<div class=\"elementor-spacer-inner\"><\/div>\n\t\t<\/div>\n\t\t\t\t\t\t<\/div>\n\t\t\t\t<\/div>\n\t\t\t\t<div class=\"elementor-element elementor-element-79a2da9b sc_fly_static elementor-widget elementor-widget-trx_sc_slider_controls\" data-id=\"79a2da9b\" data-element_type=\"widget\" data-widget_type=\"trx_sc_slider_controls.default\">\n\t\t\t\t<div class=\"elementor-widget-container\">\n\t\t\t\t\t<div class=\"sc_slider_controls sc_slider_controls_light slider_pagination_style_title sc_align_left\" data-slider-id=\"controller-tools-1\" data-style=\"light\" data-pagination-style=\"title\" data-pagination-html-tag=\"span\"><div class=\"slider_controls_wrap\"><div class=\"slider_pagination_wrap\"><\/div><\/div><\/div>\t\t\t\t<\/div>\n\t\t\t\t<\/div>\n\t\t\t\t\t<\/div>\n\t\t<\/div>\n\t\t\t\t\t<\/div>\n\t\t<\/section>\n\t\t\t\t<section class=\"elementor-section elementor-top-section elementor-element elementor-element-dde3ec7 scheme_default elementor-section-boxed elementor-section-height-default elementor-section-height-default sc_fly_static\" data-id=\"dde3ec7\" data-element_type=\"section\" data-settings=\"{&quot;background_background&quot;:&quot;classic&quot;}\">\n\t\t\t\t\t\t<div class=\"elementor-container elementor-column-gap-extended\">\n\t\t\t\t\t<div class=\"elementor-column elementor-col-100 elementor-top-column elementor-element elementor-element-1d420e3 sc_content_align_inherit sc_layouts_column_icons_position_left sc_fly_static\" data-id=\"1d420e3\" data-element_type=\"column\">\n\t\t\t<div class=\"elementor-widget-wrap elementor-element-populated\">\n\t\t\t\t\t\t<div class=\"elementor-element elementor-element-40ce5d0 sc_height_huge scheme_light sc_fly_static elementor-widget elementor-widget-spacer\" data-id=\"40ce5d0\" data-element_type=\"widget\" data-widget_type=\"spacer.default\">\n\t\t\t\t<div class=\"elementor-widget-container\">\n\t\t\t\t\t\t\t<div class=\"elementor-spacer\">\n\t\t\t<div class=\"elementor-spacer-inner\"><\/div>\n\t\t<\/div>\n\t\t\t\t\t\t<\/div>\n\t\t\t\t<\/div>\n\t\t\t\t\t<\/div>\n\t\t<\/div>\n\t\t\t\t\t<\/div>\n\t\t<\/section>\n\t\t\t\t<\/div>\n\t\t","protected":false},"excerpt":{"rendered":"<p>Contacts Questions? Contact us! Want more information? Contact us &#8211; we&#8217;ll be happy to answer your queries and help you find the best solutions! Stoties g. 21, Petra\u0161i\u016bn\u0173 k.LT-83477 Pakruojo&hellip;<\/p>\n","protected":false},"author":1,"featured_media":0,"parent":0,"menu_order":0,"comment_status":"closed","ping_status":"closed","template":"","meta":{"inline_featured_image":false,"footnotes":""},"class_list":["post-36191","page","type-page","status-publish","hentry"],"yoast_head":"<!-- This site is optimized with the Yoast SEO plugin v26.5 - https:\/\/yoast.com\/wordpress\/plugins\/seo\/ -->\n<title>Send enquiry - Pakruojo parketas<\/title>\n<meta name=\"robots\" content=\"noindex, nofollow\" \/>\n<meta property=\"og:locale\" content=\"en_US\" \/>\n<meta property=\"og:type\" content=\"article\" \/>\n<meta property=\"og:title\" content=\"Send enquiry - Pakruojo parketas\" \/>\n<meta property=\"og:description\" content=\"Contacts Questions? Contact us! Want more information? Contact us &#8211; we&#8217;ll be happy to answer your queries and help you find the best solutions! Stoties g. 21, Petra\u0161i\u016bn\u0173 k.LT-83477 Pakruojo&hellip;\" \/>\n<meta property=\"og:url\" content=\"https:\/\/pakruojoparketas.com\/siusti-uzklausa\/\" \/>\n<meta property=\"og:site_name\" content=\"Pakruojo parketas\" \/>\n<meta property=\"article:modified_time\" content=\"2025-12-16T16:42:17+00:00\" \/>\n<meta name=\"twitter:card\" content=\"summary_large_image\" \/>\n<script type=\"application\/ld+json\" class=\"yoast-schema-graph\">{\"@context\":\"https:\/\/schema.org\",\"@graph\":[{\"@type\":\"WebPage\",\"@id\":\"https:\/\/pakruojoparketas.com\/siusti-uzklausa\/\",\"url\":\"https:\/\/pakruojoparketas.com\/siusti-uzklausa\/\",\"name\":\"Send enquiry - Pakruojo parketas\",\"isPartOf\":{\"@id\":\"https:\/\/pakruojoparketas.com\/#website\"},\"datePublished\":\"2023-03-07T14:15:47+00:00\",\"dateModified\":\"2025-12-16T16:42:17+00:00\",\"breadcrumb\":{\"@id\":\"https:\/\/pakruojoparketas.com\/siusti-uzklausa\/#breadcrumb\"},\"inLanguage\":\"en-US\",\"potentialAction\":[{\"@type\":\"ReadAction\",\"target\":[\"https:\/\/pakruojoparketas.com\/siusti-uzklausa\/\"]}]},{\"@type\":\"BreadcrumbList\",\"@id\":\"https:\/\/pakruojoparketas.com\/siusti-uzklausa\/#breadcrumb\",\"itemListElement\":[{\"@type\":\"ListItem\",\"position\":1,\"name\":\"Home\",\"item\":\"https:\/\/pakruojoparketas.com\/en\/\"},{\"@type\":\"ListItem\",\"position\":2,\"name\":\"Send enquiry\"}]},{\"@type\":\"WebSite\",\"@id\":\"https:\/\/pakruojoparketas.com\/#website\",\"url\":\"https:\/\/pakruojoparketas.com\/\",\"name\":\"Pakruojo parketas\",\"description\":\"\",\"publisher\":{\"@id\":\"https:\/\/pakruojoparketas.com\/#organization\"},\"potentialAction\":[{\"@type\":\"SearchAction\",\"target\":{\"@type\":\"EntryPoint\",\"urlTemplate\":\"https:\/\/pakruojoparketas.com\/?s={search_term_string}\"},\"query-input\":{\"@type\":\"PropertyValueSpecification\",\"valueRequired\":true,\"valueName\":\"search_term_string\"}}],\"inLanguage\":\"en-US\"},{\"@type\":\"Organization\",\"@id\":\"https:\/\/pakruojoparketas.com\/#organization\",\"name\":\"Pakruojo parketas\",\"url\":\"https:\/\/pakruojoparketas.com\/\",\"logo\":{\"@type\":\"ImageObject\",\"inLanguage\":\"en-US\",\"@id\":\"https:\/\/pakruojoparketas.com\/#\/schema\/logo\/image\/\",\"url\":\"https:\/\/pakruojoparketas.com\/wp-content\/uploads\/2025\/02\/pixelcut-export-1.svg\",\"contentUrl\":\"https:\/\/pakruojoparketas.com\/wp-content\/uploads\/2025\/02\/pixelcut-export-1.svg\",\"width\":321,\"height\":284,\"caption\":\"Pakruojo parketas\"},\"image\":{\"@id\":\"https:\/\/pakruojoparketas.com\/#\/schema\/logo\/image\/\"}}]}<\/script>\n<!-- \/ Yoast SEO plugin. -->","yoast_head_json":{"title":"Send enquiry - Pakruojo parketas","robots":{"index":"noindex","follow":"nofollow"},"og_locale":"en_US","og_type":"article","og_title":"Send enquiry - Pakruojo parketas","og_description":"Contacts Questions? Contact us! Want more information? Contact us &#8211; we&#8217;ll be happy to answer your queries and help you find the best solutions! Stoties g. 21, Petra\u0161i\u016bn\u0173 k.LT-83477 Pakruojo&hellip;","og_url":"https:\/\/pakruojoparketas.com\/siusti-uzklausa\/","og_site_name":"Pakruojo parketas","article_modified_time":"2025-12-16T16:42:17+00:00","twitter_card":"summary_large_image","schema":{"@context":"https:\/\/schema.org","@graph":[{"@type":"WebPage","@id":"https:\/\/pakruojoparketas.com\/siusti-uzklausa\/","url":"https:\/\/pakruojoparketas.com\/siusti-uzklausa\/","name":"Send enquiry - Pakruojo parketas","isPartOf":{"@id":"https:\/\/pakruojoparketas.com\/#website"},"datePublished":"2023-03-07T14:15:47+00:00","dateModified":"2025-12-16T16:42:17+00:00","breadcrumb":{"@id":"https:\/\/pakruojoparketas.com\/siusti-uzklausa\/#breadcrumb"},"inLanguage":"en-US","potentialAction":[{"@type":"ReadAction","target":["https:\/\/pakruojoparketas.com\/siusti-uzklausa\/"]}]},{"@type":"BreadcrumbList","@id":"https:\/\/pakruojoparketas.com\/siusti-uzklausa\/#breadcrumb","itemListElement":[{"@type":"ListItem","position":1,"name":"Home","item":"https:\/\/pakruojoparketas.com\/en\/"},{"@type":"ListItem","position":2,"name":"Send enquiry"}]},{"@type":"WebSite","@id":"https:\/\/pakruojoparketas.com\/#website","url":"https:\/\/pakruojoparketas.com\/","name":"Pakruojo parketas","description":"","publisher":{"@id":"https:\/\/pakruojoparketas.com\/#organization"},"potentialAction":[{"@type":"SearchAction","target":{"@type":"EntryPoint","urlTemplate":"https:\/\/pakruojoparketas.com\/?s={search_term_string}"},"query-input":{"@type":"PropertyValueSpecification","valueRequired":true,"valueName":"search_term_string"}}],"inLanguage":"en-US"},{"@type":"Organization","@id":"https:\/\/pakruojoparketas.com\/#organization","name":"Pakruojo parketas","url":"https:\/\/pakruojoparketas.com\/","logo":{"@type":"ImageObject","inLanguage":"en-US","@id":"https:\/\/pakruojoparketas.com\/#\/schema\/logo\/image\/","url":"https:\/\/pakruojoparketas.com\/wp-content\/uploads\/2025\/02\/pixelcut-export-1.svg","contentUrl":"https:\/\/pakruojoparketas.com\/wp-content\/uploads\/2025\/02\/pixelcut-export-1.svg","width":321,"height":284,"caption":"Pakruojo parketas"},"image":{"@id":"https:\/\/pakruojoparketas.com\/#\/schema\/logo\/image\/"}}]}},"_links":{"self":[{"href":"https:\/\/pakruojoparketas.com\/en\/wp-json\/wp\/v2\/pages\/36191","targetHints":{"allow":["GET"]}}],"collection":[{"href":"https:\/\/pakruojoparketas.com\/en\/wp-json\/wp\/v2\/pages"}],"about":[{"href":"https:\/\/pakruojoparketas.com\/en\/wp-json\/wp\/v2\/types\/page"}],"author":[{"embeddable":true,"href":"https:\/\/pakruojoparketas.com\/en\/wp-json\/wp\/v2\/users\/1"}],"replies":[{"embeddable":true,"href":"https:\/\/pakruojoparketas.com\/en\/wp-json\/wp\/v2\/comments?post=36191"}],"version-history":[{"count":3,"href":"https:\/\/pakruojoparketas.com\/en\/wp-json\/wp\/v2\/pages\/36191\/revisions"}],"predecessor-version":[{"id":36625,"href":"https:\/\/pakruojoparketas.com\/en\/wp-json\/wp\/v2\/pages\/36191\/revisions\/36625"}],"wp:attachment":[{"href":"https:\/\/pakruojoparketas.com\/en\/wp-json\/wp\/v2\/media?parent=36191"}],"curies":[{"name":"wp","href":"https:\/\/api.w.org\/{rel}","templated":true}]}}